{"id":4562,"date":"2025-08-05T06:18:32","date_gmt":"2025-08-05T06:18:32","guid":{"rendered":"https:\/\/senjoro.lt\/?post_type=product&#038;p=4562"},"modified":"2026-04-13T10:06:21","modified_gmt":"2026-04-13T07:06:21","slug":"senjores-zitos-rankine","status":"publish","type":"product","link":"https:\/\/senjoro.lt\/ru\/product\/senjores-zitos-rankine\/","title":{"rendered":"\u0421\u0443\u043c\u043a\u0430 \u043f\u043e\u0436\u0438\u043b\u043e\u0439 \u0434\u0430\u043c\u044b \u0417\u0418\u0422\u042b"},"content":{"rendered":"<h5>\u0423\u0442\u043e\u043d\u0447\u0451\u043d\u043d\u0430\u044f, \u0441\u043c\u0435\u043b\u0430\u044f \u0438 \u044d\u043b\u0435\u0433\u0430\u043d\u0442\u043d\u0430\u044f \u2014 \u043a\u0430\u043a \u0438 \u0441\u0430\u043c\u0430 \u043f\u043e\u0436\u0438\u043b\u0430\u044f \u0434\u0430\u043c\u0430 \u0417\u0438\u0442\u0430. \u042d\u0442\u0430 \u0441\u0443\u043c\u043a\u0430 \u0438\u0434\u0435\u0430\u043b\u044c\u043d\u043e \u043f\u043e\u0434\u043e\u0439\u0434\u0451\u0442 \u0434\u043b\u044f \u043f\u043e\u0432\u0441\u0435\u0434\u043d\u0435\u0432\u043d\u043e\u0439 \u0436\u0438\u0437\u043d\u0438, \u0433\u0434\u0435 \u0432\u0430\u0436\u043d\u044b \u0438 \u044d\u0441\u0442\u0435\u0442\u0438\u043a\u0430, \u0438 \u043f\u0440\u0430\u043a\u0442\u0438\u0447\u043d\u043e\u0441\u0442\u044c.<\/h5>\n<p>&nbsp;<\/p>\n<h5>\u0417\u0438\u0442\u0430 \u2014 \u0441\u0438\u043c\u0432\u043e\u043b \u0445\u0430\u0440\u0438\u0437\u043c\u044b, \u0432\u044b\u0440\u0430\u0437\u0438\u0442\u0435\u043b\u044c\u043d\u043e\u0441\u0442\u0438 \u0438 \u0441\u0447\u0430\u0441\u0442\u043b\u0438\u0432\u043e\u0439 \u0436\u0438\u0437\u043d\u0438 \u0432 \u043f\u043e\u0436\u0438\u043b\u044b\u0435 \u0433\u043e\u0434\u044b. \u042d\u0442\u0430 \u0441\u0443\u043c\u043a\u0430 \u2014 \u043d\u0435 \u043f\u0440\u043e\u0441\u0442\u043e \u044d\u0444\u0444\u0435\u043a\u0442\u043d\u0430\u044f \u0434\u0435\u0442\u0430\u043b\u044c \u043e\u0431\u0440\u0430\u0437\u0430, \u0430 \u0442\u043e\u043d\u043a\u043e\u0435 \u043d\u0430\u043f\u043e\u043c\u0438\u043d\u0430\u043d\u0438\u0435 \u043e \u0442\u043e\u043c, \u0447\u0442\u043e \u0440\u0430\u0434\u043e\u0441\u0442\u044c \u0436\u0438\u0437\u043d\u0438 \u043d\u0435 \u0437\u0430\u0432\u0438\u0441\u0438\u0442 \u043e\u0442 \u0432\u043e\u0437\u0440\u0430\u0441\u0442\u0430.<\/h5>\n<p>&nbsp;<\/p>\n<p><span style=\"color: #808080;\">\u2014 \u0420\u0430\u0437\u043c\u0435\u0440\u044b: 33 \u00d7 40 \u00d7 6 \u0441\u043c<\/span><\/p>\n<p><span style=\"color: #808080;\">\u2014 \u041c\u0430\u0442\u0435\u0440\u0438\u0430\u043b: \u043c\u044f\u0433\u043a\u0438\u0439 \u0432\u0435\u043b\u044e\u0440, \u0434\u043e\u043f\u0443\u0441\u043a\u0430\u0435\u0442\u0441\u044f \u0441\u0442\u0438\u0440\u043a\u0430 \u043f\u0440\u0438 30 \u00b0C<\/span><\/p>\n<p><span style=\"color: #808080;\">\u2014 \u0417\u0430\u0441\u0442\u0451\u0436\u043a\u0430: \u043c\u043e\u043b\u043d\u0438\u044f.<\/span><\/p>\n<p>&nbsp;<\/p>\n<p><em>\u0421\u0443\u043c\u043a\u0438 \u0441\u043e\u0437\u0434\u0430\u043d\u044b \u0432 \u0441\u043e\u0442\u0440\u0443\u0434\u043d\u0438\u0447\u0435\u0441\u0442\u0432\u0435 \u0441 \u0445\u0443\u0434\u043e\u0436\u043d\u0438\u0446\u0435\u0439 \u00abGarbanota\u00bb.<\/em><\/p>\n<div class=\"elementor-element elementor-element-5c6edec elementor-widget elementor-widget-woocommerce-product-content\" data-id=\"5c6edec\" data-element_type=\"widget\" data-widget_type=\"woocommerce-product-content.default\">\n<div class=\"elementor-widget-container\">\n<p><em><strong>\u041f\u043e\u0434\u0433\u043e\u0442\u043e\u0432\u043a\u0430 \u0438 \u043e\u0442\u043f\u0440\u0430\u0432\u043a\u0430 \u0437\u0430\u043a\u0430\u0437\u0430 \u043e\u0441\u0443\u0449\u0435\u0441\u0442\u0432\u043b\u044f\u0435\u0442\u0441\u044f \u0432 \u0442\u0435\u0447\u0435\u043d\u0438\u0435 1\u20132 \u0440\u0430\u0431\u043e\u0447\u0438\u0445 \u0434\u043d\u0435\u0439.<\/strong><\/em><\/p>\n<\/div>\n<\/div>\n<div class=\"elementor-element elementor-element-2cd1ed6 e-grid e-con-full e-con e-child\" data-id=\"2cd1ed6\" data-element_type=\"container\">\n<div class=\"elementor-element elementor-element-fa7c04c elementor-widget elementor-widget-woocommerce-product-price\" data-id=\"fa7c04c\" data-element_type=\"widget\" data-widget_type=\"woocommerce-product-price.default\">\n<div class=\"elementor-widget-container\"><\/div>\n<\/div>\n<\/div>","protected":false},"excerpt":{"rendered":"<p>Rafinuota, dr\u0105si ir eleganti\u0161ka \u2013 kaip ir pati Senjor\u0117 Zita. Rankin\u0117 puikiai tiks kasdienai, kurioje norisi ir estetikos, ir prakti\u0161kumo. &nbsp; Zita \u2013 charizmati\u0161kumo, i\u0161rai\u0161kingumo ir pozityvios senatv\u0117s simbolis. \u0160i rankin\u0117 \u2013 ne tik\u00a0 puiki stiliaus detal\u0117, bet ir subtilus priminimas, kad gyvenimo d\u017eiaugsmas nepriklauso nuo met\u0173 skai\u010diaus. &nbsp; \u2013 Matmenys: 33 \u00d7 40 \u00d7<\/p>","protected":false},"featured_media":4569,"comment_status":"closed","ping_status":"closed","template":"","meta":{"inline_featured_image":false},"product_brand":[],"product_cat":[34],"product_tag":[],"class_list":{"0":"post-4562","1":"product","2":"type-product","3":"status-publish","4":"has-post-thumbnail","6":"product_cat-be-kategorijos","8":"first","9":"instock","10":"shipping-taxable","11":"purchasable","12":"product-type-simple"},"_links":{"self":[{"href":"https:\/\/senjoro.lt\/ru\/wp-json\/wp\/v2\/product\/4562","targetHints":{"allow":["GET"]}}],"collection":[{"href":"https:\/\/senjoro.lt\/ru\/wp-json\/wp\/v2\/product"}],"about":[{"href":"https:\/\/senjoro.lt\/ru\/wp-json\/wp\/v2\/types\/product"}],"replies":[{"embeddable":true,"href":"https:\/\/senjoro.lt\/ru\/wp-json\/wp\/v2\/comments?post=4562"}],"wp:featuredmedia":[{"embeddable":true,"href":"https:\/\/senjoro.lt\/ru\/wp-json\/wp\/v2\/media\/4569"}],"wp:attachment":[{"href":"https:\/\/senjoro.lt\/ru\/wp-json\/wp\/v2\/media?parent=4562"}],"wp:term":[{"taxonomy":"product_brand","embeddable":true,"href":"https:\/\/senjoro.lt\/ru\/wp-json\/wp\/v2\/product_brand?post=4562"},{"taxonomy":"product_cat","embeddable":true,"href":"https:\/\/senjoro.lt\/ru\/wp-json\/wp\/v2\/product_cat?post=4562"},{"taxonomy":"product_tag","embeddable":true,"href":"https:\/\/senjoro.lt\/ru\/wp-json\/wp\/v2\/product_tag?post=4562"}],"curies":[{"name":"wp","href":"https:\/\/api.w.org\/{rel}","templated":true}]}}