{"id":4561,"date":"2025-08-05T06:18:32","date_gmt":"2025-08-05T06:18:32","guid":{"rendered":"https:\/\/senjoro.lt\/?post_type=product&#038;p=4561"},"modified":"2026-04-08T14:03:50","modified_gmt":"2026-04-08T11:03:50","slug":"pokalbiu-korteles-spalvoti-kartu-pokalbiai","status":"publish","type":"product","link":"https:\/\/senjoro.lt\/ru\/product\/pokalbiu-korteles-spalvoti-kartu-pokalbiai\/","title":{"rendered":"\u041a\u0430\u0440\u0442\u043e\u0447\u043a\u0438 \u0434\u043b\u044f \u0431\u0435\u0441\u0435\u0434 \u00ab\u0426\u0432\u0435\u0442\u043d\u044b\u0435 \u0440\u0430\u0437\u0433\u043e\u0432\u043e\u0440\u044b \u043f\u043e\u043a\u043e\u043b\u0435\u043d\u0438\u0439\u00bb"},"content":{"rendered":"<p>\u041a\u0430\u0440\u0442\u043e\u0447\u043a\u0438\u00a0<strong>\u00ab\u0426\u0432\u0435\u0442\u043d\u044b\u0435 \u0440\u0430\u0437\u0433\u043e\u0432\u043e\u0440\u044b \u043f\u043e\u043a\u043e\u043b\u0435\u043d\u0438\u0439\u00bb<\/strong>\u00a0\u2014 \u044d\u0442\u043e \u043f\u0440\u0438\u0433\u043b\u0430\u0448\u0435\u043d\u0438\u0435 \u043a \u0441\u043e\u0437\u0434\u0430\u043d\u0438\u044e \u0441\u043e\u0434\u0435\u0440\u0436\u0430\u0442\u0435\u043b\u044c\u043d\u043e\u0433\u043e \u0434\u0438\u0430\u043b\u043e\u0433\u0430 \u043c\u0435\u0436\u0434\u0443 \u0440\u0430\u0437\u043d\u044b\u043c\u0438 \u043f\u043e\u043a\u043e\u043b\u0435\u043d\u0438\u044f\u043c\u0438: \u043f\u043e\u0436\u0438\u043b\u044b\u043c\u0438 \u043b\u044e\u0434\u044c\u043c\u0438, \u0438\u0445 \u0434\u0435\u0442\u044c\u043c\u0438 \u0438 \u0432\u043d\u0443\u043a\u0430\u043c\u0438. \u041c\u043b\u0430\u0434\u0448\u0438\u0435 \u0447\u043b\u0435\u043d\u044b \u0441\u0435\u043c\u044c\u0438 \u0441\u043c\u043e\u0433\u0443\u0442 \u0432\u0437\u0433\u043b\u044f\u043d\u0443\u0442\u044c \u043d\u0430 \u0441\u0432\u043e\u0438\u0445 \u0440\u043e\u0434\u0438\u0442\u0435\u043b\u0435\u0439 \u0438 \u0431\u0430\u0431\u0443\u0448\u0435\u043a \u0441 \u0434\u0435\u0434\u0443\u0448\u043a\u0430\u043c\u0438 \u043f\u043e\u0434 \u043d\u043e\u0432\u044b\u043c \u0443\u0433\u043b\u043e\u043c. \u0412 \u0442\u043e \u0436\u0435 \u0432\u0440\u0435\u043c\u044f \u0441\u0442\u0430\u0440\u0448\u0435\u0435 \u043f\u043e\u043a\u043e\u043b\u0435\u043d\u0438\u0435 \u043e\u0442\u043a\u0440\u043e\u0435\u0442 \u0434\u043b\u044f \u0441\u0435\u0431\u044f \u0431\u043e\u043b\u0435\u0435 \u0440\u0430\u0437\u043d\u043e\u043e\u0431\u0440\u0430\u0437\u043d\u044b\u0435 \u0438 \u0442\u043e\u0447\u043d\u044b\u0435 \u0432\u043e\u043f\u0440\u043e\u0441\u044b, \u043a\u043e\u0442\u043e\u0440\u044b\u0435 \u043f\u043e\u043c\u043e\u0433\u0443\u0442 \u043f\u043e\u0433\u0440\u0443\u0437\u0438\u0442\u044c\u0441\u044f \u0432 \u0438\u043d\u0442\u0435\u0440\u0435\u0441\u043d\u044b\u0439 \u0438 \u0438\u0441\u043a\u0440\u0435\u043d\u043d\u0438\u0439 \u0440\u0430\u0437\u0433\u043e\u0432\u043e\u0440 \u0441 \u0434\u0435\u0442\u044c\u043c\u0438 \u0438 \u0432\u043d\u0443\u043a\u0430\u043c\u0438. \u0412\u043e\u043f\u0440\u043e\u0441\u044b \u0437\u0430\u0442\u0440\u0430\u0433\u0438\u0432\u0430\u044e\u0442 \u0441\u0430\u043c\u044b\u0435 \u0440\u0430\u0437\u043d\u044b\u0435 \u0442\u0435\u043c\u044b \u2014 \u043e\u0442 \u043f\u0440\u0438\u043a\u043b\u044e\u0447\u0435\u043d\u0438\u0439 \u043f\u0440\u043e\u0448\u043b\u043e\u0433\u043e, \u0441\u0435\u043c\u0435\u0439\u043d\u044b\u0445 \u0438\u0441\u0442\u043e\u0440\u0438\u0439 \u0438 \u0436\u0438\u0437\u043d\u0435\u043d\u043d\u044b\u0445 \u0438\u0441\u043f\u044b\u0442\u0430\u043d\u0438\u0439 \u0434\u043e \u043d\u043e\u0441\u0442\u0430\u043b\u044c\u0433\u0438\u0447\u0435\u0441\u043a\u0438\u0445 \u0432\u043e\u0441\u043f\u043e\u043c\u0438\u043d\u0430\u043d\u0438\u0439, \u0447\u0443\u0432\u0441\u0442\u0432 \u043d\u0430\u0441\u0442\u043e\u044f\u0449\u0435\u0433\u043e, \u043c\u0435\u0447\u0442\u0430\u043d\u0438\u0439 \u0438 \u043c\u043d\u043e\u0433\u043e\u0433\u043e \u0434\u0440\u0443\u0433\u043e\u0433\u043e.<\/p>\n<p><em>\u041a\u0430\u0440\u0442\u043e\u0447\u043a\u0438 \u0441\u043e\u0437\u0434\u0430\u043d\u044b \u0434\u043b\u044f \u0442\u043e\u0433\u043e, \u0447\u0442\u043e\u0431\u044b \u043e\u0442\u043a\u0440\u044b\u0442\u044c \u043d\u0435\u0440\u0430\u0441\u0441\u043a\u0430\u0437\u0430\u043d\u043d\u044b\u0435 \u0438\u0441\u0442\u043e\u0440\u0438\u0438 \u043f\u043e\u0436\u0438\u043b\u044b\u0445 \u043b\u044e\u0434\u0435\u0439, \u043d\u043e \u043f\u0440\u0438 \u044d\u0442\u043e\u043c \u043e\u043d\u0438 \u043f\u0440\u0435\u043a\u0440\u0430\u0441\u043d\u043e \u043f\u043e\u0434\u0445\u043e\u0434\u044f\u0442 \u0438 \u0434\u043b\u044f \u0431\u0435\u0441\u0435\u0434 \u043c\u0435\u0436\u0434\u0443 \u043f\u0440\u0435\u0434\u0441\u0442\u0430\u0432\u0438\u0442\u0435\u043b\u044f\u043c\u0438 \u0431\u043e\u043b\u0435\u0435 \u043c\u043e\u043b\u043e\u0434\u044b\u0445 \u043f\u043e\u043a\u043e\u043b\u0435\u043d\u0438\u0439.<\/em><\/p>\n<p>&nbsp;<\/p>\n<p><strong>\u0412 \u043a\u043e\u0440\u043e\u0431\u043a\u0435 \u0432\u044b \u043d\u0430\u0439\u0434\u0451\u0442\u0435 100 \u043a\u0430\u0440\u0442\u043e\u0447\u0435\u043a:<\/strong><\/p>\n<p>&nbsp;<\/p>\n<p><strong>50 \u043a\u0430\u0440\u0442\u043e\u0447\u0435\u043a \u0441 \u043e\u0431\u0440\u0430\u0442\u043d\u043e\u0439 \u0441\u0442\u043e\u0440\u043e\u043d\u043e\u0439 \u043c\u044f\u0442\u043d\u043e\u0433\u043e \u0446\u0432\u0435\u0442\u0430 \u043f\u0440\u0435\u0434\u043d\u0430\u0437\u043d\u0430\u0447\u0435\u043d\u044b<\/strong>\u00a0\u0434\u043b\u044f \u0441\u0442\u0430\u0440\u0448\u0435\u0433\u043e \u043f\u043e\u043a\u043e\u043b\u0435\u043d\u0438\u044f. \u042d\u0442\u043e \u0432\u043e\u043f\u0440\u043e\u0441\u044b, \u043a\u043e\u0442\u043e\u0440\u044b\u0435 \u043e\u043d\u0438 \u043c\u043e\u0433\u0443\u0442 \u0437\u0430\u0434\u0430\u0432\u0430\u0442\u044c \u0441\u0432\u043e\u0438\u043c \u0434\u0435\u0442\u044f\u043c \u0438 \u0432\u043d\u0443\u043a\u0430\u043c.<\/p>\n<p>&nbsp;<\/p>\n<p><strong>50 \u043a\u0430\u0440\u0442\u043e\u0447\u0435\u043a \u0441 \u043e\u0440\u0430\u043d\u0436\u0435\u0432\u043e\u0439 \u043e\u0431\u0440\u0430\u0442\u043d\u043e\u0439 \u0441\u0442\u043e\u0440\u043e\u043d\u043e\u0439 \u043f\u0440\u0435\u0434\u043d\u0430\u0437\u043d\u0430\u0447\u0435\u043d\u044b<\/strong>\u00a0\u0434\u043b\u044f \u043c\u043b\u0430\u0434\u0448\u0435\u0433\u043e \u043f\u043e\u043a\u043e\u043b\u0435\u043d\u0438\u044f. \u042d\u0442\u0438 \u0432\u043e\u043f\u0440\u043e\u0441\u044b \u043f\u043e\u043c\u043e\u0433\u0443\u0442 \u0440\u0430\u0441\u043a\u0440\u044b\u0442\u044c \u0438\u0441\u0442\u043e\u0440\u0438\u0438 \u0431\u0430\u0431\u0443\u0448\u0435\u043a, \u0434\u0435\u0434\u0443\u0448\u0435\u043a \u0438 \u0440\u043e\u0434\u0438\u0442\u0435\u043b\u0435\u0439.<\/p>\n<p>&nbsp;<\/p>\n<p>\u042d\u0442\u0438 \u043a\u0430\u0440\u0442\u043e\u0447\u043a\u0438 \u044f\u0432\u043b\u044f\u044e\u0442\u0441\u044f \u0447\u0430\u0441\u0442\u044c\u044e \u0441\u043e\u0446\u0438\u0430\u043b\u044c\u043d\u043e\u0439 \u043a\u0430\u043c\u043f\u0430\u043d\u0438\u0438, \u043d\u0430\u043f\u0440\u0430\u0432\u043b\u0435\u043d\u043d\u043e\u0439 \u043d\u0430 \u043f\u043e\u043e\u0449\u0440\u0435\u043d\u0438\u0435 \u0434\u0438\u0430\u043b\u043e\u0433\u0430 \u043c\u0435\u0436\u0434\u0443 \u043f\u043e\u043a\u043e\u043b\u0435\u043d\u0438\u044f\u043c\u0438. \u041f\u043e\u0434\u0440\u043e\u0431\u043d\u0435\u0435 \u043e\u0431 \u044d\u0442\u043e\u0439 \u0441\u043e\u0446\u0438\u0430\u043b\u044c\u043d\u043e\u0439 \u043a\u0430\u043c\u043f\u0430\u043d\u0438\u0438 \u0432\u044b \u043c\u043e\u0436\u0435\u0442\u0435 \u0443\u0437\u043d\u0430\u0442\u044c <a href=\"https:\/\/senjoro.lt\/ru\/2024\/03\/20\/ar-gerai-pazistate-savo-mociute-arba-seneli-socialine-kampanija-kviecia-i-senjorus-pazvelgti-kitomis-akimis\/\">\u0437\u0434\u0435\u0441\u044c. <\/a><\/p>\n<p><em><strong>\u041f\u043e\u0434\u0433\u043e\u0442\u043e\u0432\u043a\u0430 \u0438 \u043e\u0442\u043f\u0440\u0430\u0432\u043a\u0430 \u0437\u0430\u043a\u0430\u0437\u0430 \u043e\u0441\u0443\u0449\u0435\u0441\u0442\u0432\u043b\u044f\u0435\u0442\u0441\u044f \u0432 \u0442\u0435\u0447\u0435\u043d\u0438\u0435 1\u20132 \u0440\u0430\u0431\u043e\u0447\u0438\u0445 \u0434\u043d\u0435\u0439.<\/strong><\/em><\/p>","protected":false},"excerpt":{"rendered":"<p>Kortel\u0117s\u00a0\u201eSpalvoti kart\u0173 pokalbiai\u201c\u00a0\u2013 tai kvietimas kurti turining\u0105 dialog\u0105 tarp skirting\u0173 kart\u0173 \u2013 senjor\u0173 bei j\u0173 vaik\u0173 ir an\u016bk\u0173. Jaunesni \u0161eimos nariai gal\u0117s kitomis akimis pa\u017evelgti \u012f savo t\u0117vus bei senelius. Tuo tarpu vyresn\u0117 karta \u2013 atrasti \u012fvairesni\u0173 ir taiklesni\u0173 klausim\u0173, leisian\u010di\u0173 pasinerti \u012f \u012fdom\u0173 pokalb\u012f su vaikais ir an\u016bkais.\u00a0Klausimai palie\u010dia \u012fvairias temas \u2013 nuo praeities<\/p>","protected":false},"featured_media":4565,"comment_status":"closed","ping_status":"closed","template":"","meta":{"inline_featured_image":false},"product_brand":[],"product_cat":[34],"product_tag":[],"class_list":{"0":"post-4561","1":"product","2":"type-product","3":"status-publish","4":"has-post-thumbnail","6":"product_cat-be-kategorijos","8":"first","9":"instock","10":"shipping-taxable","11":"purchasable","12":"product-type-simple"},"_links":{"self":[{"href":"https:\/\/senjoro.lt\/ru\/wp-json\/wp\/v2\/product\/4561","targetHints":{"allow":["GET"]}}],"collection":[{"href":"https:\/\/senjoro.lt\/ru\/wp-json\/wp\/v2\/product"}],"about":[{"href":"https:\/\/senjoro.lt\/ru\/wp-json\/wp\/v2\/types\/product"}],"replies":[{"embeddable":true,"href":"https:\/\/senjoro.lt\/ru\/wp-json\/wp\/v2\/comments?post=4561"}],"wp:featuredmedia":[{"embeddable":true,"href":"https:\/\/senjoro.lt\/ru\/wp-json\/wp\/v2\/media\/4565"}],"wp:attachment":[{"href":"https:\/\/senjoro.lt\/ru\/wp-json\/wp\/v2\/media?parent=4561"}],"wp:term":[{"taxonomy":"product_brand","embeddable":true,"href":"https:\/\/senjoro.lt\/ru\/wp-json\/wp\/v2\/product_brand?post=4561"},{"taxonomy":"product_cat","embeddable":true,"href":"https:\/\/senjoro.lt\/ru\/wp-json\/wp\/v2\/product_cat?post=4561"},{"taxonomy":"product_tag","embeddable":true,"href":"https:\/\/senjoro.lt\/ru\/wp-json\/wp\/v2\/product_tag?post=4561"}],"curies":[{"name":"wp","href":"https:\/\/api.w.org\/{rel}","templated":true}]}}