{"id":7413,"date":"2026-03-30T09:09:51","date_gmt":"2026-03-30T06:09:51","guid":{"rendered":"https:\/\/senjoro.lt\/?page_id=7413"},"modified":"2026-04-15T18:01:28","modified_gmt":"2026-04-15T15:01:28","slug":"individualios-prieziuros-darbuotojas-vilniuje","status":"publish","type":"page","link":"https:\/\/senjoro.lt\/ru\/individualios-prieziuros-darbuotojas-vilniuje\/","title":{"rendered":"\u0421\u043e\u0446\u0438\u0430\u043b\u044c\u043d\u044b\u0439 \u0440\u0430\u0431\u043e\u0442\u043d\u0438\u043a \u0432 \u0412\u0438\u043b\u044c\u043d\u044e\u0441\u0435"},"content":{"rendered":"<div data-elementor-type=\"wp-page\" data-elementor-id=\"7413\" class=\"elementor elementor-7413\" data-elementor-post-type=\"page\">\n\t\t\t\t<div class=\"elementor-element elementor-element-5583a186 e-con-full e-flex e-con e-parent\" data-id=\"5583a186\" data-element_type=\"container\">\n\t\t\t\t<div class=\"elementor-element elementor-element-227491f5 elementor-widget elementor-widget-heading\" data-id=\"227491f5\" data-element_type=\"widget\" data-widget_type=\"heading.default\">\n\t\t\t\t<div class=\"elementor-widget-container\">\n\t\t\t\t\t<h2 class=\"elementor-heading-title elementor-size-default\">\u0421\u043e\u0446\u0438\u0430\u043b\u044c\u043d\u044b\u0439 \u0440\u0430\u0431\u043e\u0442\u043d\u0438\u043a \u0432 \u0412\u0438\u043b\u044c\u043d\u044e\u0441\u0435<\/h2>\t\t\t\t<\/div>\n\t\t\t\t<\/div>\n\t\t\t\t<\/div>\n\t\t<div class=\"elementor-element elementor-element-2b54e527 e-con-full e-flex e-con e-parent\" data-id=\"2b54e527\" data-element_type=\"container\">\n\t\t\t\t<div class=\"elementor-element elementor-element-5c96bdcd elementor-widget elementor-widget-text-editor\" data-id=\"5c96bdcd\" data-element_type=\"widget\" data-widget_type=\"text-editor.default\">\n\t\t\t\t<div class=\"elementor-widget-container\">\n\t\t\t\t\t\t\t\t\t<div><div class=\"mt-5\"><h3><span style=\"color: #000000;\"><strong>\u041e\u043f\u0438\u0441\u0430\u043d\u0438\u0435 \u0440\u0430\u0431\u043e\u0442\u044b<\/strong><\/span><\/h3><p><span style=\"color: #000000;\"><strong>\u00a0<\/strong><\/span><\/p><p><span style=\"color: #000000;\">\u041e\u0440\u0433\u0430\u043d\u0438\u0437\u0430\u0446\u0438\u044f SENJORO \u043f\u0440\u0435\u0434\u043e\u0441\u0442\u0430\u0432\u043b\u044f\u0435\u0442 \u0441\u043e\u0446\u0438\u0430\u043b\u044c\u043d\u044b\u0435 \u0443\u0441\u043b\u0443\u0433\u0438 \u0431\u043e\u043b\u0435\u0435 \u0447\u0435\u043c 2500 \u043f\u043e\u0436\u0438\u043b\u044b\u043c \u043b\u044e\u0434\u044f\u043c \u2014 \u043f\u043e\u043c\u043e\u0449\u044c \u043d\u0430 \u0434\u043e\u043c\u0443 \u0438 \u0434\u043d\u0435\u0432\u043d\u043e\u0439 \u0441\u043e\u0446\u0438\u0430\u043b\u044c\u043d\u044b\u0439 \u0443\u0445\u043e\u0434 \u2014 \u0432 34 \u043c\u0443\u043d\u0438\u0446\u0438\u043f\u0430\u043b\u0438\u0442\u0435\u0442\u0430\u0445 \u041b\u0438\u0442\u0432\u044b. \u041c\u044b \u043f\u043e\u0441\u0442\u043e\u044f\u043d\u043d\u043e \u0440\u0430\u0441\u0442\u0451\u043c \u0438 \u0432\u043c\u0435\u0441\u0442\u0435 \u0441 \u043a\u043e\u043c\u0430\u043d\u0434\u043e\u0439 \u0438\u0437 \u0431\u043e\u043b\u0435\u0435 \u0447\u0435\u043c 500 \u0441\u043e\u0442\u0440\u0443\u0434\u043d\u0438\u043a\u043e\u0432 \u0441\u0442\u0440\u0435\u043c\u0438\u043c\u0441\u044f \u0441\u0434\u0435\u043b\u0430\u0442\u044c \u043f\u043e\u0437\u0438\u0442\u0438\u0432\u043d\u0443\u044e \u0441\u0442\u0430\u0440\u043e\u0441\u0442\u044c \u043f\u043e\u0432\u0441\u0435\u0434\u043d\u0435\u0432\u043d\u043e\u0439 \u0440\u0435\u0430\u043b\u044c\u043d\u043e\u0441\u0442\u044c\u044e \u0434\u043b\u044f \u0432\u0441\u0435\u0445 \u043f\u043e\u0436\u0438\u043b\u044b\u0445 \u043b\u044e\u0434\u0435\u0439 \u041b\u0438\u0442\u0432\u044b.<\/span><\/p><p><span style=\"color: #000000;\">\u041f\u0440\u0438\u0433\u043b\u0430\u0448\u0430\u0435\u043c \u043f\u0440\u0438\u0441\u043e\u0435\u0434\u0438\u043d\u0438\u0442\u044c\u0441\u044f \u043a \u043d\u0430\u0448\u0435\u0439 \u043a\u043e\u043c\u0430\u043d\u0434\u0435 \u0440\u0430\u0431\u043e\u0442\u043d\u0438\u043a\u043e\u0432 \u0438\u043d\u0434\u0438\u0432\u0438\u0434\u0443\u0430\u043b\u044c\u043d\u043e\u0433\u043e \u0443\u0445\u043e\u0434\u0430! \u041c\u044b \u0438\u0449\u0435\u043c \u044d\u043c\u043f\u0430\u0442\u0438\u0447\u043d\u044b\u0445 \u0438 \u044d\u043d\u0435\u0440\u0433\u0438\u0447\u043d\u044b\u0445 \u043b\u044e\u0434\u0435\u0439, \u043a\u043e\u0442\u043e\u0440\u044b\u0435 \u0431\u0443\u0434\u0443\u0442 \u043f\u043e\u0441\u0435\u0449\u0430\u0442\u044c \u043f\u043e\u0436\u0438\u043b\u044b\u0445 \u043b\u044e\u0434\u0435\u0439 \u0443 \u043d\u0438\u0445 \u0434\u043e\u043c\u0430 \u0432 \u0412\u0438\u043b\u044c\u043d\u044e\u0441\u0435 \u0438 \u0412\u0438\u043b\u044c\u043d\u044e\u0441\u0441\u043a\u043e\u043c \u0440\u0430\u0439\u043e\u043d\u0435.<\/span><\/p><p><span style=\"color: #000000;\">\u00a0<\/span><\/p><h3><span style=\"color: #000000;\"><strong>\u041e\u0431\u044f\u0437\u0430\u043d\u043d\u043e\u0441\u0442\u0438:<\/strong><\/span><\/h3><p>\u00a0<\/p><p><span style=\"color: #000000;\">\u0423\u0445\u043e\u0434 \u0437\u0430 \u043f\u043e\u0436\u0438\u043b\u044b\u043c\u0438 \u043b\u044e\u0434\u044c\u043c\u0438 \u043d\u0430 \u0434\u043e\u043c\u0443: \u043f\u043e\u043c\u043e\u0449\u044c \u0432 \u0431\u044b\u0442\u0443, \u0437\u0430\u0431\u043e\u0442\u0430 \u043e \u043b\u0438\u0447\u043d\u043e\u0439 \u0433\u0438\u0433\u0438\u0435\u043d\u0435, \u043f\u043e\u0434\u0434\u0435\u0440\u0436\u043a\u0430 \u0441\u043e\u0446\u0438\u0430\u043b\u044c\u043d\u044b\u0445 \u0438 \u043b\u0438\u0447\u043d\u043e\u0441\u0442\u043d\u044b\u0445 \u043f\u043e\u0442\u0440\u0435\u0431\u043d\u043e\u0441\u0442\u0435\u0439, \u043e\u0431\u0449\u0435\u043d\u0438\u0435 \u0438 \u0432\u043d\u0438\u043c\u0430\u043d\u0438\u0435.<\/span><\/p><p><span style=\"color: #000000;\">\u00a0<\/span><\/p><\/div><\/div><h3 class=\"text-xl font-bold\"><span style=\"color: #000000;\">\u0422\u0440\u0435\u0431\u043e\u0432\u0430\u043d\u0438\u044f:<\/span><\/h3><p><span style=\"color: #000000;\">\u00a0<\/span><\/p><ul><li class=\"text-xl font-bold\"><p><span style=\"font-size: 16px; color: #000000;\">\u041d\u0430\u043b\u0438\u0447\u0438\u0435 \u0441\u0432\u0438\u0434\u0435\u0442\u0435\u043b\u044c\u0441\u0442\u0432\u0430 \u043e \u043f\u0440\u043e\u0445\u043e\u0436\u0434\u0435\u043d\u0438\u0438 \u0432\u0432\u043e\u0434\u043d\u043e\u0433\u043e \u043e\u0431\u0443\u0447\u0435\u043d\u0438\u044f (40 \u0430\u043a\u0430\u0434\u0435\u043c\u0438\u0447\u0435\u0441\u043a\u0438\u0445 \u0447\u0430\u0441\u043e\u0432) \u043f\u043e \u0441\u043f\u0435\u0446\u0438\u0430\u043b\u044c\u043d\u043e\u0441\u0442\u0438 \u0440\u0430\u0431\u043e\u0442\u043d\u0438\u043a\u0430 \u0438\u043d\u0434\u0438\u0432\u0438\u0434\u0443\u0430\u043b\u044c\u043d\u043e\u0433\u043e \u0443\u0445\u043e\u0434\u0430 \u0438\u043b\u0438 \u043f\u043e\u043c\u043e\u0449\u043d\u0438\u043a\u0430 \u0441\u043e\u0446\u0438\u0430\u043b\u044c\u043d\u043e\u0433\u043e \u0440\u0430\u0431\u043e\u0442\u043d\u0438\u043a\u0430, \u043b\u0438\u0431\u043e \u0433\u043e\u0442\u043e\u0432\u043d\u043e\u0441\u0442\u044c \u0435\u0433\u043e \u043f\u043e\u043b\u0443\u0447\u0438\u0442\u044c.<\/span><\/p><\/li><li class=\"text-xl font-bold\"><p><span style=\"color: #000000;\">\u041a\u043e\u043c\u043c\u0443\u043d\u0438\u043a\u0430\u0431\u0435\u043b\u044c\u043d\u043e\u0441\u0442\u044c, \u0438\u0441\u043a\u0440\u0435\u043d\u043d\u043e\u0441\u0442\u044c, \u043e\u0442\u0432\u0435\u0442\u0441\u0442\u0432\u0435\u043d\u043d\u043e\u0441\u0442\u044c, \u0442\u0435\u0440\u043f\u0435\u043d\u0438\u0435, \u044d\u043c\u043f\u0430\u0442\u0438\u044f, \u0443\u043c\u0435\u043d\u0438\u0435 \u0441\u043f\u0440\u0430\u0432\u043b\u044f\u0442\u044c\u0441\u044f \u0441\u043e \u0441\u0442\u0440\u0435\u0441\u0441\u043e\u0432\u044b\u043c\u0438 \u0441\u0438\u0442\u0443\u0430\u0446\u0438\u044f\u043c\u0438, \u0433\u0438\u0431\u043a\u043e\u0441\u0442\u044c.<\/span><\/p><\/li><\/ul><h3>\u00a0<\/h3><h3 class=\"text-xl font-bold\"><span style=\"color: #000000;\">\u041c\u044b \u043f\u0440\u0435\u0434\u043b\u0430\u0433\u0430\u0435\u043c:<\/span><\/h3><p>\u00a0<\/p><ul><li><p><strong><span style=\"color: #000000;\">\u0417\u0430\u0440\u0430\u0431\u043e\u0442\u043d\u0430\u044f \u043f\u043b\u0430\u0442\u0430: 8.5 \u2013 9.5 \u20ac\/\u0447\u0430\u0441 (\u0434\u043e \u0432\u044b\u0447\u0435\u0442\u0430 \u043d\u0430\u043b\u043e\u0433\u043e\u0432)<\/span><\/strong><\/p><\/li><li><p><span style=\"color: #000000;\">\u041e\u043f\u043b\u0430\u0442\u0430 \u0432\u0440\u0435\u043c\u0435\u043d\u0438 \u0432 \u043f\u0443\u0442\u0438 \u043c\u0435\u0436\u0434\u0443 \u043f\u043e\u0434\u043e\u043f\u0435\u0447\u043d\u044b\u043c\u0438<\/span><\/p><\/li><li><p><span style=\"color: #000000;\">\u041f\u043e\u043b\u043d\u0430\u044f \u043a\u043e\u043c\u043f\u0435\u043d\u0441\u0430\u0446\u0438\u044f \u0442\u0440\u0430\u043d\u0441\u043f\u043e\u0440\u0442\u043d\u044b\u0445 \u0440\u0430\u0441\u0445\u043e\u0434\u043e\u0432 (\u043e\u0431\u0449\u0435\u0441\u0442\u0432\u0435\u043d\u043d\u044b\u0439 \u0442\u0440\u0430\u043d\u0441\u043f\u043e\u0440\u0442 \u0438\u043b\u0438 \u0442\u043e\u043f\u043b\u0438\u0432\u043e)<\/span><\/p><\/li><li><p><span style=\"color: #000000;\">\u0411\u0435\u0437\u043b\u0438\u043c\u0438\u0442\u043d\u044b\u0435 \u0437\u0432\u043e\u043d\u043a\u0438, \u0441\u043e\u043e\u0431\u0449\u0435\u043d\u0438\u044f \u0438 \u0438\u043d\u0442\u0435\u0440\u043d\u0435\u0442 \u0434\u043b\u044f \u0440\u0430\u0431\u043e\u0442\u044b \u0438 \u043b\u0438\u0447\u043d\u043e\u0433\u043e \u043f\u043e\u043b\u044c\u0437\u043e\u0432\u0430\u043d\u0438\u044f<\/span><\/p><\/li><li><p><span style=\"color: #000000;\">\u0413\u0438\u0431\u043a\u0438\u0439 \u0433\u0440\u0430\u0444\u0438\u043a \u0440\u0430\u0431\u043e\u0442\u044b \u0441 \u0432\u043e\u0437\u043c\u043e\u0436\u043d\u043e\u0441\u0442\u044c\u044e \u0440\u0430\u0431\u043e\u0442\u0430\u0442\u044c \u0432 \u0432\u044b\u0445\u043e\u0434\u043d\u044b\u0435 (\u0441\u0443\u043c\u043c\u0438\u0440\u043e\u0432\u0430\u043d\u043d\u044b\u0439 \u0443\u0447\u0451\u0442 \u0440\u0430\u0431\u043e\u0447\u0435\u0433\u043e \u0432\u0440\u0435\u043c\u0435\u043d\u0438)<\/span><\/p><\/li><li><p><span style=\"color: #000000;\">30 \u0440\u0430\u0431\u043e\u0447\u0438\u0445 \u0434\u043d\u0435\u0439 \u0435\u0436\u0435\u0433\u043e\u0434\u043d\u043e\u0433\u043e \u043e\u0442\u043f\u0443\u0441\u043a\u0430<\/span><\/p><\/li><li><p><span style=\"color: #000000;\">\u0417\u043d\u0430\u0447\u0438\u043c\u0443\u044e \u0440\u0430\u0431\u043e\u0442\u0443, \u0441\u043f\u043e\u0441\u043e\u0431\u0441\u0442\u0432\u0443\u044e\u0449\u0443\u044e \u0431\u043b\u0430\u0433\u043e\u043f\u043e\u043b\u0443\u0447\u0438\u044e \u043f\u043e\u0436\u0438\u043b\u044b\u0445 \u043b\u044e\u0434\u0435\u0439 \u0432 \u041b\u0438\u0442\u0432\u0435<\/span><\/p><\/li><li><p><span style=\"color: #000000;\">\u0414\u0440\u0443\u0436\u0435\u043b\u044e\u0431\u043d\u044b\u0439 \u0438 \u043f\u043e\u0441\u0442\u043e\u044f\u043d\u043d\u043e \u0440\u0430\u0441\u0442\u0443\u0449\u0438\u0439 \u043a\u043e\u043b\u043b\u0435\u043a\u0442\u0438\u0432<\/span><\/p><\/li><li><p><span style=\"color: #000000;\">Visas socialines garantijas;<\/span><\/p><\/li><li><p><span style=\"color: #000000;\">\u0411\u0435\u0441\u0441\u0440\u043e\u0447\u043d\u044b\u0439 \u0442\u0440\u0443\u0434\u043e\u0432\u043e\u0439 \u0434\u043e\u0433\u043e\u0432\u043e\u0440<\/span><\/p><\/li><li>\u00a0<\/li><\/ul><p><strong><span style=\"color: #000000;\">\u0415\u0441\u0442\u044c \u0434\u043e\u043f\u043e\u043b\u043d\u0438\u0442\u0435\u043b\u044c\u043d\u044b\u0435 \u0432\u043e\u043f\u0440\u043e\u0441\u044b \u043e \u0440\u0430\u0431\u043e\u0442\u0435? \u0417\u0432\u043e\u043d\u0438\u0442\u0435 \u043f\u043e \u0442\u0435\u043b.: +370<span data-sheets-root=\"1\">65738947<\/span>.<\/span><\/strong><\/p>\t\t\t\t\t\t\t\t<\/div>\n\t\t\t\t<\/div>\n\t\t\t\t<\/div>\n\t\t<div class=\"elementor-element elementor-element-72caa5fd e-flex e-con-boxed e-con e-parent\" data-id=\"72caa5fd\" data-element_type=\"container\">\n\t\t\t\t\t<div class=\"e-con-inner\">\n\t\t\t\t<div class=\"elementor-element elementor-element-1c1faf86 elementor-widget__width-inherit elementor-widget elementor-widget-heading\" data-id=\"1c1faf86\" data-element_type=\"widget\" data-widget_type=\"heading.default\">\n\t\t\t\t<div class=\"elementor-widget-container\">\n\t\t\t\t\t<h2 class=\"elementor-heading-title elementor-size-default\">\u041f\u0440\u0438\u043c\u0435\u043d\u044f\u0442\u044c<\/h2>\t\t\t\t<\/div>\n\t\t\t\t<\/div>\n\t\t\t\t\t<\/div>\n\t\t\t\t<\/div>\n\t\t<div class=\"elementor-element elementor-element-76d64227 e-flex e-con-boxed e-con e-parent\" data-id=\"76d64227\" data-element_type=\"container\">\n\t\t\t\t\t<div class=\"e-con-inner\">\n\t\t<div class=\"elementor-element elementor-element-47669649 e-con-full e-flex e-con e-child\" data-id=\"47669649\" data-element_type=\"container\" data-settings=\"{&quot;background_background&quot;:&quot;classic&quot;}\">\n\t\t\t\t<div class=\"elementor-element elementor-element-6c071a05 elementor-widget elementor-widget-text-editor\" data-id=\"6c071a05\" data-element_type=\"widget\" data-widget_type=\"text-editor.default\">\n\t\t\t\t<div class=\"elementor-widget-container\">\n\t\t\t\t\t\t\t\t\t<p style=\"text-align: center;\"><span class=\"fontstyle0\">\u0417\u0430\u043f\u043e\u043b\u043d\u0438\u0442\u0435 \u0444\u043e\u0440\u043c\u0443 \u043d\u0438\u0436\u0435, \u0438 \u043c\u044b \u0441\u0432\u044f\u0436\u0435\u043c\u0441\u044f \u0441 \u0432\u0430\u043c\u0438 \u043f\u043e \u043f\u043e\u0432\u043e\u0434\u0443 \u0432\u0430\u0448\u0435\u0439 \u043a\u0430\u043d\u0434\u0438\u0434\u0430\u0442\u0443\u0440\u044b \u043d\u0430 \u044d\u0442\u0443 \u0434\u043e\u043b\u0436\u043d\u043e\u0441\u0442\u044c.\u00a0<\/span><\/p>\t\t\t\t\t\t\t\t<\/div>\n\t\t\t\t<\/div>\n\t\t\t\t<div class=\"elementor-element elementor-element-cc0fbc3 elementor-widget elementor-widget-digtek-contact-form-widget\" data-id=\"cc0fbc3\" data-element_type=\"widget\" data-widget_type=\"digtek-contact-form-widget.default\">\n\t\t\t\t<div class=\"elementor-widget-container\">\n\t\t\t\t\t\r\n\r\n\t\r\n\r\n\t<div class=\"contact-wrapper-2\">\r\n\t\t<div class=\"contact-content ms-0\">\r\n\t\t\t\n<div class=\"wpcf7 no-js\" id=\"wpcf7-f7355-o1\" lang=\"en-US\" dir=\"ltr\" data-wpcf7-id=\"7355\">\n<div class=\"screen-reader-response\"><p role=\"status\" aria-live=\"polite\" aria-atomic=\"true\"><\/p> <ul><\/ul><\/div>\n<form action=\"\/ru\/wp-json\/wp\/v2\/pages\/7413#wpcf7-f7355-o1\" method=\"post\" class=\"wpcf7-form init\" aria-label=\"Contact form\" enctype=\"multipart\/form-data\" novalidate=\"novalidate\" data-status=\"init\" data-trp-original-action=\"\/ru\/wp-json\/wp\/v2\/pages\/7413#wpcf7-f7355-o1\">\n<fieldset class=\"hidden-fields-container\"><input type=\"hidden\" name=\"_wpcf7\" value=\"7355\" \/><input type=\"hidden\" name=\"_wpcf7_version\" value=\"6.1.4\" \/><input type=\"hidden\" name=\"_wpcf7_locale\" value=\"en_US\" \/><input type=\"hidden\" name=\"_wpcf7_unit_tag\" value=\"wpcf7-f7355-o1\" \/><input type=\"hidden\" name=\"_wpcf7_container_post\" value=\"0\" \/><input type=\"hidden\" name=\"_wpcf7_posted_data_hash\" value=\"\" \/>\n<\/fieldset>\n<div class=\"row\">\n    <div class=\"col-lg-6 wow fadeInUp\" data-wow-delay=\".3s\">\n        <div class=\"form-clt\">\n            <span class=\"wpcf7-form-control-wrap\" data-name=\"text-750\"><input size=\"40\" maxlength=\"400\" class=\"wpcf7-form-control wpcf7-text wpcf7-validates-as-required\" aria-required=\"true\" aria-invalid=\"false\" placeholder=\"\u0418\u043c\u044f\" value=\"\" type=\"text\" name=\"text-750\" \/><\/span>\n        <\/div>\n    <\/div>\n    <div class=\"col-lg-6 wow fadeInUp\" data-wow-delay=\".3s\">\n        <div class=\"form-clt\">\n            <span class=\"wpcf7-form-control-wrap\" data-name=\"text-751\"><input size=\"40\" maxlength=\"400\" class=\"wpcf7-form-control wpcf7-text wpcf7-validates-as-required\" aria-required=\"true\" aria-invalid=\"false\" placeholder=\"\u0424\u0430\u043c\u0438\u043b\u0438\u044f\" value=\"\" type=\"text\" name=\"text-751\" \/><\/span>\n        <\/div>\n    <\/div>\n<\/div>\n\n<div class=\"row\">\n    <div class=\"col-lg-6 wow fadeInUp\" data-wow-delay=\".5s\">\n        <div class=\"form-clt\">\n            <span class=\"wpcf7-form-control-wrap\" data-name=\"email-408\"><input size=\"40\" maxlength=\"400\" class=\"wpcf7-form-control wpcf7-email wpcf7-validates-as-required wpcf7-text wpcf7-validates-as-email\" aria-required=\"true\" aria-invalid=\"false\" placeholder=\"\u0410\u0434\u0440\u0435\u0441 \u0432\u0430\u0448\u0435\u0439 \u044d\u043b. \u043f\u043e\u0447\u0442\u044b\" value=\"\" type=\"email\" name=\"email-408\" \/><\/span>\n        <\/div>\n    <\/div>\n    <div class=\"col-lg-6 wow fadeInUp\" data-wow-delay=\".3s\">\n        <div class=\"form-clt\">\n            <span class=\"wpcf7-form-control-wrap\" data-name=\"tel-897\"><input size=\"40\" maxlength=\"400\" class=\"wpcf7-form-control wpcf7-tel wpcf7-validates-as-required wpcf7-text wpcf7-validates-as-tel\" autocomplete=\"tel\" aria-required=\"true\" aria-invalid=\"false\" placeholder=\"\u0412\u0430\u0448 \u043d\u043e\u043c\u0435\u0440 \u0442\u0435\u043b\u0435\u0444\u043e\u043d\u0430\" value=\"\" type=\"tel\" name=\"tel-897\" \/><\/span>\n        <\/div>\n    <\/div>\n<\/div>\n\n<div class=\"row\">\n    <div class=\"col-lg-6 wow fadeInUp\" data-wow-delay=\".5s\">\n        <div class=\"form-clt\">\n            <span class=\"wpcf7-form-control-wrap\" data-name=\"text-409\"><input size=\"40\" maxlength=\"400\" class=\"wpcf7-form-control wpcf7-text wpcf7-validates-as-required\" aria-required=\"true\" aria-invalid=\"false\" placeholder=\"\u041a\u0440\u0430\u0442\u043a\u043e\u0435 \u043f\u0440\u0435\u0434\u0441\u0442\u0430\u0432\u043b\u0435\u043d\u0438\u0435\" value=\"\" type=\"text\" name=\"text-409\" \/><\/span>\n        <\/div>\n    <\/div>\n    <div class=\"col-lg-6 wow fadeInUp\" data-wow-delay=\".5s\">\n        <div class=\"form-clt\">\n            <span class=\"wpcf7-form-control-wrap\" data-name=\"text-city\"><input size=\"40\" maxlength=\"400\" class=\"wpcf7-form-control wpcf7-text wpcf7-validates-as-required\" aria-required=\"true\" aria-invalid=\"false\" placeholder=\"\u012eveskite miest\u0105\" value=\"\" type=\"text\" name=\"text-city\" \/><\/span>\n        <\/div>\n    <\/div>\n<\/div>\n\n<div class=\"row\">\n    <div class=\"col-lg-6 wow fadeInUp\" data-wow-delay=\".3s\" style=\"margin-bottom: 15px\">\n        <div class=\"custom-file-upload\">\n  <label class=\"upload-label\">\n    \u041f\u0440\u0438\u043a\u0440\u0435\u043f\u0438\u0442\u0435 \u0441\u0432\u043e\u0451 \u0440\u0435\u0437\u044e\u043c\u0435 <span class=\"plus\"><\/span>\n    <span class=\"wpcf7-form-control-wrap\" data-name=\"your-file\"><input size=\"40\" class=\"wpcf7-form-control wpcf7-file file-input\" accept=\".pdf,.jpg,.jpeg,.png\" aria-invalid=\"false\" type=\"file\" name=\"your-file\" \/><\/span>\n  <\/label>\n<\/div>\n    <\/div>\n<\/div>\n\n<div class=\"row\">\n    <div class=\"col-lg-12 wow fadeInUp\" data-wow-delay=\".9s\">\n        <button type=\"submit\" class=\"theme-btn\">\n            \u041e\u0442\u043f\u0440\u0430\u0432\u0438\u0442\u044c <i class=\"fa-solid fa-arrow-right-long\"><\/i>\n        <\/button>\n    <\/div>\n<\/div><div class=\"wpcf7-response-output\" aria-hidden=\"true\"><\/div>\n<input type=\"hidden\" name=\"trp-form-language\" value=\"ru\"\/><\/form>\n<\/div>\n\t\t<\/div>\r\n\t<\/div>\r\n\r\n\r\n\t\r\n\r\n             \r\n\t\t\t\t\t\t<\/div>\n\t\t\t\t<\/div>\n\t\t\t\t<\/div>\n\t\t\t\t<div class=\"elementor-element elementor-element-53eadc7 elementor-widget elementor-widget-html\" data-id=\"53eadc7\" data-element_type=\"widget\" data-widget_type=\"html.default\">\n\t\t\t\t<div class=\"elementor-widget-container\">\n\t\t\t\t\t<script>\nwindow.dataLayer = window.dataLayer || [];\n\nif (!window.cf7TrackingInitialized) {\n  window.cf7TrackingInitialized = true;\n\n  document.addEventListener('wpcf7mailsent', function(event) {\n    if (String(event.detail.contactFormId) !== '7355') {\n      return;\n    }\n\n    window.dataLayer.push({\n      event: 'cf7_form_submit_success',\n      form_id: '7355',\n      form_type: 'candidate_form',\n      city_segment: 'Vilnius'\n    });\n  });\n}\n<\/script>\t\t\t\t<\/div>\n\t\t\t\t<\/div>\n\t\t\t\t\t<\/div>\n\t\t\t\t<\/div>\n\t\t\t\t<\/div>","protected":false},"excerpt":{"rendered":"<p>Individualios prie\u017ei\u016bros darbuotojas Vilniuje Darbo apra\u0161ymas \u00a0 SENJORO organizacija teikia socialines paslaugas daugiau nei 2500 senjor\u0173 \u2013 pagalb\u0105 namuose bei dienos socialin\u0119 glob\u0105 \u2013 net 34 Lietuvos savivaldyb\u0117se. Nuolat augame ir kartu su jau daugiau nei 500 darbuotoj\u0173 komanda siekiame, kad pozityvi senatv\u0117 tapt\u0173 vis\u0173 Lietuvos senjor\u0173 kasdienybe. Kvie\u010diame prie komandos prisijungti individualios prie\u017ei\u016bros darbuotojus!<\/p>","protected":false},"author":3,"featured_media":0,"parent":0,"menu_order":0,"comment_status":"closed","ping_status":"closed","template":"","meta":{"inline_featured_image":false,"footnotes":""},"class_list":["post-7413","page","type-page","status-publish","hentry"],"_links":{"self":[{"href":"https:\/\/senjoro.lt\/ru\/wp-json\/wp\/v2\/pages\/7413","targetHints":{"allow":["GET"]}}],"collection":[{"href":"https:\/\/senjoro.lt\/ru\/wp-json\/wp\/v2\/pages"}],"about":[{"href":"https:\/\/senjoro.lt\/ru\/wp-json\/wp\/v2\/types\/page"}],"author":[{"embeddable":true,"href":"https:\/\/senjoro.lt\/ru\/wp-json\/wp\/v2\/users\/3"}],"replies":[{"embeddable":true,"href":"https:\/\/senjoro.lt\/ru\/wp-json\/wp\/v2\/comments?post=7413"}],"version-history":[{"count":37,"href":"https:\/\/senjoro.lt\/ru\/wp-json\/wp\/v2\/pages\/7413\/revisions"}],"predecessor-version":[{"id":8145,"href":"https:\/\/senjoro.lt\/ru\/wp-json\/wp\/v2\/pages\/7413\/revisions\/8145"}],"wp:attachment":[{"href":"https:\/\/senjoro.lt\/ru\/wp-json\/wp\/v2\/media?parent=7413"}],"curies":[{"name":"wp","href":"https:\/\/api.w.org\/{rel}","templated":true}]}}