{"id":5415,"date":"2025-10-02T16:19:57","date_gmt":"2025-10-02T13:19:57","guid":{"rendered":"https:\/\/senjoro.lt\/?page_id=5415"},"modified":"2026-01-16T17:34:37","modified_gmt":"2026-01-16T14:34:37","slug":"senjoru-piknikai","status":"publish","type":"page","link":"https:\/\/senjoro.lt\/ru\/senjoru-piknikai\/","title":{"rendered":"\u041f\u0438\u043a\u043d\u0438\u043a\u0438 \u0434\u043b\u044f \u043f\u043e\u0436\u0438\u043b\u044b\u0445"},"content":{"rendered":"<div data-elementor-type=\"wp-page\" data-elementor-id=\"5415\" class=\"elementor elementor-5415\" data-elementor-post-type=\"page\">\n\t\t\t\t<div class=\"elementor-element elementor-element-4410a3c e-grid e-con-boxed e-con e-parent\" data-id=\"4410a3c\" data-element_type=\"container\">\n\t\t\t\t\t<div class=\"e-con-inner\">\n\t\t\t\t<div class=\"elementor-element elementor-element-4ebb58a elementor-widget elementor-widget-digtek-heading-title-widget\" data-id=\"4ebb58a\" data-element_type=\"widget\" data-widget_type=\"digtek-heading-title-widget.default\">\n\t\t\t\t<div class=\"elementor-widget-container\">\n\t\t\t\t\t\r\n\t\r\n\r\n<div class=\"section-title-area\">\r\n\t<div class=\"section-title\">\r\n\t\t\t\t\t\t<h2 class=\"wow fadeInUp\" data-wow-delay=\".3s\">\r\n\t\t\t\u041f\u0438\u043a\u043d\u0438\u043a\u0438 \u0434\u043b\u044f \u043f\u043e\u0436\u0438\u043b\u044b\u0445\t\t<\/h2>\r\n\t\t\t<\/div>\r\n\t<\/div>\r\n\r\n\t\r\n\r\n             \r\n\t\t\t\t\t\t<\/div>\n\t\t\t\t<\/div>\n\t\t\t\t<div class=\"elementor-element elementor-element-b122755 elementor-widget elementor-widget-text-editor\" data-id=\"b122755\" data-element_type=\"widget\" data-widget_type=\"text-editor.default\">\n\t\t\t\t<div class=\"elementor-widget-container\">\n\t\t\t\t\t\t\t\t\t<p><strong>\u0423\u0436\u0435 \u0442\u0440\u0435\u0442\u0438\u0439 \u0433\u043e\u0434 \u0432 \u043a\u0440\u0443\u043f\u043d\u044b\u0445 \u0433\u043e\u0440\u043e\u0434\u0430\u0445 \u041b\u0438\u0442\u0432\u044b \u043c\u044b \u043e\u0440\u0433\u0430\u043d\u0438\u0437\u0443\u0435\u043c \u0443\u044e\u0442\u043d\u044b\u0435 \u043f\u0438\u043a\u043d\u0438\u043a\u0438 \u043d\u0430 \u0441\u0432\u0435\u0436\u0435\u043c \u0432\u043e\u0437\u0434\u0443\u0445\u0435, \u0433\u0434\u0435 \u043f\u043e\u0436\u0438\u043b\u044b\u0435 \u043b\u044e\u0434\u0438 \u0441\u0442\u0430\u043d\u043e\u0432\u044f\u0442\u0441\u044f \u043d\u0435 \u043f\u0440\u043e\u0441\u0442\u043e \u0437\u0440\u0438\u0442\u0435\u043b\u044f\u043c\u0438, \u0430 \u0441\u043e\u0437\u0434\u0430\u0442\u0435\u043b\u044f\u043c\u0438 \u0438 \u0430\u043a\u0442\u0438\u0432\u043d\u044b\u043c\u0438 \u0443\u0447\u0430\u0441\u0442\u043d\u0438\u043a\u0430\u043c\u0438.<\/strong><\/p>\t\t\t\t\t\t\t\t<\/div>\n\t\t\t\t<\/div>\n\t\t\t\t\t<\/div>\n\t\t\t\t<\/div>\n\t\t<div class=\"elementor-element elementor-element-36bdd2f e-con-full e-flex e-con e-parent\" data-id=\"36bdd2f\" data-element_type=\"container\" data-settings=\"{&quot;background_background&quot;:&quot;classic&quot;}\">\n\t\t\t\t<div class=\"elementor-element elementor-element-1e91765 elementor-widget elementor-widget-spacer\" data-id=\"1e91765\" data-element_type=\"widget\" data-widget_type=\"spacer.default\">\n\t\t\t\t<div class=\"elementor-widget-container\">\n\t\t\t\t\t\t\t<div class=\"elementor-spacer\">\n\t\t\t<div class=\"elementor-spacer-inner\"><\/div>\n\t\t<\/div>\n\t\t\t\t\t\t<\/div>\n\t\t\t\t<\/div>\n\t\t\t\t<\/div>\n\t\t<div class=\"elementor-element elementor-element-a60bc7c e-flex e-con-boxed e-con e-parent\" data-id=\"a60bc7c\" data-element_type=\"container\">\n\t\t\t\t\t<div class=\"e-con-inner\">\n\t\t\t\t<div class=\"elementor-element elementor-element-1066fbd elementor-widget elementor-widget-text-editor\" data-id=\"1066fbd\" data-element_type=\"widget\" data-widget_type=\"text-editor.default\">\n\t\t\t\t<div class=\"elementor-widget-container\">\n\t\t\t\t\t\t\t\t\t<p>\u042d\u0442\u0430 \u0442\u0440\u0430\u0434\u0438\u0446\u0438\u044f \u043f\u0440\u0438\u0433\u043b\u0430\u0448\u0430\u0435\u0442 \u043b\u044e\u0434\u0435\u0439 \u0437\u0440\u0435\u043b\u043e\u0433\u043e \u0432\u043e\u0437\u0440\u0430\u0441\u0442\u0430 \u0432\u0441\u0442\u0440\u0435\u0447\u0430\u0442\u044c\u0441\u044f, \u043e\u0431\u0449\u0430\u0442\u044c\u0441\u044f \u0438 \u0432\u0441\u0442\u0440\u0435\u0447\u0430\u0442\u044c \u043e\u0441\u0435\u043d\u044c. \u041d\u0430\u0448\u0430 \u0446\u0435\u043b\u044c \u2014 \u043f\u043e\u0431\u0443\u0434\u0438\u0442\u044c \u043f\u043e\u0436\u0438\u043b\u044b\u0445 \u043b\u044e\u0434\u0435\u0439 \u0431\u044b\u0442\u044c \u0430\u043a\u0442\u0438\u0432\u043d\u044b\u043c\u0438 \u0443\u0447\u0430\u0441\u0442\u043d\u0438\u043a\u0430\u043c\u0438 \u0438 \u0442\u0432\u043e\u0440\u0446\u0430\u043c\u0438. \u0421\u0432\u043e\u0431\u043e\u0434\u043d\u044b\u0439 \u0444\u043e\u0440\u043c\u0430\u0442 \u043f\u0438\u043a\u043d\u0438\u043a\u043e\u0432 \u043f\u043e\u0437\u0432\u043e\u043b\u044f\u0435\u0442 \u0441\u043c\u0435\u043b\u043e \u0432\u043e\u0432\u043b\u0435\u043a\u0430\u0442\u044c\u0441\u044f, \u0434\u0435\u043b\u0438\u0442\u044c\u0441\u044f \u0441\u0442\u0438\u0445\u0430\u043c\u0438, \u043f\u0435\u0441\u043d\u044f\u043c\u0438, \u0442\u0430\u043d\u0446\u0430\u043c\u0438 \u0438\u043b\u0438 \u043f\u0440\u043e\u0441\u0442\u043e \u0445\u043e\u0440\u043e\u0448\u0438\u043c \u043d\u0430\u0441\u0442\u0440\u043e\u0435\u043d\u0438\u0435\u043c. \u041c\u044b \u0437\u0430\u0431\u043e\u0442\u0438\u043c\u0441\u044f \u043e\u0431 \u0443\u044e\u0442\u043d\u043e\u0439 \u0430\u0442\u043c\u043e\u0441\u0444\u0435\u0440\u0435, \u0430 \u043d\u0430\u0441\u0442\u043e\u044f\u0449\u0443\u044e \u043f\u0440\u0430\u0437\u0434\u043d\u0438\u0447\u043d\u0443\u044e \u0430\u0442\u043c\u043e\u0441\u0444\u0435\u0440\u0443 \u0441\u043e\u0437\u0434\u0430\u044e\u0442 \u0441\u0430\u043c\u0438 \u043f\u043e\u0436\u0438\u043b\u044b\u0435. \u041d\u0430 \u043c\u0435\u0440\u043e\u043f\u0440\u0438\u044f\u0442\u0438\u044f\u0445 \u043d\u0435 \u043e\u0431\u0445\u043e\u0434\u0438\u0442\u0441\u044f \u0431\u0435\u0437 \u0437\u0430\u0440\u044f\u0434\u043e\u043a, \u0432\u0438\u043a\u0442\u043e\u0440\u0438\u043d, \u0445\u0443\u0434\u043e\u0436\u0435\u0441\u0442\u0432\u0435\u043d\u043d\u044b\u0445 \u0437\u0430\u043d\u044f\u0442\u0438\u0439 \u0438 \u043c\u0443\u0437\u044b\u043a\u0438, \u043d\u043e \u043d\u0430\u0441\u0442\u043e\u044f\u0449\u0430\u044f \u0446\u0435\u043d\u043d\u043e\u0441\u0442\u044c \u0437\u0430\u043a\u043b\u044e\u0447\u0430\u0435\u0442\u0441\u044f \u0432 \u0441\u043e\u0432\u043c\u0435\u0441\u0442\u043d\u043e\u043c \u0442\u0432\u043e\u0440\u0447\u0435\u0441\u0442\u0432\u0435 \u2014 \u0432 \u043e\u0449\u0443\u0449\u0435\u043d\u0438\u0438, \u0447\u0442\u043e \u0442\u0435\u0431\u044f \u0432\u0438\u0434\u044f\u0442, \u0441\u043b\u044b\u0448\u0430\u0442 \u0438 \u0446\u0435\u043d\u044f\u0442.<\/p>\t\t\t\t\t\t\t\t<\/div>\n\t\t\t\t<\/div>\n\t\t\t\t\t<\/div>\n\t\t\t\t<\/div>\n\t\t<div class=\"elementor-element elementor-element-3e94b34 e-flex e-con-boxed e-con e-parent\" data-id=\"3e94b34\" data-element_type=\"container\">\n\t\t\t\t\t<div class=\"e-con-inner\">\n\t\t\t\t<div class=\"elementor-element elementor-element-fb995a9 elementor-widget elementor-widget-gallery\" data-id=\"fb995a9\" data-element_type=\"widget\" data-settings=\"{&quot;columns_mobile&quot;:2,&quot;lazyload&quot;:&quot;yes&quot;,&quot;gallery_layout&quot;:&quot;grid&quot;,&quot;columns&quot;:4,&quot;columns_tablet&quot;:2,&quot;gap&quot;:{&quot;unit&quot;:&quot;px&quot;,&quot;size&quot;:10,&quot;sizes&quot;:[]},&quot;gap_tablet&quot;:{&quot;unit&quot;:&quot;px&quot;,&quot;size&quot;:10,&quot;sizes&quot;:[]},&quot;gap_mobile&quot;:{&quot;unit&quot;:&quot;px&quot;,&quot;size&quot;:10,&quot;sizes&quot;:[]},&quot;link_to&quot;:&quot;file&quot;,&quot;aspect_ratio&quot;:&quot;3:2&quot;,&quot;overlay_background&quot;:&quot;yes&quot;,&quot;content_hover_animation&quot;:&quot;fade-in&quot;}\" data-widget_type=\"gallery.default\">\n\t\t\t\t<div class=\"elementor-widget-container\">\n\t\t\t\t\t\t\t<div class=\"elementor-gallery__container\">\n\t\t\t\t\t\t\t<a class=\"e-gallery-item elementor-gallery-item elementor-animated-content\" href=\"https:\/\/senjoro.lt\/wp-content\/uploads\/2025\/10\/Copy-of-457447323_423273126969841_10052106795650908_n-scaled.jpg\" data-elementor-open-lightbox=\"yes\" data-elementor-lightbox-slideshow=\"fb995a9\" data-elementor-lightbox-title=\"Copy of 457447323_423273126969841_10052106795650908_n\" data-e-action-hash=\"#elementor-action%3Aaction%3Dlightbox%26settings%3DeyJpZCI6NTQyNSwidXJsIjoiaHR0cHM6XC9cL3Nlbmpvcm8ubHRcL3dwLWNvbnRlbnRcL3VwbG9hZHNcLzIwMjVcLzEwXC9Db3B5LW9mLTQ1NzQ0NzMyM180MjMyNzMxMjY5Njk4NDFfMTAwNTIxMDY3OTU2NTA5MDhfbi1zY2FsZWQuanBnIiwic2xpZGVzaG93IjoiZmI5OTVhOSJ9\">\n\t\t\t\t\t<div class=\"e-gallery-image elementor-gallery-item__image\" data-thumbnail=\"https:\/\/senjoro.lt\/wp-content\/uploads\/2025\/10\/Copy-of-457447323_423273126969841_10052106795650908_n-1024x771.jpg\" data-width=\"740\" data-height=\"557\" aria-label=\"\" role=\"img\" ><\/div>\n\t\t\t\t\t\t\t\t\t\t\t<div class=\"elementor-gallery-item__overlay\"><\/div>\n\t\t\t\t\t\t\t\t\t\t\t\t\t\t<\/a>\n\t\t\t\t\t\t\t<a class=\"e-gallery-item elementor-gallery-item elementor-animated-content\" href=\"https:\/\/senjoro.lt\/wp-content\/uploads\/2025\/10\/Copy-of-458716703_1653696631870455_3253526156354134906_n-scaled.jpg\" data-elementor-open-lightbox=\"yes\" data-elementor-lightbox-slideshow=\"fb995a9\" data-elementor-lightbox-title=\"Copy of 458716703_1653696631870455_3253526156354134906_n\" data-e-action-hash=\"#elementor-action%3Aaction%3Dlightbox%26settings%3DeyJpZCI6NTQyOCwidXJsIjoiaHR0cHM6XC9cL3Nlbmpvcm8ubHRcL3dwLWNvbnRlbnRcL3VwbG9hZHNcLzIwMjVcLzEwXC9Db3B5LW9mLTQ1ODcxNjcwM18xNjUzNjk2NjMxODcwNDU1XzMyNTM1MjYxNTYzNTQxMzQ5MDZfbi1zY2FsZWQuanBnIiwic2xpZGVzaG93IjoiZmI5OTVhOSJ9\">\n\t\t\t\t\t<div class=\"e-gallery-image elementor-gallery-item__image\" data-thumbnail=\"https:\/\/senjoro.lt\/wp-content\/uploads\/2025\/10\/Copy-of-458716703_1653696631870455_3253526156354134906_n-1024x771.jpg\" data-width=\"740\" data-height=\"557\" aria-label=\"\" role=\"img\" ><\/div>\n\t\t\t\t\t\t\t\t\t\t\t<div class=\"elementor-gallery-item__overlay\"><\/div>\n\t\t\t\t\t\t\t\t\t\t\t\t\t\t<\/a>\n\t\t\t\t\t\t\t<a class=\"e-gallery-item elementor-gallery-item elementor-animated-content\" href=\"https:\/\/senjoro.lt\/wp-content\/uploads\/2025\/10\/DSC_0761-scaled.jpg\" data-elementor-open-lightbox=\"yes\" data-elementor-lightbox-slideshow=\"fb995a9\" data-elementor-lightbox-title=\"DSC_0761\" data-e-action-hash=\"#elementor-action%3Aaction%3Dlightbox%26settings%3DeyJpZCI6NTQzMSwidXJsIjoiaHR0cHM6XC9cL3Nlbmpvcm8ubHRcL3dwLWNvbnRlbnRcL3VwbG9hZHNcLzIwMjVcLzEwXC9EU0NfMDc2MS1zY2FsZWQuanBnIiwic2xpZGVzaG93IjoiZmI5OTVhOSJ9\">\n\t\t\t\t\t<div class=\"e-gallery-image elementor-gallery-item__image\" data-thumbnail=\"https:\/\/senjoro.lt\/wp-content\/uploads\/2025\/10\/DSC_0761-1024x683.jpg\" data-width=\"740\" data-height=\"494\" aria-label=\"\" role=\"img\" ><\/div>\n\t\t\t\t\t\t\t\t\t\t\t<div class=\"elementor-gallery-item__overlay\"><\/div>\n\t\t\t\t\t\t\t\t\t\t\t\t\t\t<\/a>\n\t\t\t\t\t\t\t<a class=\"e-gallery-item elementor-gallery-item elementor-animated-content\" href=\"https:\/\/senjoro.lt\/wp-content\/uploads\/2025\/10\/Image_20250916_162445_958-scaled.jpeg\" data-elementor-open-lightbox=\"yes\" data-elementor-lightbox-slideshow=\"fb995a9\" data-elementor-lightbox-title=\"Image_20250916_162445_958\" data-e-action-hash=\"#elementor-action%3Aaction%3Dlightbox%26settings%3DeyJpZCI6NTQzMiwidXJsIjoiaHR0cHM6XC9cL3Nlbmpvcm8ubHRcL3dwLWNvbnRlbnRcL3VwbG9hZHNcLzIwMjVcLzEwXC9JbWFnZV8yMDI1MDkxNl8xNjI0NDVfOTU4LXNjYWxlZC5qcGVnIiwic2xpZGVzaG93IjoiZmI5OTVhOSJ9\">\n\t\t\t\t\t<div class=\"e-gallery-image elementor-gallery-item__image\" data-thumbnail=\"https:\/\/senjoro.lt\/wp-content\/uploads\/2025\/10\/Image_20250916_162445_958-768x1024.jpeg\" data-width=\"740\" data-height=\"987\" aria-label=\"\" role=\"img\" ><\/div>\n\t\t\t\t\t\t\t\t\t\t\t<div class=\"elementor-gallery-item__overlay\"><\/div>\n\t\t\t\t\t\t\t\t\t\t\t\t\t\t<\/a>\n\t\t\t\t\t\t\t<a class=\"e-gallery-item elementor-gallery-item elementor-animated-content\" href=\"https:\/\/senjoro.lt\/wp-content\/uploads\/2025\/10\/Image_20250918_134130_753-scaled.jpeg\" data-elementor-open-lightbox=\"yes\" data-elementor-lightbox-slideshow=\"fb995a9\" data-elementor-lightbox-title=\"Image_20250918_134130_753\" data-e-action-hash=\"#elementor-action%3Aaction%3Dlightbox%26settings%3DeyJpZCI6NTQzMywidXJsIjoiaHR0cHM6XC9cL3Nlbmpvcm8ubHRcL3dwLWNvbnRlbnRcL3VwbG9hZHNcLzIwMjVcLzEwXC9JbWFnZV8yMDI1MDkxOF8xMzQxMzBfNzUzLXNjYWxlZC5qcGVnIiwic2xpZGVzaG93IjoiZmI5OTVhOSJ9\">\n\t\t\t\t\t<div class=\"e-gallery-image elementor-gallery-item__image\" data-thumbnail=\"https:\/\/senjoro.lt\/wp-content\/uploads\/2025\/10\/Image_20250918_134130_753-1024x768.jpeg\" data-width=\"740\" data-height=\"555\" aria-label=\"\" role=\"img\" ><\/div>\n\t\t\t\t\t\t\t\t\t\t\t<div class=\"elementor-gallery-item__overlay\"><\/div>\n\t\t\t\t\t\t\t\t\t\t\t\t\t\t<\/a>\n\t\t\t\t\t\t\t<a class=\"e-gallery-item elementor-gallery-item elementor-animated-content\" href=\"https:\/\/senjoro.lt\/wp-content\/uploads\/2025\/10\/unnamed-1.webp\" data-elementor-open-lightbox=\"yes\" data-elementor-lightbox-slideshow=\"fb995a9\" data-elementor-lightbox-title=\"unnamed (1)\" data-e-action-hash=\"#elementor-action%3Aaction%3Dlightbox%26settings%3DeyJpZCI6NTQzNCwidXJsIjoiaHR0cHM6XC9cL3Nlbmpvcm8ubHRcL3dwLWNvbnRlbnRcL3VwbG9hZHNcLzIwMjVcLzEwXC91bm5hbWVkLTEud2VicCIsInNsaWRlc2hvdyI6ImZiOTk1YTkifQ%3D%3D\">\n\t\t\t\t\t<div class=\"e-gallery-image elementor-gallery-item__image\" data-thumbnail=\"https:\/\/senjoro.lt\/wp-content\/uploads\/2025\/10\/unnamed-1-768x1024.webp\" data-width=\"740\" data-height=\"987\" aria-label=\"\" role=\"img\" ><\/div>\n\t\t\t\t\t\t\t\t\t\t\t<div class=\"elementor-gallery-item__overlay\"><\/div>\n\t\t\t\t\t\t\t\t\t\t\t\t\t\t<\/a>\n\t\t\t\t\t\t\t<a class=\"e-gallery-item elementor-gallery-item elementor-animated-content\" href=\"https:\/\/senjoro.lt\/wp-content\/uploads\/2025\/10\/viber_image_2024-09-27_09-54-17-585-1.jpg\" data-elementor-open-lightbox=\"yes\" data-elementor-lightbox-slideshow=\"fb995a9\" data-elementor-lightbox-title=\"viber_image_2024-09-27_09-54-17-585\" data-e-action-hash=\"#elementor-action%3Aaction%3Dlightbox%26settings%3DeyJpZCI6NTQzNSwidXJsIjoiaHR0cHM6XC9cL3Nlbmpvcm8ubHRcL3dwLWNvbnRlbnRcL3VwbG9hZHNcLzIwMjVcLzEwXC92aWJlcl9pbWFnZV8yMDI0LTA5LTI3XzA5LTU0LTE3LTU4NS0xLmpwZyIsInNsaWRlc2hvdyI6ImZiOTk1YTkifQ%3D%3D\">\n\t\t\t\t\t<div class=\"e-gallery-image elementor-gallery-item__image\" data-thumbnail=\"https:\/\/senjoro.lt\/wp-content\/uploads\/2025\/10\/viber_image_2024-09-27_09-54-17-585-1-1024x771.jpg\" data-width=\"740\" data-height=\"557\" aria-label=\"\" role=\"img\" ><\/div>\n\t\t\t\t\t\t\t\t\t\t\t<div class=\"elementor-gallery-item__overlay\"><\/div>\n\t\t\t\t\t\t\t\t\t\t\t\t\t\t<\/a>\n\t\t\t\t\t\t\t<a class=\"e-gallery-item elementor-gallery-item elementor-animated-content\" href=\"https:\/\/senjoro.lt\/wp-content\/uploads\/2025\/10\/unnamed-1-1.webp\" data-elementor-open-lightbox=\"yes\" data-elementor-lightbox-slideshow=\"fb995a9\" data-elementor-lightbox-title=\"unnamed (1)\" data-e-action-hash=\"#elementor-action%3Aaction%3Dlightbox%26settings%3DeyJpZCI6NTQ0NSwidXJsIjoiaHR0cHM6XC9cL3Nlbmpvcm8ubHRcL3dwLWNvbnRlbnRcL3VwbG9hZHNcLzIwMjVcLzEwXC91bm5hbWVkLTEtMS53ZWJwIiwic2xpZGVzaG93IjoiZmI5OTVhOSJ9\">\n\t\t\t\t\t<div class=\"e-gallery-image elementor-gallery-item__image\" data-thumbnail=\"https:\/\/senjoro.lt\/wp-content\/uploads\/2025\/10\/unnamed-1-1-768x1024.webp\" data-width=\"740\" data-height=\"987\" aria-label=\"\" role=\"img\" ><\/div>\n\t\t\t\t\t\t\t\t\t\t\t<div class=\"elementor-gallery-item__overlay\"><\/div>\n\t\t\t\t\t\t\t\t\t\t\t\t\t\t<\/a>\n\t\t\t\t\t<\/div>\n\t\t\t\t\t<\/div>\n\t\t\t\t<\/div>\n\t\t\t\t\t<\/div>\n\t\t\t\t<\/div>\n\t\t\t\t<\/div>","protected":false},"excerpt":{"rendered":"<p>Senjor\u0173 piknikai Jau tre\u010dius metus did\u017eiuosiuose lietuvos miestuoje rengiame jaukius senjor\u0173 piknikus po atviru dangumi, kur senjorai tampa ne steb\u0117tojais, bet k\u016br\u0117jais bei dalyviais. Tai tradicija tapusi iniciatyva, kvie\u010dianti brandaus am\u017eiaus \u017emones susitikti, bendrauti ir pasitikti ruden\u012f. M\u016bs\u0173 tikslas \u2013 paskatinti senjorus tapti aktyviais dalyviais ir k\u016br\u0117jais. Laisvas piknik\u0173 formatas leid\u017eia dr\u0105siai \u012fsitraukti, dalintis savo<\/p>","protected":false},"author":1,"featured_media":0,"parent":0,"menu_order":0,"comment_status":"closed","ping_status":"closed","template":"elementor_header_footer","meta":{"inline_featured_image":false,"footnotes":""},"class_list":["post-5415","page","type-page","status-publish","hentry"],"_links":{"self":[{"href":"https:\/\/senjoro.lt\/ru\/wp-json\/wp\/v2\/pages\/5415","targetHints":{"allow":["GET"]}}],"collection":[{"href":"https:\/\/senjoro.lt\/ru\/wp-json\/wp\/v2\/pages"}],"about":[{"href":"https:\/\/senjoro.lt\/ru\/wp-json\/wp\/v2\/types\/page"}],"author":[{"embeddable":true,"href":"https:\/\/senjoro.lt\/ru\/wp-json\/wp\/v2\/users\/1"}],"replies":[{"embeddable":true,"href":"https:\/\/senjoro.lt\/ru\/wp-json\/wp\/v2\/comments?post=5415"}],"version-history":[{"count":16,"href":"https:\/\/senjoro.lt\/ru\/wp-json\/wp\/v2\/pages\/5415\/revisions"}],"predecessor-version":[{"id":7166,"href":"https:\/\/senjoro.lt\/ru\/wp-json\/wp\/v2\/pages\/5415\/revisions\/7166"}],"wp:attachment":[{"href":"https:\/\/senjoro.lt\/ru\/wp-json\/wp\/v2\/media?parent=5415"}],"curies":[{"name":"wp","href":"https:\/\/api.w.org\/{rel}","templated":true}]}}