{"id":5361,"date":"2025-10-02T14:26:23","date_gmt":"2025-10-02T11:26:23","guid":{"rendered":"https:\/\/senjoro.lt\/?page_id=5361"},"modified":"2026-01-16T17:33:08","modified_gmt":"2026-01-16T14:33:08","slug":"kaledinis-senjoru-pastas","status":"publish","type":"page","link":"https:\/\/senjoro.lt\/ru\/kaledinis-senjoru-pastas\/","title":{"rendered":"\u0420\u043e\u0436\u0434\u0435\u0441\u0442\u0432\u0435\u043d\u0441\u043a\u0430\u044f \u043f\u043e\u0447\u0442\u0430 \u0434\u043b\u044f \u043f\u043e\u0436\u0438\u043b\u044b\u0445"},"content":{"rendered":"<div data-elementor-type=\"wp-page\" data-elementor-id=\"5361\" class=\"elementor elementor-5361\" data-elementor-post-type=\"page\">\n\t\t\t\t<div class=\"elementor-element elementor-element-b0228a0 e-grid e-con-boxed e-con e-parent\" data-id=\"b0228a0\" data-element_type=\"container\">\n\t\t\t\t\t<div class=\"e-con-inner\">\n\t\t\t\t<div class=\"elementor-element elementor-element-b9c5830 elementor-widget elementor-widget-digtek-heading-title-widget\" data-id=\"b9c5830\" data-element_type=\"widget\" data-widget_type=\"digtek-heading-title-widget.default\">\n\t\t\t\t<div class=\"elementor-widget-container\">\n\t\t\t\t\t\r\n\t\r\n\r\n<div class=\"section-title-area\">\r\n\t<div class=\"section-title\">\r\n\t\t\t\t\t\t<h2 class=\"wow fadeInUp\" data-wow-delay=\".3s\">\r\n\t\t\t\u0420\u043e\u0436\u0434\u0435\u0441\u0442\u0432\u0435\u043d\u0441\u043a\u0430\u044f \u043f\u043e\u0447\u0442\u0430 \u0434\u043b\u044f \u043f\u043e\u0436\u0438\u043b\u044b\u0445\t\t<\/h2>\r\n\t\t\t<\/div>\r\n\t<\/div>\r\n\r\n\t\r\n\r\n             \r\n\t\t\t\t\t\t<\/div>\n\t\t\t\t<\/div>\n\t\t\t\t<div class=\"elementor-element elementor-element-74e991d elementor-widget elementor-widget-text-editor\" data-id=\"74e991d\" data-element_type=\"widget\" data-widget_type=\"text-editor.default\">\n\t\t\t\t<div class=\"elementor-widget-container\">\n\t\t\t\t\t\t\t\t\t<p><strong>\u0423\u0436\u0435 \u043f\u044f\u0442\u044b\u0439 \u0433\u043e\u0434 \u043c\u044b \u043f\u0440\u0438\u0433\u043b\u0430\u0448\u0430\u0435\u043c \u0436\u0438\u0442\u0435\u043b\u0435\u0439 \u0432\u0441\u0435\u0439 \u041b\u0438\u0442\u0432\u044b \u043f\u0438\u0441\u0430\u0442\u044c \u0440\u043e\u0436\u0434\u0435\u0441\u0442\u0432\u0435\u043d\u0441\u043a\u0438\u0435 \u043f\u0438\u0441\u044c\u043c\u0430, \u043f\u043e\u0437\u0434\u0440\u0430\u0432\u043b\u0435\u043d\u0438\u044f \u0438 \u043f\u043e\u0436\u0435\u043b\u0430\u043d\u0438\u044f, \u0447\u0442\u043e\u0431\u044b \u0441\u043a\u0440\u0430\u0441\u0438\u0442\u044c \u043f\u0440\u0430\u0437\u0434\u043d\u0438\u043a\u0438 \u043e\u0434\u0438\u043d\u043e\u043a\u0438\u043c \u043f\u043e\u0436\u0438\u043b\u044b\u043c \u043b\u044e\u0434\u044f\u043c.<\/strong><\/p>\t\t\t\t\t\t\t\t<\/div>\n\t\t\t\t<\/div>\n\t\t\t\t\t<\/div>\n\t\t\t\t<\/div>\n\t\t<div class=\"elementor-element elementor-element-162ec37 e-con-full e-flex e-con e-parent\" data-id=\"162ec37\" data-element_type=\"container\" data-settings=\"{&quot;background_background&quot;:&quot;classic&quot;}\">\n\t\t\t\t<div class=\"elementor-element elementor-element-a713634 elementor-widget elementor-widget-spacer\" data-id=\"a713634\" data-element_type=\"widget\" data-widget_type=\"spacer.default\">\n\t\t\t\t<div class=\"elementor-widget-container\">\n\t\t\t\t\t\t\t<div class=\"elementor-spacer\">\n\t\t\t<div class=\"elementor-spacer-inner\"><\/div>\n\t\t<\/div>\n\t\t\t\t\t\t<\/div>\n\t\t\t\t<\/div>\n\t\t\t\t<\/div>\n\t\t<div class=\"elementor-element elementor-element-d0cca27 e-flex e-con-boxed e-con e-parent\" data-id=\"d0cca27\" data-element_type=\"container\">\n\t\t\t\t\t<div class=\"e-con-inner\">\n\t\t\t\t<div class=\"elementor-element elementor-element-d0bcb19 elementor-widget elementor-widget-text-editor\" data-id=\"d0bcb19\" data-element_type=\"widget\" data-widget_type=\"text-editor.default\">\n\t\t\t\t<div class=\"elementor-widget-container\">\n\t\t\t\t\t\t\t\t\t<p><span style=\"font-weight: 400;\">\u0412 \u043f\u0440\u0430\u0437\u0434\u043d\u0438\u0447\u043d\u044b\u0439 \u043f\u0435\u0440\u0438\u043e\u0434, \u043a\u043e\u0433\u0434\u0430 \u0432 \u0433\u043e\u0440\u043e\u0434\u0430\u0445 \u0437\u0430\u0433\u043e\u0440\u0430\u044e\u0442\u0441\u044f \u0451\u043b\u043a\u0438, \u043d\u0435 \u0443 \u0432\u0441\u0435\u0445 \u0435\u0441\u0442\u044c \u0441 \u043a\u0435\u043c \u0440\u0430\u0437\u0434\u0435\u043b\u0438\u0442\u044c \u043e\u0436\u0438\u0434\u0430\u043d\u0438\u0435 \u043f\u0440\u0430\u0437\u0434\u043d\u0438\u043a\u0430. \u041f\u043e\u044d\u0442\u043e\u043c\u0443 \u0441 2021 \u0433\u043e\u0434\u0430 \u043c\u044b \u043f\u0440\u0438\u0433\u043b\u0430\u0448\u0430\u0435\u043c \u043b\u044e\u0434\u0435\u0439 \u043f\u043e \u0432\u0441\u0435\u0439 \u041b\u0438\u0442\u0432\u0435 \u043f\u0440\u0438\u0441\u043e\u0435\u0434\u0438\u043d\u0438\u0442\u044c\u0441\u044f \u043a \u0438\u043d\u0438\u0446\u0438\u0430\u0442\u0438\u0432\u0435 \u00ab\u0420\u043e\u0436\u0434\u0435\u0441\u0442\u0432\u0435\u043d\u0441\u043a\u0430\u044f \u043f\u043e\u0447\u0442\u0430 \u0434\u043b\u044f \u043f\u043e\u0436\u0438\u043b\u044b\u0445\u00bb \u0438 \u043d\u0430\u043f\u0438\u0441\u0430\u0442\u044c \u043f\u0440\u0430\u0437\u0434\u043d\u0438\u0447\u043d\u043e\u0435 \u043f\u0438\u0441\u044c\u043c\u043e \u0438\u043b\u0438 \u043e\u0442\u043a\u0440\u044b\u0442\u043a\u0443 \u043e\u0434\u0438\u043d\u043e\u043a\u043e\u043c\u0443 \u043f\u043e\u0436\u0438\u043b\u043e\u043c\u0443 \u0447\u0435\u043b\u043e\u0432\u0435\u043a\u0443.<\/span><\/p><p><span style=\"font-weight: 400;\">\u041f\u043e\u0437\u0434\u0440\u0430\u0432\u043b\u0435\u043d\u0438\u044f, \u0441\u043e\u0431\u0440\u0430\u043d\u043d\u044b\u0435 \u0432 \u0441\u043f\u0435\u0446\u0438\u0430\u043b\u044c\u043d\u044b\u0445 \u043f\u043e\u0447\u0442\u043e\u0432\u044b\u0445 \u044f\u0449\u0438\u043a\u0430\u0445, \u043e\u0442\u043f\u0440\u0430\u0432\u043b\u044f\u044e\u0442\u0441\u044f \u0432 \u0440\u0430\u0437\u043d\u044b\u0435 \u0443\u0433\u043e\u043b\u043a\u0438 \u041b\u0438\u0442\u0432\u044b, \u0447\u0442\u043e\u0431\u044b \u043f\u043e\u0440\u0430\u0434\u043e\u0432\u0430\u0442\u044c \u043f\u043e\u0436\u0438\u043b\u044b\u0445 \u043b\u044e\u0434\u0435\u0439, \u0434\u043b\u044f \u043a\u043e\u0442\u043e\u0440\u044b\u0445 \u043f\u0440\u0430\u0437\u0434\u043d\u0438\u0447\u043d\u043e\u0435 \u0432\u0440\u0435\u043c\u044f \u0447\u0430\u0441\u0442\u043e \u0431\u044b\u0432\u0430\u0435\u0442 \u0442\u0438\u0445\u0438\u043c.<\/span><\/p><p><span style=\"font-weight: 400;\">\u042d\u0442\u0430 \u0438\u043d\u0438\u0446\u0438\u0430\u0442\u0438\u0432\u0430 \u0432\u043e\u0437\u0440\u043e\u0436\u0434\u0430\u0435\u0442 \u043f\u0440\u043e\u0441\u0442\u0443\u044e, \u043d\u043e \u043e\u0447\u0435\u043d\u044c \u0447\u0435\u043b\u043e\u0432\u0435\u0447\u0435\u0441\u043a\u0443\u044e \u0442\u0440\u0430\u0434\u0438\u0446\u0438\u044e \u2014 \u043f\u0438\u0441\u044c\u043c\u0430, \u043d\u0430\u043f\u0438\u0441\u0430\u043d\u043d\u044b\u0435 \u043e\u0442 \u0440\u0443\u043a\u0438, \u2014 \u0438 \u043f\u043e\u0431\u0443\u0436\u0434\u0430\u0435\u0442 \u0441\u0442\u0440\u043e\u0438\u0442\u044c \u043c\u043e\u0441\u0442\u044b \u0438 \u0434\u0435\u043b\u0438\u0442\u044c\u0441\u044f \u0442\u0435\u043f\u043b\u043e\u043c \u0441 \u043d\u0435\u0437\u043d\u0430\u043a\u043e\u043c\u044b\u043c\u0438 \u043b\u044e\u0434\u044c\u043c\u0438. \u0412\u0435\u0434\u044c \u0432\u0441\u0435\u0433\u043e \u043d\u0435\u0441\u043a\u043e\u043b\u044c\u043a\u043e \u0441\u0442\u0440\u043e\u043a \u043c\u043e\u0433\u0443\u0442 \u0441\u0442\u0430\u0442\u044c \u0441\u0430\u043c\u044b\u043c \u0446\u0435\u043d\u043d\u044b\u043c \u043f\u043e\u0434\u0430\u0440\u043a\u043e\u043c: \u043f\u0440\u043e\u044f\u0432\u043b\u0435\u043d\u0438\u0435\u043c \u0432\u043d\u0438\u043c\u0430\u043d\u0438\u044f \u0438 \u043d\u0430\u043f\u043e\u043c\u0438\u043d\u0430\u043d\u0438\u0435\u043c \u043e \u0442\u043e\u043c, \u0447\u0442\u043e \u0447\u0435\u043b\u043e\u0432\u0435\u043a \u043d\u0435 \u0437\u0430\u0431\u044b\u0442. \u041c\u044b \u0440\u0430\u0434\u044b \u0432\u0438\u0434\u0435\u0442\u044c, \u043a\u0430\u043a \u043a \u0438\u043d\u0438\u0446\u0438\u0430\u0442\u0438\u0432\u0435 \u043f\u0440\u0438\u0441\u043e\u0435\u0434\u0438\u043d\u044f\u0435\u0442\u0441\u044f \u0432\u0441\u0451 \u0431\u043e\u043b\u044c\u0448\u0435 \u0448\u043a\u043e\u043b, \u043a\u043e\u043c\u043f\u0430\u043d\u0438\u0439 \u0438 \u0441\u043e\u043e\u0431\u0449\u0435\u0441\u0442\u0432. \u041a\u0430\u0436\u0434\u043e\u0435 \u043f\u0438\u0441\u044c\u043c\u043e \u2014 \u044d\u0442\u043e \u043c\u0430\u043b\u0435\u043d\u044c\u043a\u0438\u0439 \u043b\u0443\u0447 \u0441\u0432\u0435\u0442\u0430, \u043a\u043e\u0442\u043e\u0440\u044b\u043c \u043c\u044b \u043c\u043e\u0436\u0435\u043c \u043f\u043e\u0434\u0435\u043b\u0438\u0442\u044c\u0441\u044f \u0441 \u0442\u0435\u043c\u0438, \u043a\u043e\u043c\u0443 \u043e\u043d \u043d\u0443\u0436\u0435\u043d \u0431\u043e\u043b\u044c\u0448\u0435 \u0432\u0441\u0435\u0433\u043e.<\/span><\/p>\t\t\t\t\t\t\t\t<\/div>\n\t\t\t\t<\/div>\n\t\t\t\t\t<\/div>\n\t\t\t\t<\/div>\n\t\t<div class=\"elementor-element elementor-element-33f2951 e-flex e-con-boxed e-con e-parent\" data-id=\"33f2951\" data-element_type=\"container\">\n\t\t\t\t\t<div class=\"e-con-inner\">\n\t\t\t\t<div class=\"elementor-element elementor-element-008657f elementor-widget elementor-widget-gallery\" data-id=\"008657f\" data-element_type=\"widget\" data-settings=\"{&quot;columns_mobile&quot;:2,&quot;lazyload&quot;:&quot;yes&quot;,&quot;gallery_layout&quot;:&quot;grid&quot;,&quot;columns&quot;:4,&quot;columns_tablet&quot;:2,&quot;gap&quot;:{&quot;unit&quot;:&quot;px&quot;,&quot;size&quot;:10,&quot;sizes&quot;:[]},&quot;gap_tablet&quot;:{&quot;unit&quot;:&quot;px&quot;,&quot;size&quot;:10,&quot;sizes&quot;:[]},&quot;gap_mobile&quot;:{&quot;unit&quot;:&quot;px&quot;,&quot;size&quot;:10,&quot;sizes&quot;:[]},&quot;link_to&quot;:&quot;file&quot;,&quot;aspect_ratio&quot;:&quot;3:2&quot;,&quot;overlay_background&quot;:&quot;yes&quot;,&quot;content_hover_animation&quot;:&quot;fade-in&quot;}\" data-widget_type=\"gallery.default\">\n\t\t\t\t<div class=\"elementor-widget-container\">\n\t\t\t\t\t\t\t<div class=\"elementor-gallery__container\">\n\t\t\t\t\t\t\t<a class=\"e-gallery-item elementor-gallery-item elementor-animated-content\" href=\"https:\/\/senjoro.lt\/wp-content\/uploads\/2025\/10\/1-1.jpg\" data-elementor-open-lightbox=\"yes\" data-elementor-lightbox-slideshow=\"008657f\" data-elementor-lightbox-title=\"1\" data-e-action-hash=\"#elementor-action%3Aaction%3Dlightbox%26settings%3DeyJpZCI6NTM5OCwidXJsIjoiaHR0cHM6XC9cL3Nlbmpvcm8ubHRcL3dwLWNvbnRlbnRcL3VwbG9hZHNcLzIwMjVcLzEwXC8xLTEuanBnIiwic2xpZGVzaG93IjoiMDA4NjU3ZiJ9\">\n\t\t\t\t\t<div class=\"e-gallery-image elementor-gallery-item__image\" data-thumbnail=\"https:\/\/senjoro.lt\/wp-content\/uploads\/2025\/10\/1-1-1024x771.jpg\" data-width=\"740\" data-height=\"557\" aria-label=\"\" role=\"img\" ><\/div>\n\t\t\t\t\t\t\t\t\t\t\t<div class=\"elementor-gallery-item__overlay\"><\/div>\n\t\t\t\t\t\t\t\t\t\t\t\t\t\t<\/a>\n\t\t\t\t\t\t\t<a class=\"e-gallery-item elementor-gallery-item elementor-animated-content\" href=\"https:\/\/senjoro.lt\/wp-content\/uploads\/2025\/10\/2.jpg\" data-elementor-open-lightbox=\"yes\" data-elementor-lightbox-slideshow=\"008657f\" data-elementor-lightbox-title=\"2\" data-e-action-hash=\"#elementor-action%3Aaction%3Dlightbox%26settings%3DeyJpZCI6NTM5OSwidXJsIjoiaHR0cHM6XC9cL3Nlbmpvcm8ubHRcL3dwLWNvbnRlbnRcL3VwbG9hZHNcLzIwMjVcLzEwXC8yLmpwZyIsInNsaWRlc2hvdyI6IjAwODY1N2YifQ%3D%3D\">\n\t\t\t\t\t<div class=\"e-gallery-image elementor-gallery-item__image\" data-thumbnail=\"https:\/\/senjoro.lt\/wp-content\/uploads\/2025\/10\/2-768x1024.jpg\" data-width=\"740\" data-height=\"987\" aria-label=\"\" role=\"img\" ><\/div>\n\t\t\t\t\t\t\t\t\t\t\t<div class=\"elementor-gallery-item__overlay\"><\/div>\n\t\t\t\t\t\t\t\t\t\t\t\t\t\t<\/a>\n\t\t\t\t\t\t\t<a class=\"e-gallery-item elementor-gallery-item elementor-animated-content\" href=\"https:\/\/senjoro.lt\/wp-content\/uploads\/2025\/10\/3-scaled.jpg\" data-elementor-open-lightbox=\"yes\" data-elementor-lightbox-slideshow=\"008657f\" data-elementor-lightbox-title=\"3\" data-e-action-hash=\"#elementor-action%3Aaction%3Dlightbox%26settings%3DeyJpZCI6NTQwMCwidXJsIjoiaHR0cHM6XC9cL3Nlbmpvcm8ubHRcL3dwLWNvbnRlbnRcL3VwbG9hZHNcLzIwMjVcLzEwXC8zLXNjYWxlZC5qcGciLCJzbGlkZXNob3ciOiIwMDg2NTdmIn0%3D\">\n\t\t\t\t\t<div class=\"e-gallery-image elementor-gallery-item__image\" data-thumbnail=\"https:\/\/senjoro.lt\/wp-content\/uploads\/2025\/10\/3-768x1024.jpg\" data-width=\"740\" data-height=\"987\" aria-label=\"\" role=\"img\" ><\/div>\n\t\t\t\t\t\t\t\t\t\t\t<div class=\"elementor-gallery-item__overlay\"><\/div>\n\t\t\t\t\t\t\t\t\t\t\t\t\t\t<\/a>\n\t\t\t\t\t\t\t<a class=\"e-gallery-item elementor-gallery-item elementor-animated-content\" href=\"https:\/\/senjoro.lt\/wp-content\/uploads\/2025\/10\/4-scaled.jpeg\" data-elementor-open-lightbox=\"yes\" data-elementor-lightbox-slideshow=\"008657f\" data-elementor-lightbox-title=\"4\" data-e-action-hash=\"#elementor-action%3Aaction%3Dlightbox%26settings%3DeyJpZCI6NTQwNCwidXJsIjoiaHR0cHM6XC9cL3Nlbmpvcm8ubHRcL3dwLWNvbnRlbnRcL3VwbG9hZHNcLzIwMjVcLzEwXC80LXNjYWxlZC5qcGVnIiwic2xpZGVzaG93IjoiMDA4NjU3ZiJ9\">\n\t\t\t\t\t<div class=\"e-gallery-image elementor-gallery-item__image\" data-thumbnail=\"https:\/\/senjoro.lt\/wp-content\/uploads\/2025\/10\/4-768x1024.jpeg\" data-width=\"740\" data-height=\"987\" aria-label=\"\" role=\"img\" ><\/div>\n\t\t\t\t\t\t\t\t\t\t\t<div class=\"elementor-gallery-item__overlay\"><\/div>\n\t\t\t\t\t\t\t\t\t\t\t\t\t\t<\/a>\n\t\t\t\t\t\t\t<a class=\"e-gallery-item elementor-gallery-item elementor-animated-content\" href=\"https:\/\/senjoro.lt\/wp-content\/uploads\/2025\/10\/5.jpg\" data-elementor-open-lightbox=\"yes\" data-elementor-lightbox-slideshow=\"008657f\" data-elementor-lightbox-title=\"5\" data-e-action-hash=\"#elementor-action%3Aaction%3Dlightbox%26settings%3DeyJpZCI6NTQwNSwidXJsIjoiaHR0cHM6XC9cL3Nlbmpvcm8ubHRcL3dwLWNvbnRlbnRcL3VwbG9hZHNcLzIwMjVcLzEwXC81LmpwZyIsInNsaWRlc2hvdyI6IjAwODY1N2YifQ%3D%3D\">\n\t\t\t\t\t<div class=\"e-gallery-image elementor-gallery-item__image\" data-thumbnail=\"https:\/\/senjoro.lt\/wp-content\/uploads\/2025\/10\/5-1024x577.jpg\" data-width=\"740\" data-height=\"417\" aria-label=\"\" role=\"img\" ><\/div>\n\t\t\t\t\t\t\t\t\t\t\t<div class=\"elementor-gallery-item__overlay\"><\/div>\n\t\t\t\t\t\t\t\t\t\t\t\t\t\t<\/a>\n\t\t\t\t\t\t\t<a class=\"e-gallery-item elementor-gallery-item elementor-animated-content\" href=\"https:\/\/senjoro.lt\/wp-content\/uploads\/2025\/10\/6.jpg\" data-elementor-open-lightbox=\"yes\" data-elementor-lightbox-slideshow=\"008657f\" data-elementor-lightbox-title=\"6\" data-e-action-hash=\"#elementor-action%3Aaction%3Dlightbox%26settings%3DeyJpZCI6NTQwNiwidXJsIjoiaHR0cHM6XC9cL3Nlbmpvcm8ubHRcL3dwLWNvbnRlbnRcL3VwbG9hZHNcLzIwMjVcLzEwXC82LmpwZyIsInNsaWRlc2hvdyI6IjAwODY1N2YifQ%3D%3D\">\n\t\t\t\t\t<div class=\"e-gallery-image elementor-gallery-item__image\" data-thumbnail=\"https:\/\/senjoro.lt\/wp-content\/uploads\/2025\/10\/6-768x1024.jpg\" data-width=\"740\" data-height=\"987\" aria-label=\"\" role=\"img\" ><\/div>\n\t\t\t\t\t\t\t\t\t\t\t<div class=\"elementor-gallery-item__overlay\"><\/div>\n\t\t\t\t\t\t\t\t\t\t\t\t\t\t<\/a>\n\t\t\t\t\t\t\t<a class=\"e-gallery-item elementor-gallery-item elementor-animated-content\" href=\"https:\/\/senjoro.lt\/wp-content\/uploads\/2025\/10\/7.jpg\" data-elementor-open-lightbox=\"yes\" data-elementor-lightbox-slideshow=\"008657f\" data-elementor-lightbox-title=\"7\" data-e-action-hash=\"#elementor-action%3Aaction%3Dlightbox%26settings%3DeyJpZCI6NTQwNywidXJsIjoiaHR0cHM6XC9cL3Nlbmpvcm8ubHRcL3dwLWNvbnRlbnRcL3VwbG9hZHNcLzIwMjVcLzEwXC83LmpwZyIsInNsaWRlc2hvdyI6IjAwODY1N2YifQ%3D%3D\">\n\t\t\t\t\t<div class=\"e-gallery-image elementor-gallery-item__image\" data-thumbnail=\"https:\/\/senjoro.lt\/wp-content\/uploads\/2025\/10\/7-768x1024.jpg\" data-width=\"740\" data-height=\"987\" aria-label=\"\" role=\"img\" ><\/div>\n\t\t\t\t\t\t\t\t\t\t\t<div class=\"elementor-gallery-item__overlay\"><\/div>\n\t\t\t\t\t\t\t\t\t\t\t\t\t\t<\/a>\n\t\t\t\t\t<\/div>\n\t\t\t\t\t<\/div>\n\t\t\t\t<\/div>\n\t\t\t\t\t<\/div>\n\t\t\t\t<\/div>\n\t\t\t\t<\/div>","protected":false},"excerpt":{"rendered":"<p>Kal\u0117dinis senjor\u0173 pa\u0161tas Jau penktus metus kvie\u010diame visus Lietuvos \u017emones ra\u0161yti kal\u0117dinius lai\u0161kus, sveikinimus bei link\u0117jimus ir taip praskaidrinti vieni\u0161us senjorus per \u0161ventes. \u0160ventiniu laikotarpiu, kai miestuose su\u017eiba egl\u0117s, ne visi turi su kuo pasidalyti \u0161vent\u0117s laukimu. Tod\u0117l nuo 2021 met\u0173, kvie\u010diame \u017emones visoje Lietuvoje jungtis prie akcijos \u201eKal\u0117dinis senjor\u0173 pa\u0161tas\u201c ir para\u0161yti \u0161ventin\u012f lai\u0161k\u0105<\/p>","protected":false},"author":1,"featured_media":0,"parent":0,"menu_order":0,"comment_status":"closed","ping_status":"closed","template":"elementor_header_footer","meta":{"inline_featured_image":false,"footnotes":""},"class_list":["post-5361","page","type-page","status-publish","hentry"],"_links":{"self":[{"href":"https:\/\/senjoro.lt\/ru\/wp-json\/wp\/v2\/pages\/5361","targetHints":{"allow":["GET"]}}],"collection":[{"href":"https:\/\/senjoro.lt\/ru\/wp-json\/wp\/v2\/pages"}],"about":[{"href":"https:\/\/senjoro.lt\/ru\/wp-json\/wp\/v2\/types\/page"}],"author":[{"embeddable":true,"href":"https:\/\/senjoro.lt\/ru\/wp-json\/wp\/v2\/users\/1"}],"replies":[{"embeddable":true,"href":"https:\/\/senjoro.lt\/ru\/wp-json\/wp\/v2\/comments?post=5361"}],"version-history":[{"count":28,"href":"https:\/\/senjoro.lt\/ru\/wp-json\/wp\/v2\/pages\/5361\/revisions"}],"predecessor-version":[{"id":7160,"href":"https:\/\/senjoro.lt\/ru\/wp-json\/wp\/v2\/pages\/5361\/revisions\/7160"}],"wp:attachment":[{"href":"https:\/\/senjoro.lt\/ru\/wp-json\/wp\/v2\/media?parent=5361"}],"curies":[{"name":"wp","href":"https:\/\/api.w.org\/{rel}","templated":true}]}}