{"id":5352,"date":"2025-10-02T14:11:31","date_gmt":"2025-10-02T11:11:31","guid":{"rendered":"https:\/\/senjoro.lt\/?page_id=5352"},"modified":"2026-01-16T17:32:09","modified_gmt":"2026-01-16T14:32:09","slug":"senjorai-eina-i-pasimatyma","status":"publish","type":"page","link":"https:\/\/senjoro.lt\/ru\/senjorai-eina-i-pasimatyma\/","title":{"rendered":"Senjorai eina \u012f pasimatym\u0105!"},"content":{"rendered":"<div data-elementor-type=\"wp-page\" data-elementor-id=\"5352\" class=\"elementor elementor-5352\" data-elementor-post-type=\"page\">\n\t\t\t\t<div class=\"elementor-element elementor-element-4ccd8bb e-grid e-con-boxed e-con e-parent\" data-id=\"4ccd8bb\" data-element_type=\"container\">\n\t\t\t\t\t<div class=\"e-con-inner\">\n\t\t\t\t<div class=\"elementor-element elementor-element-edab3ce elementor-widget elementor-widget-digtek-heading-title-widget\" data-id=\"edab3ce\" data-element_type=\"widget\" data-widget_type=\"digtek-heading-title-widget.default\">\n\t\t\t\t<div class=\"elementor-widget-container\">\n\t\t\t\t\t\r\n\t\r\n\r\n<div class=\"section-title-area\">\r\n\t<div class=\"section-title\">\r\n\t\t\t\t\t\t<h2 class=\"wow fadeInUp\" data-wow-delay=\".3s\">\r\n\t\t\t\u0411\u044b\u0441\u0442\u0440\u044b\u0435 \u0441\u0432\u0438\u0434\u0430\u043d\u0438\u044f \u2013 \u043f\u043e\u0436\u0438\u043b\u044b\u0435 \u043b\u044e\u0434\u0438 \u043e\u0442\u043f\u0440\u0430\u0432\u043b\u044f\u044e\u0442\u0441\u044f \u0432 \u043f\u0440\u0438\u043a\u043b\u044e\u0447\u0435\u043d\u0438\u0435!\t\t<\/h2>\r\n\t\t\t<\/div>\r\n\t<\/div>\r\n\r\n\t\r\n\r\n             \r\n\t\t\t\t\t\t<\/div>\n\t\t\t\t<\/div>\n\t\t\t\t<div class=\"elementor-element elementor-element-f740ad0 elementor-widget__width-initial elementor-widget elementor-widget-text-editor\" data-id=\"f740ad0\" data-element_type=\"widget\" data-widget_type=\"text-editor.default\">\n\t\t\t\t<div class=\"elementor-widget-container\">\n\t\t\t\t\t\t\t\t\t<p><strong>\u0423\u0436\u0435 \u0442\u0440\u0435\u0442\u0438\u0439 \u0433\u043e\u0434 \u043c\u044b \u043f\u0440\u0438\u0433\u043b\u0430\u0448\u0430\u0435\u043c \u043f\u043e\u0436\u0438\u043b\u044b\u0445 \u043b\u044e\u0434\u0435\u0439 \u043d\u0430 \u0431\u044b\u0441\u0442\u0440\u044b\u0435 \u0441\u0432\u0438\u0434\u0430\u043d\u0438\u044f, \u0447\u0442\u043e\u0431\u044b \u0437\u0430\u0432\u0435\u0441\u0442\u0438 \u043d\u043e\u0432\u044b\u0435 \u0442\u0451\u043f\u043b\u044b\u0435 \u0437\u043d\u0430\u043a\u043e\u043c\u0441\u0442\u0432\u0430 \u0438 \u043e\u0442\u043f\u0440\u0430\u0432\u0438\u0442\u044c\u0441\u044f \u0432 \u043f\u0440\u0438\u043a\u043b\u044e\u0447\u0435\u043d\u0438\u0435 \u2013 \u0432\u0441\u0442\u0440\u0435\u0447\u0443, \u043a\u043e\u0442\u043e\u0440\u0430\u044f \u0441\u043f\u043e\u0441\u043e\u0431\u043d\u0430 \u0441\u043a\u0440\u0430\u0441\u0438\u0442\u044c \u0434\u0435\u043d\u044c.<\/strong><\/p>\t\t\t\t\t\t\t\t<\/div>\n\t\t\t\t<\/div>\n\t\t\t\t\t<\/div>\n\t\t\t\t<\/div>\n\t\t<div class=\"elementor-element elementor-element-25552e5 e-con-full e-flex e-con e-parent\" data-id=\"25552e5\" data-element_type=\"container\" data-settings=\"{&quot;background_background&quot;:&quot;classic&quot;}\">\n\t\t\t\t<div class=\"elementor-element elementor-element-9fe0eb7 elementor-widget elementor-widget-spacer\" data-id=\"9fe0eb7\" data-element_type=\"widget\" data-widget_type=\"spacer.default\">\n\t\t\t\t<div class=\"elementor-widget-container\">\n\t\t\t\t\t\t\t<div class=\"elementor-spacer\">\n\t\t\t<div class=\"elementor-spacer-inner\"><\/div>\n\t\t<\/div>\n\t\t\t\t\t\t<\/div>\n\t\t\t\t<\/div>\n\t\t\t\t<\/div>\n\t\t<div class=\"elementor-element elementor-element-9cb5ec6 e-flex e-con-boxed e-con e-parent\" data-id=\"9cb5ec6\" data-element_type=\"container\">\n\t\t\t\t\t<div class=\"e-con-inner\">\n\t\t\t\t<div class=\"elementor-element elementor-element-ed055f5 elementor-widget elementor-widget-text-editor\" data-id=\"ed055f5\" data-element_type=\"widget\" data-widget_type=\"text-editor.default\">\n\t\t\t\t<div class=\"elementor-widget-container\">\n\t\t\t\t\t\t\t\t\t<p><span style=\"font-weight: 400;\">\u041d\u043e\u0432\u044b\u0435 \u0434\u0440\u0443\u0436\u0431\u044b, \u0441\u043e\u0434\u0435\u0440\u0436\u0430\u0442\u0435\u043b\u044c\u043d\u044b\u0435 \u0431\u0435\u0441\u0435\u0434\u044b \u0438 \u0432\u0441\u0442\u0440\u0435\u0447\u0438, \u0432\u044b\u0437\u044b\u0432\u0430\u044e\u0449\u0438\u0435 \u0443\u043b\u044b\u0431\u043a\u0443 \u2013 \u0432\u0441\u0451 \u044d\u0442\u043e \u043e\u0431\u043e\u0433\u0430\u0449\u0430\u0435\u0442 \u043f\u043e\u0432\u0441\u0435\u0434\u043d\u0435\u0432\u043d\u0443\u044e \u0436\u0438\u0437\u043d\u044c \u0432 \u043b\u044e\u0431\u043e\u043c \u0432\u043e\u0437\u0440\u0430\u0441\u0442\u0435. \u0417\u0430\u043c\u0435\u0447\u0430\u044f, \u0447\u0442\u043e \u043c\u043d\u043e\u0433\u0438\u0435 \u043f\u043e\u0436\u0438\u043b\u044b\u0435 \u043b\u044e\u0434\u0438 \u0441\u0442\u0430\u043b\u043a\u0438\u0432\u0430\u044e\u0442\u0441\u044f \u0441 \u043d\u0435\u0445\u0432\u0430\u0442\u043a\u043e\u0439 \u043e\u0431\u0449\u0435\u043d\u0438\u044f, \u043a\u043e\u043c\u0430\u043d\u0434\u0430 SENJORO \u0441 2023 \u0433\u043e\u0434\u0430 \u0435\u0436\u0435\u0433\u043e\u0434\u043d\u043e \u043f\u0440\u0438\u0433\u043b\u0430\u0448\u0430\u0435\u0442 \u0438\u0445 \u043d\u0430 \u0431\u044b\u0441\u0442\u0440\u044b\u0435 \u0441\u0432\u0438\u0434\u0430\u043d\u0438\u044f. \u042d\u0442\u0430 \u0438\u0433\u0440\u0438\u0432\u0430\u044f \u0438 \u0443\u044e\u0442\u043d\u0430\u044f \u0438\u043d\u0438\u0446\u0438\u0430\u0442\u0438\u0432\u0430 \u043f\u0440\u0435\u0434\u043d\u0430\u0437\u043d\u0430\u0447\u0435\u043d\u0430 \u0434\u043b\u044f \u0437\u043d\u0430\u043a\u043e\u043c\u0441\u0442\u0432\u0430 \u0441 \u043d\u043e\u0432\u044b\u043c\u0438 \u043b\u044e\u0434\u044c\u043c\u0438, \u043e\u0431\u043c\u0435\u043d\u0430 \u0438\u0441\u0442\u043e\u0440\u0438\u044f\u043c\u0438 \u0438 \u0441\u043e\u0437\u0434\u0430\u043d\u0438\u044f \u043d\u043e\u0432\u044b\u0445 \u0434\u0440\u0443\u0436\u0435\u0441\u043a\u0438\u0445 \u0441\u0432\u044f\u0437\u0435\u0439.<\/span><\/p><p>\u00a0<\/p><p><span style=\"font-weight: 400;\">\u042d\u0442\u0438 \u0431\u044b\u0441\u0442\u0440\u044b\u0435 \u0441\u0432\u0438\u0434\u0430\u043d\u0438\u044f \u043d\u0435 \u043e \u0440\u043e\u043c\u0430\u043d\u0442\u0438\u043a\u0435, \u0430 \u043e \u043e\u0431\u0449\u0435\u043d\u0438\u0438, \u0447\u0435\u043b\u043e\u0432\u0435\u0447\u0435\u0441\u043a\u043e\u043c \u0442\u0435\u043f\u043b\u0435 \u0438 \u0436\u0435\u043b\u0430\u043d\u0438\u0438 \u0431\u044b\u0442\u044c \u0443\u0441\u043b\u044b\u0448\u0430\u043d\u043d\u044b\u043c. \u041c\u0435\u0440\u043e\u043f\u0440\u0438\u044f\u0442\u0438\u044f \u043f\u0440\u043e\u0445\u043e\u0434\u044f\u0442 \u0432 \u0444\u043e\u0440\u043c\u0430\u0442\u0435 \u0431\u044b\u0441\u0442\u0440\u044b\u0445 \u0441\u0432\u0438\u0434\u0430\u043d\u0438\u0439, \u0434\u0430\u0432\u0430\u044f \u0443\u0447\u0430\u0441\u0442\u043d\u0438\u043a\u0430\u043c \u0432\u043e\u0437\u043c\u043e\u0436\u043d\u043e\u0441\u0442\u044c \u043f\u043e\u043e\u0431\u0449\u0430\u0442\u044c\u0441\u044f \u0441\u043e \u043c\u043d\u043e\u0433\u0438\u043c\u0438 \u0440\u0430\u0437\u043d\u044b\u043c\u0438 \u043b\u044e\u0434\u044c\u043c\u0438.<\/span><\/p><p>\u00a0<\/p><p><span style=\"font-weight: 400;\">\u0421 2023 \u0433\u043e\u0434\u0430 \u0443\u0436\u0435 \u043f\u0440\u043e\u0448\u043b\u043e 17 \u043c\u0435\u0440\u043e\u043f\u0440\u0438\u044f\u0442\u0438\u0439 \u00ab\u0411\u044b\u0441\u0442\u0440\u044b\u0435 \u0441\u0432\u0438\u0434\u0430\u043d\u0438\u044f \u0434\u043b\u044f \u043f\u043e\u0436\u0438\u043b\u044b\u0445\u00bb, \u0432 \u043a\u043e\u0442\u043e\u0440\u044b\u0445 \u043f\u0440\u0438\u043d\u044f\u043b\u0438 \u0443\u0447\u0430\u0441\u0442\u0438\u0435 \u0431\u043e\u043b\u0435\u0435 700 \u043f\u043e\u0436\u0438\u043b\u044b\u0445 \u043b\u044e\u0434\u0435\u0439 \u0438\u0437 \u0440\u0430\u0437\u043d\u044b\u0445 \u0433\u043e\u0440\u043e\u0434\u043e\u0432 \u041b\u0438\u0442\u0432\u044b. \u042d\u0442\u0430 \u0435\u0436\u0435\u0433\u043e\u0434\u043d\u0430\u044f \u0440\u0430\u0441\u0442\u0443\u0449\u0430\u044f \u0438\u043d\u0438\u0446\u0438\u0430\u0442\u0438\u0432\u0430 \u00ab\u041f\u043e\u0436\u0438\u043b\u044b\u0435 \u0438\u0434\u0443\u0442 \u043d\u0430 \u0441\u0432\u0438\u0434\u0430\u043d\u0438\u0435\u00bb \u043f\u043e\u0431\u0443\u0436\u0434\u0430\u0435\u0442 \u043f\u043e\u0436\u0438\u043b\u044b\u0445 \u043b\u044e\u0434\u0435\u0439 \u0432\u044b\u0439\u0442\u0438 \u0438\u0437 \u0434\u043e\u043c\u0430, \u043d\u0430\u0440\u044f\u0434\u0438\u0442\u044c\u0441\u044f \u0438 \u043e\u0442\u043f\u0440\u0430\u0432\u0438\u0442\u044c\u0441\u044f \u0432 \u043c\u0430\u043b\u0435\u043d\u044c\u043a\u043e\u0435, \u043d\u043e \u043e\u0447\u0435\u043d\u044c \u0437\u043d\u0430\u0447\u0438\u043c\u043e\u0435 \u043f\u0440\u0438\u043a\u043b\u044e\u0447\u0435\u043d\u0438\u0435 \u2013 \u0432\u0441\u0442\u0440\u0435\u0447\u0443, \u0441\u043f\u043e\u0441\u043e\u0431\u043d\u0443\u044e \u0441\u043a\u0440\u0430\u0441\u0438\u0442\u044c \u0434\u0435\u043d\u044c.<\/span><\/p>\t\t\t\t\t\t\t\t<\/div>\n\t\t\t\t<\/div>\n\t\t\t\t\t<\/div>\n\t\t\t\t<\/div>\n\t\t<div class=\"elementor-element elementor-element-f018e29 e-flex e-con-boxed e-con e-parent\" data-id=\"f018e29\" data-element_type=\"container\">\n\t\t\t\t\t<div class=\"e-con-inner\">\n\t\t\t\t<div class=\"elementor-element elementor-element-13127a8 elementor-widget elementor-widget-gallery\" data-id=\"13127a8\" data-element_type=\"widget\" data-settings=\"{&quot;columns_mobile&quot;:2,&quot;lazyload&quot;:&quot;yes&quot;,&quot;gallery_layout&quot;:&quot;grid&quot;,&quot;columns&quot;:4,&quot;columns_tablet&quot;:2,&quot;gap&quot;:{&quot;unit&quot;:&quot;px&quot;,&quot;size&quot;:10,&quot;sizes&quot;:[]},&quot;gap_tablet&quot;:{&quot;unit&quot;:&quot;px&quot;,&quot;size&quot;:10,&quot;sizes&quot;:[]},&quot;gap_mobile&quot;:{&quot;unit&quot;:&quot;px&quot;,&quot;size&quot;:10,&quot;sizes&quot;:[]},&quot;link_to&quot;:&quot;file&quot;,&quot;aspect_ratio&quot;:&quot;3:2&quot;,&quot;overlay_background&quot;:&quot;yes&quot;,&quot;content_hover_animation&quot;:&quot;fade-in&quot;}\" data-widget_type=\"gallery.default\">\n\t\t\t\t<div class=\"elementor-widget-container\">\n\t\t\t\t\t\t\t<div class=\"elementor-gallery__container\">\n\t\t\t\t\t\t\t<a class=\"e-gallery-item elementor-gallery-item elementor-animated-content\" href=\"https:\/\/senjoro.lt\/wp-content\/uploads\/2025\/10\/480308977_1158280799640643_5004192259252117930_n.jpg\" data-elementor-open-lightbox=\"yes\" data-elementor-lightbox-slideshow=\"13127a8\" data-elementor-lightbox-title=\"480308977_1158280799640643_5004192259252117930_n\" data-e-action-hash=\"#elementor-action%3Aaction%3Dlightbox%26settings%3DeyJpZCI6NTM4OSwidXJsIjoiaHR0cHM6XC9cL3Nlbmpvcm8ubHRcL3dwLWNvbnRlbnRcL3VwbG9hZHNcLzIwMjVcLzEwXC80ODAzMDg5NzdfMTE1ODI4MDc5OTY0MDY0M181MDA0MTkyMjU5MjUyMTE3OTMwX24uanBnIiwic2xpZGVzaG93IjoiMTMxMjdhOCJ9\">\n\t\t\t\t\t<div class=\"e-gallery-image elementor-gallery-item__image\" data-thumbnail=\"https:\/\/senjoro.lt\/wp-content\/uploads\/2025\/10\/480308977_1158280799640643_5004192259252117930_n-1024x771.jpg\" data-width=\"740\" data-height=\"557\" aria-label=\"\" role=\"img\" ><\/div>\n\t\t\t\t\t\t\t\t\t\t\t<div class=\"elementor-gallery-item__overlay\"><\/div>\n\t\t\t\t\t\t\t\t\t\t\t\t\t\t<\/a>\n\t\t\t\t\t\t\t<a class=\"e-gallery-item elementor-gallery-item elementor-animated-content\" href=\"https:\/\/senjoro.lt\/wp-content\/uploads\/2025\/10\/489952982_1209251131210276_2611729302461871836_n.jpg\" data-elementor-open-lightbox=\"yes\" data-elementor-lightbox-slideshow=\"13127a8\" data-elementor-lightbox-title=\"489952982_1209251131210276_2611729302461871836_n\" data-e-action-hash=\"#elementor-action%3Aaction%3Dlightbox%26settings%3DeyJpZCI6NTM5MCwidXJsIjoiaHR0cHM6XC9cL3Nlbmpvcm8ubHRcL3dwLWNvbnRlbnRcL3VwbG9hZHNcLzIwMjVcLzEwXC80ODk5NTI5ODJfMTIwOTI1MTEzMTIxMDI3Nl8yNjExNzI5MzAyNDYxODcxODM2X24uanBnIiwic2xpZGVzaG93IjoiMTMxMjdhOCJ9\">\n\t\t\t\t\t<div class=\"e-gallery-image elementor-gallery-item__image\" data-thumbnail=\"https:\/\/senjoro.lt\/wp-content\/uploads\/2025\/10\/489952982_1209251131210276_2611729302461871836_n-1024x768.jpg\" data-width=\"740\" data-height=\"555\" aria-label=\"\" role=\"img\" ><\/div>\n\t\t\t\t\t\t\t\t\t\t\t<div class=\"elementor-gallery-item__overlay\"><\/div>\n\t\t\t\t\t\t\t\t\t\t\t\t\t\t<\/a>\n\t\t\t\t\t\t\t<a class=\"e-gallery-item elementor-gallery-item elementor-animated-content\" href=\"https:\/\/senjoro.lt\/wp-content\/uploads\/2025\/10\/489985091_1209251351210254_7875880617140272732_n.jpg\" data-elementor-open-lightbox=\"yes\" data-elementor-lightbox-slideshow=\"13127a8\" data-elementor-lightbox-title=\"489985091_1209251351210254_7875880617140272732_n\" data-e-action-hash=\"#elementor-action%3Aaction%3Dlightbox%26settings%3DeyJpZCI6NTM5MSwidXJsIjoiaHR0cHM6XC9cL3Nlbmpvcm8ubHRcL3dwLWNvbnRlbnRcL3VwbG9hZHNcLzIwMjVcLzEwXC80ODk5ODUwOTFfMTIwOTI1MTM1MTIxMDI1NF83ODc1ODgwNjE3MTQwMjcyNzMyX24uanBnIiwic2xpZGVzaG93IjoiMTMxMjdhOCJ9\">\n\t\t\t\t\t<div class=\"e-gallery-image elementor-gallery-item__image\" data-thumbnail=\"https:\/\/senjoro.lt\/wp-content\/uploads\/2025\/10\/489985091_1209251351210254_7875880617140272732_n-1024x768.jpg\" data-width=\"740\" data-height=\"555\" aria-label=\"\" role=\"img\" ><\/div>\n\t\t\t\t\t\t\t\t\t\t\t<div class=\"elementor-gallery-item__overlay\"><\/div>\n\t\t\t\t\t\t\t\t\t\t\t\t\t\t<\/a>\n\t\t\t\t\t\t\t<a class=\"e-gallery-item elementor-gallery-item elementor-animated-content\" href=\"https:\/\/senjoro.lt\/wp-content\/uploads\/2025\/10\/490089174_1209251411210248_1474918830544806864_n.jpg\" data-elementor-open-lightbox=\"yes\" data-elementor-lightbox-slideshow=\"13127a8\" data-elementor-lightbox-title=\"490089174_1209251411210248_1474918830544806864_n\" data-e-action-hash=\"#elementor-action%3Aaction%3Dlightbox%26settings%3DeyJpZCI6NTM5MiwidXJsIjoiaHR0cHM6XC9cL3Nlbmpvcm8ubHRcL3dwLWNvbnRlbnRcL3VwbG9hZHNcLzIwMjVcLzEwXC80OTAwODkxNzRfMTIwOTI1MTQxMTIxMDI0OF8xNDc0OTE4ODMwNTQ0ODA2ODY0X24uanBnIiwic2xpZGVzaG93IjoiMTMxMjdhOCJ9\">\n\t\t\t\t\t<div class=\"e-gallery-image elementor-gallery-item__image\" data-thumbnail=\"https:\/\/senjoro.lt\/wp-content\/uploads\/2025\/10\/490089174_1209251411210248_1474918830544806864_n-1024x725.jpg\" data-width=\"740\" data-height=\"524\" aria-label=\"\" role=\"img\" ><\/div>\n\t\t\t\t\t\t\t\t\t\t\t<div class=\"elementor-gallery-item__overlay\"><\/div>\n\t\t\t\t\t\t\t\t\t\t\t\t\t\t<\/a>\n\t\t\t\t\t\t\t<a class=\"e-gallery-item elementor-gallery-item elementor-animated-content\" href=\"https:\/\/senjoro.lt\/wp-content\/uploads\/2025\/10\/493783752_1226725762796146_1611205233673904873_n-1.jpg\" data-elementor-open-lightbox=\"yes\" data-elementor-lightbox-slideshow=\"13127a8\" data-elementor-lightbox-title=\"493783752_1226725762796146_1611205233673904873_n\" data-e-action-hash=\"#elementor-action%3Aaction%3Dlightbox%26settings%3DeyJpZCI6NTM5MywidXJsIjoiaHR0cHM6XC9cL3Nlbmpvcm8ubHRcL3dwLWNvbnRlbnRcL3VwbG9hZHNcLzIwMjVcLzEwXC80OTM3ODM3NTJfMTIyNjcyNTc2Mjc5NjE0Nl8xNjExMjA1MjMzNjczOTA0ODczX24tMS5qcGciLCJzbGlkZXNob3ciOiIxMzEyN2E4In0%3D\">\n\t\t\t\t\t<div class=\"e-gallery-image elementor-gallery-item__image\" data-thumbnail=\"https:\/\/senjoro.lt\/wp-content\/uploads\/2025\/10\/493783752_1226725762796146_1611205233673904873_n-1-1024x771.jpg\" data-width=\"740\" data-height=\"557\" aria-label=\"\" role=\"img\" ><\/div>\n\t\t\t\t\t\t\t\t\t\t\t<div class=\"elementor-gallery-item__overlay\"><\/div>\n\t\t\t\t\t\t\t\t\t\t\t\t\t\t<\/a>\n\t\t\t\t\t\t\t<a class=\"e-gallery-item elementor-gallery-item elementor-animated-content\" href=\"https:\/\/senjoro.lt\/wp-content\/uploads\/2025\/10\/557614075_1366594702142584_6659063569789456566_n.jpg\" data-elementor-open-lightbox=\"yes\" data-elementor-lightbox-slideshow=\"13127a8\" data-elementor-lightbox-title=\"557614075_1366594702142584_6659063569789456566_n\" data-e-action-hash=\"#elementor-action%3Aaction%3Dlightbox%26settings%3DeyJpZCI6NTM5NCwidXJsIjoiaHR0cHM6XC9cL3Nlbmpvcm8ubHRcL3dwLWNvbnRlbnRcL3VwbG9hZHNcLzIwMjVcLzEwXC81NTc2MTQwNzVfMTM2NjU5NDcwMjE0MjU4NF82NjU5MDYzNTY5Nzg5NDU2NTY2X24uanBnIiwic2xpZGVzaG93IjoiMTMxMjdhOCJ9\">\n\t\t\t\t\t<div class=\"e-gallery-image elementor-gallery-item__image\" data-thumbnail=\"https:\/\/senjoro.lt\/wp-content\/uploads\/2025\/10\/557614075_1366594702142584_6659063569789456566_n-1024x771.jpg\" data-width=\"740\" data-height=\"557\" aria-label=\"\" role=\"img\" ><\/div>\n\t\t\t\t\t\t\t\t\t\t\t<div class=\"elementor-gallery-item__overlay\"><\/div>\n\t\t\t\t\t\t\t\t\t\t\t\t\t\t<\/a>\n\t\t\t\t\t\t\t<a class=\"e-gallery-item elementor-gallery-item elementor-animated-content\" href=\"https:\/\/senjoro.lt\/wp-content\/uploads\/2025\/10\/1000059255-1.jpeg\" data-elementor-open-lightbox=\"yes\" data-elementor-lightbox-slideshow=\"13127a8\" data-elementor-lightbox-title=\"1000059255 (1)\" data-e-action-hash=\"#elementor-action%3Aaction%3Dlightbox%26settings%3DeyJpZCI6NTM5NSwidXJsIjoiaHR0cHM6XC9cL3Nlbmpvcm8ubHRcL3dwLWNvbnRlbnRcL3VwbG9hZHNcLzIwMjVcLzEwXC8xMDAwMDU5MjU1LTEuanBlZyIsInNsaWRlc2hvdyI6IjEzMTI3YTgifQ%3D%3D\">\n\t\t\t\t\t<div class=\"e-gallery-image elementor-gallery-item__image\" data-thumbnail=\"https:\/\/senjoro.lt\/wp-content\/uploads\/2025\/10\/1000059255-1-1024x771.jpeg\" data-width=\"740\" data-height=\"557\" aria-label=\"\" role=\"img\" ><\/div>\n\t\t\t\t\t\t\t\t\t\t\t<div class=\"elementor-gallery-item__overlay\"><\/div>\n\t\t\t\t\t\t\t\t\t\t\t\t\t\t<\/a>\n\t\t\t\t\t\t\t<a class=\"e-gallery-item elementor-gallery-item elementor-animated-content\" href=\"https:\/\/senjoro.lt\/wp-content\/uploads\/2025\/10\/1000059688.jpeg\" data-elementor-open-lightbox=\"yes\" data-elementor-lightbox-slideshow=\"13127a8\" data-elementor-lightbox-title=\"1000059688\" data-e-action-hash=\"#elementor-action%3Aaction%3Dlightbox%26settings%3DeyJpZCI6NTM5NiwidXJsIjoiaHR0cHM6XC9cL3Nlbmpvcm8ubHRcL3dwLWNvbnRlbnRcL3VwbG9hZHNcLzIwMjVcLzEwXC8xMDAwMDU5Njg4LmpwZWciLCJzbGlkZXNob3ciOiIxMzEyN2E4In0%3D\">\n\t\t\t\t\t<div class=\"e-gallery-image elementor-gallery-item__image\" data-thumbnail=\"https:\/\/senjoro.lt\/wp-content\/uploads\/2025\/10\/1000059688-1024x771.jpeg\" data-width=\"740\" data-height=\"557\" aria-label=\"\" role=\"img\" ><\/div>\n\t\t\t\t\t\t\t\t\t\t\t<div class=\"elementor-gallery-item__overlay\"><\/div>\n\t\t\t\t\t\t\t\t\t\t\t\t\t\t<\/a>\n\t\t\t\t\t<\/div>\n\t\t\t\t\t<\/div>\n\t\t\t\t<\/div>\n\t\t\t\t\t<\/div>\n\t\t\t\t<\/div>\n\t\t\t\t<\/div>","protected":false},"excerpt":{"rendered":"<p>Greitieji pasimatymai \u2013 senjorai leid\u017eiasi \u012f nuotyk\u012f! Jau tre\u010dius metus kvie\u010diame senjorus \u012f greituosius pasimatymus megzti naujas, gra\u017eias draugystes, leistis \u012f nuotyk\u012f \u2013 pa\u017eint\u012f, galin\u010di\u0105 su\u0161ildyti dien\u0105. Naujos bi\u010diulyst\u0117s, turiningi pokalbiai ir \u0161ypsen\u0105 keliantys susitikimai \u2013 visa tai praturtina kasdienyb\u0119 bet kokiame am\u017eiuje. Pasteb\u0117j\u0119, kad daugelis senjor\u0173 kasdien susiduria su bendravimo stygiumi, \u201eSENJORO\u201c komanda nuo<\/p>","protected":false},"author":1,"featured_media":0,"parent":0,"menu_order":0,"comment_status":"closed","ping_status":"closed","template":"elementor_header_footer","meta":{"inline_featured_image":false,"footnotes":""},"class_list":["post-5352","page","type-page","status-publish","hentry"],"_links":{"self":[{"href":"https:\/\/senjoro.lt\/ru\/wp-json\/wp\/v2\/pages\/5352","targetHints":{"allow":["GET"]}}],"collection":[{"href":"https:\/\/senjoro.lt\/ru\/wp-json\/wp\/v2\/pages"}],"about":[{"href":"https:\/\/senjoro.lt\/ru\/wp-json\/wp\/v2\/types\/page"}],"author":[{"embeddable":true,"href":"https:\/\/senjoro.lt\/ru\/wp-json\/wp\/v2\/users\/1"}],"replies":[{"embeddable":true,"href":"https:\/\/senjoro.lt\/ru\/wp-json\/wp\/v2\/comments?post=5352"}],"version-history":[{"count":31,"href":"https:\/\/senjoro.lt\/ru\/wp-json\/wp\/v2\/pages\/5352\/revisions"}],"predecessor-version":[{"id":7157,"href":"https:\/\/senjoro.lt\/ru\/wp-json\/wp\/v2\/pages\/5352\/revisions\/7157"}],"wp:attachment":[{"href":"https:\/\/senjoro.lt\/ru\/wp-json\/wp\/v2\/media?parent=5352"}],"curies":[{"name":"wp","href":"https:\/\/api.w.org\/{rel}","templated":true}]}}