{"id":4575,"date":"2025-08-05T06:20:34","date_gmt":"2025-08-05T06:20:34","guid":{"rendered":"https:\/\/senjoro.lt\/?page_id=4575"},"modified":"2026-04-17T16:16:34","modified_gmt":"2026-04-17T13:16:34","slug":"krautuvele","status":"publish","type":"page","link":"https:\/\/senjoro.lt\/ru\/krautuvele\/","title":{"rendered":"\u041b\u0430\u0432\u043a\u0430"},"content":{"rendered":"\t\t<div data-elementor-type=\"wp-page\" data-elementor-id=\"4575\" class=\"elementor elementor-4575\" data-elementor-post-type=\"page\">\n\t\t\t\t<div class=\"elementor-element elementor-element-b317f35 e-flex e-con-boxed e-con e-parent\" data-id=\"b317f35\" data-element_type=\"container\">\n\t\t\t\t\t<div class=\"e-con-inner\">\n\t\t<div class=\"elementor-element elementor-element-5edbe5c e-grid e-con-full e-con e-child\" data-id=\"5edbe5c\" data-element_type=\"container\">\n\t\t\t\t<div class=\"elementor-element elementor-element-9e642f5 elementor-widget elementor-widget-digtek-heading-title-widget\" data-id=\"9e642f5\" data-element_type=\"widget\" data-widget_type=\"digtek-heading-title-widget.default\">\n\t\t\t\t<div class=\"elementor-widget-container\">\n\t\t\t\t\t\r\n\t\r\n\r\n<div class=\"section-title-area\">\r\n\t<div class=\"section-title\">\r\n\t\t\t\t\t\t<h2 class=\"wow fadeInUp\" data-wow-delay=\".3s\">\r\n\t\t\tSENJORO krautuv\u0117l\u0117\t\t<\/h2>\r\n\t\t\t<\/div>\r\n\t<\/div>\r\n\r\n\t\r\n\r\n             \r\n\t\t\t\t\t\t<\/div>\n\t\t\t\t<\/div>\n\t\t\t\t<\/div>\n\t\t\t\t\t<\/div>\n\t\t\t\t<\/div>\n\t\t<div class=\"elementor-element elementor-element-b1ad587 e-flex e-con-boxed e-con e-parent\" data-id=\"b1ad587\" data-element_type=\"container\">\n\t\t\t\t\t<div class=\"e-con-inner\">\n\t\t\t\t<div class=\"elementor-element elementor-element-4c93c37 elementor-grid-2 elementor-grid-tablet-3 elementor-grid-mobile-2 elementor-products-grid elementor-wc-products elementor-show-pagination-border-yes elementor-widget elementor-widget-woocommerce-products\" data-id=\"4c93c37\" data-element_type=\"widget\" data-widget_type=\"woocommerce-products.default\">\n\t\t\t\t<div class=\"elementor-widget-container\">\n\t\t\t\t\t<div class=\"woocommerce columns-2 \"><div class=\"woocommerce-notices-wrapper\"><\/div><ul class=\"products elementor-grid columns-2\">\r\n<li class=\"product type-product post-4564 status-publish first instock product_cat-be-kategorijos has-post-thumbnail shipping-taxable purchasable product-type-simple\">\r\n\t<a href=\"https:\/\/senjoro.lt\/ru\/product\/smeline-senjores-eugenijos-rankine\/\" class=\"woocommerce-LoopProduct-link woocommerce-loop-product__link\"><h2 class=\"woocommerce-loop-product__title\">Sm\u0117lin\u0117 senjor\u0117s EUGENIJOS rankin\u0117<\/h2><img fetchpriority=\"high\" decoding=\"async\" width=\"300\" height=\"300\" src=\"https:\/\/senjoro.lt\/wp-content\/uploads\/2025\/08\/PXL_20250408_110118643.PORTRAIT3-300x300.jpg\" class=\"attachment-woocommerce_thumbnail size-woocommerce_thumbnail\" alt=\"Sm\u0117lin\u0117 senjor\u0117s EUGENIJOS rankin\u0117\" srcset=\"https:\/\/senjoro.lt\/wp-content\/uploads\/2025\/08\/PXL_20250408_110118643.PORTRAIT3-300x300.jpg 300w, https:\/\/senjoro.lt\/wp-content\/uploads\/2025\/08\/PXL_20250408_110118643.PORTRAIT3-100x100.jpg 100w, https:\/\/senjoro.lt\/wp-content\/uploads\/2025\/08\/PXL_20250408_110118643.PORTRAIT3-600x600.jpg 600w, https:\/\/senjoro.lt\/wp-content\/uploads\/2025\/08\/PXL_20250408_110118643.PORTRAIT3-1024x1024.jpg 1024w, https:\/\/senjoro.lt\/wp-content\/uploads\/2025\/08\/PXL_20250408_110118643.PORTRAIT3-150x150.jpg 150w, https:\/\/senjoro.lt\/wp-content\/uploads\/2025\/08\/PXL_20250408_110118643.PORTRAIT3-768x768.jpg 768w, https:\/\/senjoro.lt\/wp-content\/uploads\/2025\/08\/PXL_20250408_110118643.PORTRAIT3-1536x1536.jpg 1536w, https:\/\/senjoro.lt\/wp-content\/uploads\/2025\/08\/PXL_20250408_110118643.PORTRAIT3-2048x2048.jpg 2048w\" sizes=\"(max-width: 300px) 100vw, 300px\" \/>\r\n\t<div class=\"product-bottom-row\" style=\"display: flex; justify-content: space-between; align-items: center; gap: 10px;\">\r\n\t\t<div class=\"product-price\" style=\"flex: 1;\">\r\n\t\t\t\r\n\t<span class=\"price\"><span class=\"woocommerce-Price-amount amount\"><bdi>30.00&nbsp;<span class=\"woocommerce-Price-currencySymbol\">&euro;<\/span><\/bdi><\/span><\/span>\r\n\t\t<\/div>\r\n\t\t<div class=\"product-cart-button\" style=\"flex: 1; text-align: right;\">\r\n\t\t\t<\/a><a href=\"https:\/\/senjoro.lt\/ru\/product\/smeline-senjores-eugenijos-rankine\/\" class=\"style_updt button view-product-button\" aria-label=\"Per\u017ei\u016br\u0117ti prek\u0119\"><i class=\"fa fa-arrow-right\" aria-hidden=\"true\"><\/i><\/a><a href=\"?add-to-cart=4564\" data-quantity=\"1\" class=\"button product_type_simple add_to_cart_button ajax_add_to_cart\" data-product_id=\"4564\" data-product_sku=\"\" aria-label=\"\u0414\u043e\u0431\u0430\u0432\u0438\u0442\u044c \u0432 \u043a\u043e\u0440\u0437\u0438\u043d\u0443 &ldquo;Sm\u0117lin\u0117 senjor\u0117s EUGENIJOS rankin\u0117&rdquo;\" rel=\"nofollow\"><i class=\"fa fa-shopping-cart\" aria-hidden=\"true\"><\/i><\/a>\t<span id=\"woocommerce_loop_add_to_cart_link_describedby_4564\" class=\"screen-reader-text\">\r\n\t\t\t<\/span>\r\n\t<a href=\"?add-to-cart=4564\" class=\"custom-arrow-link\">\r\n\t\t\t<img decoding=\"async\" src=\"\/wp-content\/uploads\/2025\/07\/15-scaled.png\" alt=\"arrow\" class=\"cart-arrow\">\r\n\t\t<\/a>\r\n\r\n\t\t<\/div>\r\n\t<\/div>\r\n<\/li>\r\n<li class=\"product type-product post-4563 status-publish last instock product_cat-be-kategorijos has-post-thumbnail shipping-taxable purchasable product-type-simple\">\r\n\t<a href=\"https:\/\/senjoro.lt\/ru\/product\/oranzine-senjores-eugenijos-rankine\/\" class=\"woocommerce-LoopProduct-link woocommerce-loop-product__link\"><h2 class=\"woocommerce-loop-product__title\">Oran\u017ein\u0117 senjor\u0117s EUGENIJOS rankin\u0117<\/h2><img decoding=\"async\" width=\"300\" height=\"300\" src=\"https:\/\/senjoro.lt\/wp-content\/uploads\/2025\/08\/Senjoru-nuotraukos-2-scaled-1-300x300.jpg\" class=\"attachment-woocommerce_thumbnail size-woocommerce_thumbnail\" alt=\"Oran\u017ein\u0117 senjor\u0117s EUGENIJOS rankin\u0117\" srcset=\"https:\/\/senjoro.lt\/wp-content\/uploads\/2025\/08\/Senjoru-nuotraukos-2-scaled-1-300x300.jpg 300w, https:\/\/senjoro.lt\/wp-content\/uploads\/2025\/08\/Senjoru-nuotraukos-2-scaled-1-100x100.jpg 100w, https:\/\/senjoro.lt\/wp-content\/uploads\/2025\/08\/Senjoru-nuotraukos-2-scaled-1-600x600.jpg 600w, https:\/\/senjoro.lt\/wp-content\/uploads\/2025\/08\/Senjoru-nuotraukos-2-scaled-1-1024x1024.jpg 1024w, https:\/\/senjoro.lt\/wp-content\/uploads\/2025\/08\/Senjoru-nuotraukos-2-scaled-1-150x150.jpg 150w, https:\/\/senjoro.lt\/wp-content\/uploads\/2025\/08\/Senjoru-nuotraukos-2-scaled-1-768x768.jpg 768w, https:\/\/senjoro.lt\/wp-content\/uploads\/2025\/08\/Senjoru-nuotraukos-2-scaled-1-1536x1536.jpg 1536w, https:\/\/senjoro.lt\/wp-content\/uploads\/2025\/08\/Senjoru-nuotraukos-2-scaled-1-2048x2048.jpg 2048w\" sizes=\"(max-width: 300px) 100vw, 300px\" \/>\r\n\t<div class=\"product-bottom-row\" style=\"display: flex; justify-content: space-between; align-items: center; gap: 10px;\">\r\n\t\t<div class=\"product-price\" style=\"flex: 1;\">\r\n\t\t\t\r\n\t<span class=\"price\"><span class=\"woocommerce-Price-amount amount\"><bdi>30.00&nbsp;<span class=\"woocommerce-Price-currencySymbol\">&euro;<\/span><\/bdi><\/span><\/span>\r\n\t\t<\/div>\r\n\t\t<div class=\"product-cart-button\" style=\"flex: 1; text-align: right;\">\r\n\t\t\t<\/a><a href=\"https:\/\/senjoro.lt\/ru\/product\/oranzine-senjores-eugenijos-rankine\/\" class=\"style_updt button view-product-button\" aria-label=\"Per\u017ei\u016br\u0117ti prek\u0119\"><i class=\"fa fa-arrow-right\" aria-hidden=\"true\"><\/i><\/a><a href=\"?add-to-cart=4563\" data-quantity=\"1\" class=\"button product_type_simple add_to_cart_button ajax_add_to_cart\" data-product_id=\"4563\" data-product_sku=\"\" aria-label=\"\u0414\u043e\u0431\u0430\u0432\u0438\u0442\u044c \u0432 \u043a\u043e\u0440\u0437\u0438\u043d\u0443 &ldquo;Oran\u017ein\u0117 senjor\u0117s EUGENIJOS rankin\u0117&rdquo;\" rel=\"nofollow\"><i class=\"fa fa-shopping-cart\" aria-hidden=\"true\"><\/i><\/a>\t<span id=\"woocommerce_loop_add_to_cart_link_describedby_4563\" class=\"screen-reader-text\">\r\n\t\t\t<\/span>\r\n\t<a href=\"?add-to-cart=4563\" class=\"custom-arrow-link\">\r\n\t\t\t<img decoding=\"async\" src=\"\/wp-content\/uploads\/2025\/07\/15-scaled.png\" alt=\"arrow\" class=\"cart-arrow\">\r\n\t\t<\/a>\r\n\r\n\t\t<\/div>\r\n\t<\/div>\r\n<\/li>\r\n<li class=\"product type-product post-4562 status-publish first instock product_cat-be-kategorijos has-post-thumbnail shipping-taxable purchasable product-type-simple\">\r\n\t<a href=\"https:\/\/senjoro.lt\/ru\/product\/senjores-zitos-rankine\/\" class=\"woocommerce-LoopProduct-link woocommerce-loop-product__link\"><h2 class=\"woocommerce-loop-product__title\">Senjor\u0117s ZITOS rankin\u0117<\/h2><img decoding=\"async\" width=\"300\" height=\"300\" src=\"https:\/\/senjoro.lt\/wp-content\/uploads\/2025\/08\/PXL_20250408_105858642.PORTRAIT2-scaled-1-300x300.jpg\" class=\"attachment-woocommerce_thumbnail size-woocommerce_thumbnail\" alt=\"Senjor\u0117s ZITOS rankin\u0117\" srcset=\"https:\/\/senjoro.lt\/wp-content\/uploads\/2025\/08\/PXL_20250408_105858642.PORTRAIT2-scaled-1-300x300.jpg 300w, https:\/\/senjoro.lt\/wp-content\/uploads\/2025\/08\/PXL_20250408_105858642.PORTRAIT2-scaled-1-100x100.jpg 100w, https:\/\/senjoro.lt\/wp-content\/uploads\/2025\/08\/PXL_20250408_105858642.PORTRAIT2-scaled-1-600x600.jpg 600w, https:\/\/senjoro.lt\/wp-content\/uploads\/2025\/08\/PXL_20250408_105858642.PORTRAIT2-scaled-1-1024x1024.jpg 1024w, https:\/\/senjoro.lt\/wp-content\/uploads\/2025\/08\/PXL_20250408_105858642.PORTRAIT2-scaled-1-150x150.jpg 150w, https:\/\/senjoro.lt\/wp-content\/uploads\/2025\/08\/PXL_20250408_105858642.PORTRAIT2-scaled-1-768x768.jpg 768w, https:\/\/senjoro.lt\/wp-content\/uploads\/2025\/08\/PXL_20250408_105858642.PORTRAIT2-scaled-1-1536x1536.jpg 1536w, https:\/\/senjoro.lt\/wp-content\/uploads\/2025\/08\/PXL_20250408_105858642.PORTRAIT2-scaled-1-2048x2048.jpg 2048w\" sizes=\"(max-width: 300px) 100vw, 300px\" \/>\r\n\t<div class=\"product-bottom-row\" style=\"display: flex; justify-content: space-between; align-items: center; gap: 10px;\">\r\n\t\t<div class=\"product-price\" style=\"flex: 1;\">\r\n\t\t\t\r\n\t<span class=\"price\"><span class=\"woocommerce-Price-amount amount\"><bdi>30.00&nbsp;<span class=\"woocommerce-Price-currencySymbol\">&euro;<\/span><\/bdi><\/span><\/span>\r\n\t\t<\/div>\r\n\t\t<div class=\"product-cart-button\" style=\"flex: 1; text-align: right;\">\r\n\t\t\t<\/a><a href=\"https:\/\/senjoro.lt\/ru\/product\/senjores-zitos-rankine\/\" class=\"style_updt button view-product-button\" aria-label=\"Per\u017ei\u016br\u0117ti prek\u0119\"><i class=\"fa fa-arrow-right\" aria-hidden=\"true\"><\/i><\/a><a href=\"?add-to-cart=4562\" data-quantity=\"1\" class=\"button product_type_simple add_to_cart_button ajax_add_to_cart\" data-product_id=\"4562\" data-product_sku=\"\" aria-label=\"\u0414\u043e\u0431\u0430\u0432\u0438\u0442\u044c \u0432 \u043a\u043e\u0440\u0437\u0438\u043d\u0443 &ldquo;Senjor\u0117s ZITOS rankin\u0117&rdquo;\" rel=\"nofollow\"><i class=\"fa fa-shopping-cart\" aria-hidden=\"true\"><\/i><\/a>\t<span id=\"woocommerce_loop_add_to_cart_link_describedby_4562\" class=\"screen-reader-text\">\r\n\t\t\t<\/span>\r\n\t<a href=\"?add-to-cart=4562\" class=\"custom-arrow-link\">\r\n\t\t\t<img decoding=\"async\" src=\"\/wp-content\/uploads\/2025\/07\/15-scaled.png\" alt=\"arrow\" class=\"cart-arrow\">\r\n\t\t<\/a>\r\n\r\n\t\t<\/div>\r\n\t<\/div>\r\n<\/li>\r\n<li class=\"product type-product post-4561 status-publish last instock product_cat-be-kategorijos has-post-thumbnail shipping-taxable purchasable product-type-simple\">\r\n\t<a href=\"https:\/\/senjoro.lt\/ru\/product\/pokalbiu-korteles-spalvoti-kartu-pokalbiai\/\" class=\"woocommerce-LoopProduct-link woocommerce-loop-product__link\"><h2 class=\"woocommerce-loop-product__title\">Pokalbi\u0173 kortel\u0117s &#8222;Spalvoti kart\u0173 pokalbiai&#8221;<\/h2><img loading=\"lazy\" decoding=\"async\" width=\"300\" height=\"300\" src=\"https:\/\/senjoro.lt\/wp-content\/uploads\/2025\/08\/Pagrindine_nuotrauka_pokalbiu_kortelesc-300x300.jpg\" class=\"attachment-woocommerce_thumbnail size-woocommerce_thumbnail\" alt=\"Pokalbi\u0173 kortel\u0117s &quot;Spalvoti kart\u0173 pokalbiai&quot;\" srcset=\"https:\/\/senjoro.lt\/wp-content\/uploads\/2025\/08\/Pagrindine_nuotrauka_pokalbiu_kortelesc-300x300.jpg 300w, https:\/\/senjoro.lt\/wp-content\/uploads\/2025\/08\/Pagrindine_nuotrauka_pokalbiu_kortelesc-100x100.jpg 100w, https:\/\/senjoro.lt\/wp-content\/uploads\/2025\/08\/Pagrindine_nuotrauka_pokalbiu_kortelesc-150x150.jpg 150w\" sizes=\"(max-width: 300px) 100vw, 300px\" \/>\r\n\t<div class=\"product-bottom-row\" style=\"display: flex; justify-content: space-between; align-items: center; gap: 10px;\">\r\n\t\t<div class=\"product-price\" style=\"flex: 1;\">\r\n\t\t\t\r\n\t<span class=\"price\"><span class=\"woocommerce-Price-amount amount\"><bdi>18.00&nbsp;<span class=\"woocommerce-Price-currencySymbol\">&euro;<\/span><\/bdi><\/span><\/span>\r\n\t\t<\/div>\r\n\t\t<div class=\"product-cart-button\" style=\"flex: 1; text-align: right;\">\r\n\t\t\t<\/a><a href=\"https:\/\/senjoro.lt\/ru\/product\/pokalbiu-korteles-spalvoti-kartu-pokalbiai\/\" class=\"style_updt button view-product-button\" aria-label=\"Per\u017ei\u016br\u0117ti prek\u0119\"><i class=\"fa fa-arrow-right\" aria-hidden=\"true\"><\/i><\/a><a href=\"?add-to-cart=4561\" data-quantity=\"1\" class=\"button product_type_simple add_to_cart_button ajax_add_to_cart\" data-product_id=\"4561\" data-product_sku=\"\" aria-label=\"\u0414\u043e\u0431\u0430\u0432\u0438\u0442\u044c \u0432 \u043a\u043e\u0440\u0437\u0438\u043d\u0443 &ldquo;Pokalbi\u0173 kortel\u0117s &quot;Spalvoti kart\u0173 pokalbiai&quot;&rdquo;\" rel=\"nofollow\"><i class=\"fa fa-shopping-cart\" aria-hidden=\"true\"><\/i><\/a>\t<span id=\"woocommerce_loop_add_to_cart_link_describedby_4561\" class=\"screen-reader-text\">\r\n\t\t\t<\/span>\r\n\t<a href=\"?add-to-cart=4561\" class=\"custom-arrow-link\">\r\n\t\t\t<img decoding=\"async\" src=\"\/wp-content\/uploads\/2025\/07\/15-scaled.png\" alt=\"arrow\" class=\"cart-arrow\">\r\n\t\t<\/a>\r\n\r\n\t\t<\/div>\r\n\t<\/div>\r\n<\/li>\r\n<\/ul>\r\n<\/div>\t\t\t\t<\/div>\n\t\t\t\t<\/div>\n\t\t\t\t<div class=\"elementor-element elementor-element-b267d10 elementor-widget elementor-widget-html\" data-id=\"b267d10\" data-element_type=\"widget\" data-widget_type=\"html.default\">\n\t\t\t\t<div class=\"elementor-widget-container\">\n\t\t\t\t\t<script>\nwindow.dataLayer = window.dataLayer || [];\n\n(function() {\n\n  if (window.addToCartTrackingInitialized) return;\n  window.addToCartTrackingInitialized = true;\n\n  jQuery(function($) {\n\n    $('body').on('added_to_cart', function(event, fragments, cart_hash, $button) {\n\n      if (!$button) return;\n\n      var product = $button.closest('.product');\n\n      var productId = $button.data('product_id') ? String($button.data('product_id')) : '';\n\n      var productName = product.find('.woocommerce-loop-product__title').text().trim();\n\n      var priceText = product.find('.price .amount bdi').text();\n      var price = priceText.replace(\/[^\\d.,]\/g, '').replace(',', '.');\n\n      window.dataLayer.push({\n        event: 'add_to_cart',\n        ecommerce: {\n          currency: 'EUR',\n          items: [{\n            item_id: productId,\n            item_name: productName,\n            price: parseFloat(price) || 0,\n            quantity: 1\n          }]\n        }\n      });\n\n    });\n\n  });\n\n})();\n<\/script>\t\t\t\t<\/div>\n\t\t\t\t<\/div>\n\t\t\t\t\t<\/div>\n\t\t\t\t<\/div>\n\t\t\t\t<\/div>\n\t\t","protected":false},"excerpt":{"rendered":"<p>\u041b\u0430\u0432\u043a\u0430 SENJORO<\/p>","protected":false},"author":1,"featured_media":0,"parent":0,"menu_order":0,"comment_status":"closed","ping_status":"closed","template":"","meta":{"inline_featured_image":false,"footnotes":""},"class_list":["post-4575","page","type-page","status-publish","hentry"],"_links":{"self":[{"href":"https:\/\/senjoro.lt\/ru\/wp-json\/wp\/v2\/pages\/4575","targetHints":{"allow":["GET"]}}],"collection":[{"href":"https:\/\/senjoro.lt\/ru\/wp-json\/wp\/v2\/pages"}],"about":[{"href":"https:\/\/senjoro.lt\/ru\/wp-json\/wp\/v2\/types\/page"}],"author":[{"embeddable":true,"href":"https:\/\/senjoro.lt\/ru\/wp-json\/wp\/v2\/users\/1"}],"replies":[{"embeddable":true,"href":"https:\/\/senjoro.lt\/ru\/wp-json\/wp\/v2\/comments?post=4575"}],"version-history":[{"count":124,"href":"https:\/\/senjoro.lt\/ru\/wp-json\/wp\/v2\/pages\/4575\/revisions"}],"predecessor-version":[{"id":8171,"href":"https:\/\/senjoro.lt\/ru\/wp-json\/wp\/v2\/pages\/4575\/revisions\/8171"}],"wp:attachment":[{"href":"https:\/\/senjoro.lt\/ru\/wp-json\/wp\/v2\/media?parent=4575"}],"curies":[{"name":"wp","href":"https:\/\/api.w.org\/{rel}","templated":true}]}}