{"id":4478,"date":"2025-07-28T12:39:34","date_gmt":"2025-07-28T12:39:34","guid":{"rendered":"https:\/\/senjoro.lt\/?page_id=4478"},"modified":"2026-04-13T16:19:34","modified_gmt":"2026-04-13T13:19:34","slug":"apmokejimas","status":"publish","type":"page","link":"https:\/\/senjoro.lt\/ru\/apmokejimas\/","title":{"rendered":"\u041e\u043f\u043b\u0430\u0442\u0430 \u0443\u0441\u043b\u0443\u0433"},"content":{"rendered":"\t\t<div data-elementor-type=\"wp-page\" data-elementor-id=\"4478\" class=\"elementor elementor-4478\" data-elementor-post-type=\"page\">\n\t\t\t\t<div class=\"elementor-element elementor-element-9db21f3 e-grid e-con-boxed e-con e-parent\" data-id=\"9db21f3\" data-element_type=\"container\">\n\t\t\t\t\t<div class=\"e-con-inner\">\n\t\t\t\t<div class=\"elementor-element elementor-element-0bee55c elementor-widget elementor-widget-digtek-heading-title-widget\" data-id=\"0bee55c\" data-element_type=\"widget\" data-widget_type=\"digtek-heading-title-widget.default\">\n\t\t\t\t<div class=\"elementor-widget-container\">\n\t\t\t\t\t\r\n\t\r\n\r\n<div class=\"section-title-area\">\r\n\t<div class=\"section-title\">\r\n\t\t\t\t\t\t<h2 class=\"wow fadeInUp\" data-wow-delay=\".3s\">\r\n\t\t\tApmok\u0117ti u\u017e paslaugas\t\t<\/h2>\r\n\t\t\t<\/div>\r\n\t<\/div>\r\n\r\n\t\r\n\r\n             \r\n\t\t\t\t\t\t<\/div>\n\t\t\t\t<\/div>\n\t\t\t\t\t<\/div>\n\t\t\t\t<\/div>\n\t\t<div class=\"elementor-element elementor-element-2d94184 e-flex e-con-boxed e-con e-parent\" data-id=\"2d94184\" data-element_type=\"container\">\n\t\t\t\t\t<div class=\"e-con-inner\">\n\t\t<div class=\"elementor-element elementor-element-7a41054 e-con-full e-flex e-con e-child\" data-id=\"7a41054\" data-element_type=\"container\" data-settings=\"{&quot;background_background&quot;:&quot;classic&quot;}\">\n\t\t\t\t<div class=\"elementor-element elementor-element-ea73ef0 elementor-widget elementor-widget-text-editor\" data-id=\"ea73ef0\" data-element_type=\"widget\" data-widget_type=\"text-editor.default\">\n\t\t\t\t<div class=\"elementor-widget-container\">\n\t\t\t\t\t\t\t\t\t<p style=\"text-transform: unset;\"><strong>\u010cia galite patogiai apmok\u0117ti u\u017e jums ar j\u016bs\u0173 artim\u0105jam suteiktas SENJORO paslaugas.<\/strong><\/p><p>Mok\u0117jimo paskirtyje nurodykite asmens, kuriam paslaugos buvo suteiktos vard\u0105 ir pavard\u0119 bei s\u0105skaitos fakt\u016bros numer\u012f.<\/p>\t\t\t\t\t\t\t\t<\/div>\n\t\t\t\t<\/div>\n\t\t\t\t<div class=\"elementor-element elementor-element-4d9922d elementor-widget elementor-widget-shortcode\" data-id=\"4d9922d\" data-element_type=\"widget\" data-widget_type=\"shortcode.default\">\n\t\t\t\t<div class=\"elementor-widget-container\">\n\t\t\t\t\t\t\t<div class=\"elementor-shortcode\">\n\t<form class=\"social-services-payments-form\" method=\"post\">\n\t\t<div class=\"social-services-payments-form__row\">\n\t\t\t<label for=\"payment-amount\">\u012eveskite sum\u0105 *:<\/label>\n\n\t\t\t<div class=\"social-services-payments-form__input-wrap\">\n\t\t\t\t<input id=\"payment-amount\" class=\"social-services-payments-form__input\" type=\"text\" name=\"payment-amount\" placeholder=\"0.00\" required oninput=\"validateInput(event)\" onkeydown=\"restrictInput(event)\" \/> <span class=\"social-services-payments-form__input-currency\">EUR<\/span>\n\t\t\t<\/div>\n\t\t<\/div>\n\n\t\t<div class=\"social-services-payments-form__row\">\n\t\t\t<label for=\"payment-purpose\">Mok\u0117jimo paskirtis *:<\/label>\n\t\t\t<textarea id=\"payment-purpose\" class=\"social-services-payments-form__textarea\" name=\"payment-purpose\" placeholder=\"Senjoro vardas, pavard\u0117 arba s\u0105skaitos fakt\u016bros numeris\" required><\/textarea>\n\t\t<\/div>\n\n\t\t\n\t\t<div class=\"social-services-payments-form__row\">\n\t\t\t<input class=\"social-services-payments-form__submit\" type=\"button\" name=\"submit-payment\" value=\"Apmok\u0117ti\" \/>\n\t\t<\/div>\n\t<\/form>\n\n<script>\n  \/\/ Restrict keypresses\n  function restrictInput(event) {\n    const allowedKeys = ['Backspace', 'Tab', 'ArrowLeft', 'ArrowRight', 'Delete', '.', ','];\n    const isNumber = \/^[0-9]$\/.test(event.key);\n\n    if (!isNumber && !allowedKeys.includes(event.key)) {\n      event.preventDefault();\n    }\n  }\n\n  \/\/ Validate input content\n  function validateInput(event) {\n    const input = event.target;\n    input.value = input.value.replace(\/[^0-9.,]\/g, ''); \/\/ Remove invalid characters\n  }\n<\/script>\n<\/div>\n\t\t\t\t\t\t<\/div>\n\t\t\t\t<\/div>\n\t\t\t\t<\/div>\n\t\t\t\t\t<\/div>\n\t\t\t\t<\/div>\n\t\t\t\t<\/div>\n\t\t","protected":false},"excerpt":{"rendered":"<p>Apmok\u0117ti u\u017e paslaugas \u010cia galite patogiai apmok\u0117ti u\u017e jums ar j\u016bs\u0173 artim\u0105jam suteiktas SENJORO paslaugas. Mok\u0117jimo paskirtyje nurodykite asmens, kuriam paslaugos buvo suteiktos vard\u0105 ir pavard\u0119 bei s\u0105skaitos fakt\u016bros numer\u012f.<\/p>","protected":false},"author":1,"featured_media":0,"parent":0,"menu_order":0,"comment_status":"closed","ping_status":"closed","template":"elementor_header_footer","meta":{"inline_featured_image":false,"footnotes":""},"class_list":["post-4478","page","type-page","status-publish","hentry"],"_links":{"self":[{"href":"https:\/\/senjoro.lt\/ru\/wp-json\/wp\/v2\/pages\/4478","targetHints":{"allow":["GET"]}}],"collection":[{"href":"https:\/\/senjoro.lt\/ru\/wp-json\/wp\/v2\/pages"}],"about":[{"href":"https:\/\/senjoro.lt\/ru\/wp-json\/wp\/v2\/types\/page"}],"author":[{"embeddable":true,"href":"https:\/\/senjoro.lt\/ru\/wp-json\/wp\/v2\/users\/1"}],"replies":[{"embeddable":true,"href":"https:\/\/senjoro.lt\/ru\/wp-json\/wp\/v2\/comments?post=4478"}],"version-history":[{"count":67,"href":"https:\/\/senjoro.lt\/ru\/wp-json\/wp\/v2\/pages\/4478\/revisions"}],"predecessor-version":[{"id":7050,"href":"https:\/\/senjoro.lt\/ru\/wp-json\/wp\/v2\/pages\/4478\/revisions\/7050"}],"wp:attachment":[{"href":"https:\/\/senjoro.lt\/ru\/wp-json\/wp\/v2\/media?parent=4478"}],"curies":[{"name":"wp","href":"https:\/\/api.w.org\/{rel}","templated":true}]}}