{"id":4384,"date":"2025-07-25T13:01:03","date_gmt":"2025-07-25T13:01:03","guid":{"rendered":"https:\/\/senjoro.lt\/?page_id=4384"},"modified":"2026-04-27T11:42:20","modified_gmt":"2026-04-27T08:42:20","slug":"informacija-apie-paslaugas","status":"publish","type":"page","link":"https:\/\/senjoro.lt\/ru\/informacija-apie-paslaugas\/","title":{"rendered":"\u0418\u043d\u0444\u043e\u0440\u043c\u0430\u0446\u0438\u044f \u043e\u0431 \u0443\u0441\u043b\u0443\u0433\u0430\u0445"},"content":{"rendered":"<div data-elementor-type=\"wp-page\" data-elementor-id=\"4384\" class=\"elementor elementor-4384\" data-elementor-post-type=\"page\">\n\t\t\t\t<div class=\"elementor-element elementor-element-ee693bf e-grid e-con-boxed e-con e-parent\" data-id=\"ee693bf\" data-element_type=\"container\">\n\t\t\t\t\t<div class=\"e-con-inner\">\n\t\t\t\t<div class=\"elementor-element elementor-element-bdac001 elementor-widget elementor-widget-digtek-heading-title-widget\" data-id=\"bdac001\" data-element_type=\"widget\" data-widget_type=\"digtek-heading-title-widget.default\">\n\t\t\t\t<div class=\"elementor-widget-container\">\n\t\t\t\t\t\r\n\t\r\n\r\n<div class=\"section-title-area\">\r\n\t<div class=\"section-title\">\r\n\t\t\t\t\t\t<h2 class=\"wow fadeInUp\" data-wow-delay=\".3s\">\r\n\t\t\tSENJORO strategin\u0117s kryptys\t\t<\/h2>\r\n\t\t\t<\/div>\r\n\t<\/div>\r\n\r\n\t\r\n\r\n             \r\n\t\t\t\t\t\t<\/div>\n\t\t\t\t<\/div>\n\t\t\t\t\t<\/div>\n\t\t\t\t<\/div>\n\t\t<div class=\"elementor-element elementor-element-7b7bb92 e-flex e-con-boxed e-con e-parent\" data-id=\"7b7bb92\" data-element_type=\"container\">\n\t\t\t\t\t<div class=\"e-con-inner\">\n\t\t<div class=\"elementor-element elementor-element-eb9b3a0 e-grid e-con-full e-con e-child\" data-id=\"eb9b3a0\" data-element_type=\"container\" data-settings=\"{&quot;background_background&quot;:&quot;classic&quot;}\">\n\t\t<div class=\"elementor-element elementor-element-70179c2 e-con-full e-flex e-con e-child\" data-id=\"70179c2\" data-element_type=\"container\" data-settings=\"{&quot;background_background&quot;:&quot;classic&quot;}\">\n\t\t\t\t<div class=\"elementor-element elementor-element-7c1b001 elementor-widget elementor-widget-text-editor\" data-id=\"7c1b001\" data-element_type=\"widget\" data-widget_type=\"text-editor.default\">\n\t\t\t\t<div class=\"elementor-widget-container\">\n\t\t\t\t\t\t\t\t\t<p>Teikti kokybi\u0161kas paslaugas, kurios kuria realius, pozityvius poky\u010dius senjor\u0173 ir j\u0173 artim\u0173j\u0173 kasdienyb\u0117je bei u\u017etikrinti j\u0173 prieinamum\u0105 visoje Lietuvoje.<\/p>\t\t\t\t\t\t\t\t<\/div>\n\t\t\t\t<\/div>\n\t\t\t\t<\/div>\n\t\t\t\t<div class=\"elementor-element elementor-element-d5bb6d4 elementor-widget elementor-widget-text-editor\" data-id=\"d5bb6d4\" data-element_type=\"widget\" data-widget_type=\"text-editor.default\">\n\t\t\t\t<div class=\"elementor-widget-container\">\n\t\t\t\t\t\t\t\t\t<p style=\"text-align: center;\"><strong>KOKYBI\u0160K\u0172 PASLAUG\u0172 PRIEINAMUMAS<\/strong><\/p>\t\t\t\t\t\t\t\t<\/div>\n\t\t\t\t<\/div>\n\t\t\t\t<\/div>\n\t\t\t\t\t<\/div>\n\t\t\t\t<\/div>\n\t\t<div class=\"elementor-element elementor-element-fb2da7b e-flex e-con-boxed e-con e-parent\" data-id=\"fb2da7b\" data-element_type=\"container\">\n\t\t\t\t\t<div class=\"e-con-inner\">\n\t\t<div class=\"elementor-element elementor-element-8ec0f48 e-grid e-con-full e-con e-child\" data-id=\"8ec0f48\" data-element_type=\"container\" data-settings=\"{&quot;background_background&quot;:&quot;classic&quot;}\">\n\t\t<div class=\"elementor-element elementor-element-ef54e93 e-con-full e-flex e-con e-child\" data-id=\"ef54e93\" data-element_type=\"container\" data-settings=\"{&quot;background_background&quot;:&quot;classic&quot;}\">\n\t\t\t\t<div class=\"elementor-element elementor-element-f468868 elementor-widget elementor-widget-text-editor\" data-id=\"f468868\" data-element_type=\"widget\" data-widget_type=\"text-editor.default\">\n\t\t\t\t<div class=\"elementor-widget-container\">\n\t\t\t\t\t\t\t\t\t<p>Formuoti pozityvios senatv\u0117s samprat\u0105 Lietuvoje \u2013 kelti svarbias temas, lau\u017eyti stereotipus ir skatinti pagarbi\u0105, pozityvi\u0105 bei ori\u0105 sen\u0117jimo samprat\u0105.<\/p>\t\t\t\t\t\t\t\t<\/div>\n\t\t\t\t<\/div>\n\t\t\t\t<\/div>\n\t\t\t\t<div class=\"elementor-element elementor-element-1fbed16 elementor-widget elementor-widget-text-editor\" data-id=\"1fbed16\" data-element_type=\"widget\" data-widget_type=\"text-editor.default\">\n\t\t\t\t<div class=\"elementor-widget-container\">\n\t\t\t\t\t\t\t\t\t<p style=\"text-align: center;\"><strong>POZITYVIOS SENATV\u0116S KULT\u016aRA<\/strong><\/p>\t\t\t\t\t\t\t\t<\/div>\n\t\t\t\t<\/div>\n\t\t\t\t<\/div>\n\t\t\t\t\t<\/div>\n\t\t\t\t<\/div>\n\t\t<div class=\"elementor-element elementor-element-789af99 e-flex e-con-boxed e-con e-parent\" data-id=\"789af99\" data-element_type=\"container\">\n\t\t\t\t\t<div class=\"e-con-inner\">\n\t\t<div class=\"elementor-element elementor-element-306455c e-grid e-con-full e-con e-child\" data-id=\"306455c\" data-element_type=\"container\" data-settings=\"{&quot;background_background&quot;:&quot;classic&quot;}\">\n\t\t<div class=\"elementor-element elementor-element-1a3d3ea e-con-full e-flex e-con e-child\" data-id=\"1a3d3ea\" data-element_type=\"container\" data-settings=\"{&quot;background_background&quot;:&quot;classic&quot;}\">\n\t\t\t\t<div class=\"elementor-element elementor-element-fefad39 elementor-widget elementor-widget-text-editor\" data-id=\"fefad39\" data-element_type=\"widget\" data-widget_type=\"text-editor.default\">\n\t\t\t\t<div class=\"elementor-widget-container\">\n\t\t\t\t\t\t\t\t\t<p>Kurti ir diegti inovatyvius sprendimus, kurie gerina socialini\u0173 paslaug\u0173 kokyb\u0119, prieinamum\u0105 ir leid\u017eia kurti pa\u017eangesn\u0119 senatv\u0117s patirt\u012f.\u00a0<\/p>\t\t\t\t\t\t\t\t<\/div>\n\t\t\t\t<\/div>\n\t\t\t\t<\/div>\n\t\t\t\t<div class=\"elementor-element elementor-element-d7f7060 elementor-widget elementor-widget-text-editor\" data-id=\"d7f7060\" data-element_type=\"widget\" data-widget_type=\"text-editor.default\">\n\t\t\t\t<div class=\"elementor-widget-container\">\n\t\t\t\t\t\t\t\t\t<p style=\"text-align: center;\"><strong>INOVACIJOS<\/strong><\/p>\t\t\t\t\t\t\t\t<\/div>\n\t\t\t\t<\/div>\n\t\t\t\t<\/div>\n\t\t\t\t\t<\/div>\n\t\t\t\t<\/div>\n\t\t\t\t<\/div>","protected":false},"excerpt":{"rendered":"<p>SENJORO strategin\u0117s kryptys Teikti kokybi\u0161kas paslaugas, kurios kuria realius, pozityvius poky\u010dius senjor\u0173 ir j\u0173 artim\u0173j\u0173 kasdienyb\u0117je bei u\u017etikrinti j\u0173 prieinamum\u0105 visoje Lietuvoje. KOKYBI\u0160K\u0172 PASLAUG\u0172 PRIEINAMUMAS Formuoti pozityvios senatv\u0117s samprat\u0105 Lietuvoje \u2013 kelti svarbias temas, lau\u017eyti stereotipus ir skatinti pagarbi\u0105, pozityvi\u0105 bei ori\u0105 sen\u0117jimo samprat\u0105. POZITYVIOS SENATV\u0116S KULT\u016aRA Kurti ir diegti inovatyvius sprendimus, kurie gerina socialini\u0173<\/p>","protected":false},"author":1,"featured_media":0,"parent":0,"menu_order":0,"comment_status":"closed","ping_status":"closed","template":"elementor_header_footer","meta":{"inline_featured_image":false,"footnotes":""},"class_list":["post-4384","page","type-page","status-publish","hentry"],"_links":{"self":[{"href":"https:\/\/senjoro.lt\/ru\/wp-json\/wp\/v2\/pages\/4384","targetHints":{"allow":["GET"]}}],"collection":[{"href":"https:\/\/senjoro.lt\/ru\/wp-json\/wp\/v2\/pages"}],"about":[{"href":"https:\/\/senjoro.lt\/ru\/wp-json\/wp\/v2\/types\/page"}],"author":[{"embeddable":true,"href":"https:\/\/senjoro.lt\/ru\/wp-json\/wp\/v2\/users\/1"}],"replies":[{"embeddable":true,"href":"https:\/\/senjoro.lt\/ru\/wp-json\/wp\/v2\/comments?post=4384"}],"version-history":[{"count":58,"href":"https:\/\/senjoro.lt\/ru\/wp-json\/wp\/v2\/pages\/4384\/revisions"}],"predecessor-version":[{"id":8313,"href":"https:\/\/senjoro.lt\/ru\/wp-json\/wp\/v2\/pages\/4384\/revisions\/8313"}],"wp:attachment":[{"href":"https:\/\/senjoro.lt\/ru\/wp-json\/wp\/v2\/media?parent=4384"}],"curies":[{"name":"wp","href":"https:\/\/api.w.org\/{rel}","templated":true}]}}