{"id":4564,"date":"2025-08-05T06:18:32","date_gmt":"2025-08-05T06:18:32","guid":{"rendered":"https:\/\/senjoro.lt\/?post_type=product&#038;p=4564"},"modified":"2026-04-13T10:07:44","modified_gmt":"2026-04-13T07:07:44","slug":"smeline-senjores-eugenijos-rankine","status":"publish","type":"product","link":"https:\/\/senjoro.lt\/en\/product\/smeline-senjores-eugenijos-rankine\/","title":{"rendered":"Beige handbag of the elderly woman EUGENIJA"},"content":{"rendered":"<h5>Soft, cozy and elegant\u2014just like elderly woman Eugenija herself. This handbag will suit perfectly for everyday use, where aesthetic appeal and functionality are needed.<\/h5>\n<p>&nbsp;<\/p>\n<h5>Eugenija is a symbol of serenity, elegance and positive aging. This handbag is not only a distinctive element of style, but also a subtle reminder that the joy of life does not depend on the number of years you have lived.<\/h5>\n<p>&nbsp;<\/p>\n<p><span style=\"color: #808080;\">\u2013 Size: 33 \u00d7 40 \u00d7 6 cm<\/span><\/p>\n<p><span style=\"color: #808080;\">\u2013 Fabric: soft velour, washable at 30\u00b0C<\/span><\/p>\n<p><span style=\"color: #808080;\">\u2013 Zipper closure.<\/span><\/p>\n<p>&nbsp;<\/p>\n<p><em>Handbags created in cooperation with artist \"Garbanota\".<\/em><\/p>\n<p><em><strong>The order shall be prepared and dispatched within 1-2 business days.<\/strong><\/em><\/p>","protected":false},"excerpt":{"rendered":"<p>\u0160velni, jauki ir eleganti\u0161ka \u2013 kaip ir pati Senjor\u0117 Eugenija. Rankin\u0117 puikiai tiks kasdienai, kurioje norisi ir estetikos, ir prakti\u0161kumo. &nbsp; Eugenija \u2013 ramyb\u0117s, elegancijos ir pozityvios senatv\u0117s simbolis. \u0160i rankin\u0117 \u2013 ne tik miela stiliaus detal\u0117, bet ir\u00a0subtilus priminimas, kad gyvenimo d\u017eiaugsmas nepriklauso nuo met\u0173 skai\u010diaus. &nbsp; \u2013 Matmenys: 33 \u00d7 40 \u00d7 6<\/p>","protected":false},"featured_media":4573,"comment_status":"closed","ping_status":"closed","template":"","meta":{"inline_featured_image":false},"product_brand":[],"product_cat":[34],"product_tag":[],"class_list":{"0":"post-4564","1":"product","2":"type-product","3":"status-publish","4":"has-post-thumbnail","6":"product_cat-be-kategorijos","8":"first","9":"instock","10":"shipping-taxable","11":"purchasable","12":"product-type-simple"},"_links":{"self":[{"href":"https:\/\/senjoro.lt\/en\/wp-json\/wp\/v2\/product\/4564","targetHints":{"allow":["GET"]}}],"collection":[{"href":"https:\/\/senjoro.lt\/en\/wp-json\/wp\/v2\/product"}],"about":[{"href":"https:\/\/senjoro.lt\/en\/wp-json\/wp\/v2\/types\/product"}],"replies":[{"embeddable":true,"href":"https:\/\/senjoro.lt\/en\/wp-json\/wp\/v2\/comments?post=4564"}],"wp:featuredmedia":[{"embeddable":true,"href":"https:\/\/senjoro.lt\/en\/wp-json\/wp\/v2\/media\/4573"}],"wp:attachment":[{"href":"https:\/\/senjoro.lt\/en\/wp-json\/wp\/v2\/media?parent=4564"}],"wp:term":[{"taxonomy":"product_brand","embeddable":true,"href":"https:\/\/senjoro.lt\/en\/wp-json\/wp\/v2\/product_brand?post=4564"},{"taxonomy":"product_cat","embeddable":true,"href":"https:\/\/senjoro.lt\/en\/wp-json\/wp\/v2\/product_cat?post=4564"},{"taxonomy":"product_tag","embeddable":true,"href":"https:\/\/senjoro.lt\/en\/wp-json\/wp\/v2\/product_tag?post=4564"}],"curies":[{"name":"wp","href":"https:\/\/api.w.org\/{rel}","templated":true}]}}