{"id":4562,"date":"2025-08-05T06:18:32","date_gmt":"2025-08-05T06:18:32","guid":{"rendered":"https:\/\/senjoro.lt\/?post_type=product&#038;p=4562"},"modified":"2026-04-13T10:06:21","modified_gmt":"2026-04-13T07:06:21","slug":"senjores-zitos-rankine","status":"publish","type":"product","link":"https:\/\/senjoro.lt\/en\/product\/senjores-zitos-rankine\/","title":{"rendered":"Handbag of the elderly woman Zita"},"content":{"rendered":"<h5>Subtle, bold, and elegant\u2014just like elderly woman Zita. This handbag will suit perfectly for everyday use, where aesthetic appeal and functionality are needed.<\/h5>\n<p>&nbsp;<\/p>\n<h5>Zita is a symbol of charisma, expressiveness and positive aging. This handbag is not only a distinctive element of style, but also a subtle reminder that the joy of life does not depend on the number of years you have lived.<\/h5>\n<p>&nbsp;<\/p>\n<p><span style=\"color: #808080;\">\u2013 Size: 33 \u00d7 40 \u00d7 6 cm<\/span><\/p>\n<p><span style=\"color: #808080;\">\u2013 Fabric: soft velour, washable at 30\u00b0C<\/span><\/p>\n<p><span style=\"color: #808080;\">\u2013 Zipper closure.<\/span><\/p>\n<p>&nbsp;<\/p>\n<p><em>Handbags created in cooperation with artist \"Garbanota\".<\/em><\/p>\n<div class=\"elementor-element elementor-element-5c6edec elementor-widget elementor-widget-woocommerce-product-content\" data-id=\"5c6edec\" data-element_type=\"widget\" data-widget_type=\"woocommerce-product-content.default\">\n<div class=\"elementor-widget-container\">\n<p><em><strong>The order shall be prepared and dispatched within 1-2 business days.<\/strong><\/em><\/p>\n<\/div>\n<\/div>\n<div class=\"elementor-element elementor-element-2cd1ed6 e-grid e-con-full e-con e-child\" data-id=\"2cd1ed6\" data-element_type=\"container\">\n<div class=\"elementor-element elementor-element-fa7c04c elementor-widget elementor-widget-woocommerce-product-price\" data-id=\"fa7c04c\" data-element_type=\"widget\" data-widget_type=\"woocommerce-product-price.default\">\n<div class=\"elementor-widget-container\"><\/div>\n<\/div>\n<\/div>","protected":false},"excerpt":{"rendered":"<p>Rafinuota, dr\u0105si ir eleganti\u0161ka \u2013 kaip ir pati Senjor\u0117 Zita. Rankin\u0117 puikiai tiks kasdienai, kurioje norisi ir estetikos, ir prakti\u0161kumo. &nbsp; Zita \u2013 charizmati\u0161kumo, i\u0161rai\u0161kingumo ir pozityvios senatv\u0117s simbolis. \u0160i rankin\u0117 \u2013 ne tik\u00a0 puiki stiliaus detal\u0117, bet ir subtilus priminimas, kad gyvenimo d\u017eiaugsmas nepriklauso nuo met\u0173 skai\u010diaus. &nbsp; \u2013 Matmenys: 33 \u00d7 40 \u00d7<\/p>","protected":false},"featured_media":4569,"comment_status":"closed","ping_status":"closed","template":"","meta":{"inline_featured_image":false},"product_brand":[],"product_cat":[34],"product_tag":[],"class_list":{"0":"post-4562","1":"product","2":"type-product","3":"status-publish","4":"has-post-thumbnail","6":"product_cat-be-kategorijos","8":"first","9":"instock","10":"shipping-taxable","11":"purchasable","12":"product-type-simple"},"_links":{"self":[{"href":"https:\/\/senjoro.lt\/en\/wp-json\/wp\/v2\/product\/4562","targetHints":{"allow":["GET"]}}],"collection":[{"href":"https:\/\/senjoro.lt\/en\/wp-json\/wp\/v2\/product"}],"about":[{"href":"https:\/\/senjoro.lt\/en\/wp-json\/wp\/v2\/types\/product"}],"replies":[{"embeddable":true,"href":"https:\/\/senjoro.lt\/en\/wp-json\/wp\/v2\/comments?post=4562"}],"wp:featuredmedia":[{"embeddable":true,"href":"https:\/\/senjoro.lt\/en\/wp-json\/wp\/v2\/media\/4569"}],"wp:attachment":[{"href":"https:\/\/senjoro.lt\/en\/wp-json\/wp\/v2\/media?parent=4562"}],"wp:term":[{"taxonomy":"product_brand","embeddable":true,"href":"https:\/\/senjoro.lt\/en\/wp-json\/wp\/v2\/product_brand?post=4562"},{"taxonomy":"product_cat","embeddable":true,"href":"https:\/\/senjoro.lt\/en\/wp-json\/wp\/v2\/product_cat?post=4562"},{"taxonomy":"product_tag","embeddable":true,"href":"https:\/\/senjoro.lt\/en\/wp-json\/wp\/v2\/product_tag?post=4562"}],"curies":[{"name":"wp","href":"https:\/\/api.w.org\/{rel}","templated":true}]}}