{"id":4561,"date":"2025-08-05T06:18:32","date_gmt":"2025-08-05T06:18:32","guid":{"rendered":"https:\/\/senjoro.lt\/?post_type=product&#038;p=4561"},"modified":"2026-04-08T14:03:50","modified_gmt":"2026-04-08T11:03:50","slug":"pokalbiu-korteles-spalvoti-kartu-pokalbiai","status":"publish","type":"product","link":"https:\/\/senjoro.lt\/en\/product\/pokalbiu-korteles-spalvoti-kartu-pokalbiai\/","title":{"rendered":"Conversation cards \"Colorful Conversations of Generations\""},"content":{"rendered":"<p>The cards\u00a0<strong>\"Colorful Conversations of Generations\"<\/strong>\u00a0are an invitation to create meaningful dialogue between different generations \u2014 the elderly people and their children and grandchildren. Younger family members will be able to see their parents and grandparents in a new light. Meanwhile, the older generation will discover more diverse and relevant questions that will stimulate them to engage in interesting conversations with their children and grandchildren. The questions touch on various topics \u2013 from past adventures, family stories, life challenges, nostalgic memories, feelings about the present, dreams, etc.<\/p>\n<p><em>The cards are designed to unlock the unheard stories of elderly people, while also being balanced for conversations between younger generations.<\/em><\/p>\n<p>&nbsp;<\/p>\n<p><strong>There are even 100 cards in the box.<\/strong><\/p>\n<p>&nbsp;<\/p>\n<p><strong>50 cards with a mint-colored back<\/strong>\u00a0\u2013 intended for the older generation. These are questions to be asked of their children and grandchildren.<\/p>\n<p>&nbsp;<\/p>\n<p><strong>50 cards with an orange-colored back<\/strong>\u00a0- designed for the younger generation. These questions will help prompt their grandparents and parents to share their stories.<\/p>\n<p>&nbsp;<\/p>\n<p>These cards are part of a social campaign aimed at promoting intergenerational dialogue. Find out more about this social campaign <a href=\"https:\/\/senjoro.lt\/en\/2024\/03\/20\/ar-gerai-pazistate-savo-mociute-arba-seneli-socialine-kampanija-kviecia-i-senjorus-pazvelgti-kitomis-akimis\/\">HERE. <\/a><\/p>\n<p><em><strong>The order shall be prepared and dispatched within 1-2 business days.<\/strong><\/em><\/p>","protected":false},"excerpt":{"rendered":"<p>Kortel\u0117s\u00a0\u201eSpalvoti kart\u0173 pokalbiai\u201c\u00a0\u2013 tai kvietimas kurti turining\u0105 dialog\u0105 tarp skirting\u0173 kart\u0173 \u2013 senjor\u0173 bei j\u0173 vaik\u0173 ir an\u016bk\u0173. Jaunesni \u0161eimos nariai gal\u0117s kitomis akimis pa\u017evelgti \u012f savo t\u0117vus bei senelius. Tuo tarpu vyresn\u0117 karta \u2013 atrasti \u012fvairesni\u0173 ir taiklesni\u0173 klausim\u0173, leisian\u010di\u0173 pasinerti \u012f \u012fdom\u0173 pokalb\u012f su vaikais ir an\u016bkais.\u00a0Klausimai palie\u010dia \u012fvairias temas \u2013 nuo praeities<\/p>","protected":false},"featured_media":4565,"comment_status":"closed","ping_status":"closed","template":"","meta":{"inline_featured_image":false},"product_brand":[],"product_cat":[34],"product_tag":[],"class_list":{"0":"post-4561","1":"product","2":"type-product","3":"status-publish","4":"has-post-thumbnail","6":"product_cat-be-kategorijos","8":"first","9":"instock","10":"shipping-taxable","11":"purchasable","12":"product-type-simple"},"_links":{"self":[{"href":"https:\/\/senjoro.lt\/en\/wp-json\/wp\/v2\/product\/4561","targetHints":{"allow":["GET"]}}],"collection":[{"href":"https:\/\/senjoro.lt\/en\/wp-json\/wp\/v2\/product"}],"about":[{"href":"https:\/\/senjoro.lt\/en\/wp-json\/wp\/v2\/types\/product"}],"replies":[{"embeddable":true,"href":"https:\/\/senjoro.lt\/en\/wp-json\/wp\/v2\/comments?post=4561"}],"wp:featuredmedia":[{"embeddable":true,"href":"https:\/\/senjoro.lt\/en\/wp-json\/wp\/v2\/media\/4565"}],"wp:attachment":[{"href":"https:\/\/senjoro.lt\/en\/wp-json\/wp\/v2\/media?parent=4561"}],"wp:term":[{"taxonomy":"product_brand","embeddable":true,"href":"https:\/\/senjoro.lt\/en\/wp-json\/wp\/v2\/product_brand?post=4561"},{"taxonomy":"product_cat","embeddable":true,"href":"https:\/\/senjoro.lt\/en\/wp-json\/wp\/v2\/product_cat?post=4561"},{"taxonomy":"product_tag","embeddable":true,"href":"https:\/\/senjoro.lt\/en\/wp-json\/wp\/v2\/product_tag?post=4561"}],"curies":[{"name":"wp","href":"https:\/\/api.w.org\/{rel}","templated":true}]}}