{"id":8376,"date":"2026-05-04T11:19:01","date_gmt":"2026-05-04T08:19:01","guid":{"rendered":"https:\/\/senjoro.lt\/?page_id=8376"},"modified":"2026-05-08T15:33:33","modified_gmt":"2026-05-08T12:33:33","slug":"socialinis-darbuotojas-kaune","status":"publish","type":"page","link":"https:\/\/senjoro.lt\/en\/socialinis-darbuotojas-kaune\/","title":{"rendered":"Socialinis darbuotojas Kaune"},"content":{"rendered":"<div data-elementor-type=\"wp-page\" data-elementor-id=\"8376\" class=\"elementor elementor-8376\" data-elementor-post-type=\"page\">\n\t\t\t\t<div class=\"elementor-element elementor-element-7d015d08 e-con-full e-flex e-con e-parent\" data-id=\"7d015d08\" data-element_type=\"container\">\n\t\t\t\t<div class=\"elementor-element elementor-element-50aab764 elementor-widget elementor-widget-heading\" data-id=\"50aab764\" data-element_type=\"widget\" data-widget_type=\"heading.default\">\n\t\t\t\t<div class=\"elementor-widget-container\">\n\t\t\t\t\t<h2 class=\"elementor-heading-title elementor-size-default\"><h2 style=\"text-transform: none; white-space: normal;\"><span style=\"color: rgb(11, 132, 59); font-size: 36px; text-transform: unset; white-space: pre-wrap;\">Socialinis darbuotojas Kaune<\/span><span style=\"color: rgb(11, 132, 59); font-size: 36px; text-transform: unset; white-space: pre-wrap;\"><\/span><\/h2><\/h2>\t\t\t\t<\/div>\n\t\t\t\t<\/div>\n\t\t\t\t<\/div>\n\t\t<div class=\"elementor-element elementor-element-228f27ce e-con-full e-flex e-con e-parent\" data-id=\"228f27ce\" data-element_type=\"container\">\n\t\t\t\t<div class=\"elementor-element elementor-element-3ef67795 elementor-widget elementor-widget-text-editor\" data-id=\"3ef67795\" data-element_type=\"widget\" data-widget_type=\"text-editor.default\">\n\t\t\t\t<div class=\"elementor-widget-container\">\n\t\t\t\t\t\t\t\t\t<div><div class=\"mt-5\"><h3><span style=\"color: #000000;\">Ie\u0161kai darbo, kuris suteikia prasm\u0119? Norisi poky\u010di\u0173 darbe ar tiesiog ie\u0161kai geresni\u0173 s\u0105lyg\u0173?<\/span><\/h3><p><span style=\"color: #000000;\"><strong>\u00a0<\/strong><\/span><\/p><p><span style=\"color: #000000;\">Mes, \u201eSenjoro\u201c organizacija, siekiame, kad ori ir pozityvi senatv\u0117 tapt\u0173 kiekvieno Lietuvos senjoro realybe. Esame spar\u010diausiai Lietuvoje auganti organizacija, kuri\u0105 sudaro beveik 600 darbuotoj\u0173. Teikiame socialines paslaugas senjorams j\u0173 namuose net 36 savivaldyb\u0117se. O dabar \u2013 kvie\u010diame ir tave prisijungti prie m\u016bs\u0173 komandos.<\/span><\/p><p>\u00a0<\/p><p><span style=\"color: #000000;\">\u0160iuo metu ie\u0161kome socialinio darbuotojo\/koordinatoriaus Kaune.<\/span><\/p><\/div><\/div><h3>\u00a0<\/h3><h3 class=\"text-xl font-bold\"><span style=\"color: #000000;\">Naujam komandos nariui patik\u0117sime \u0161ias atsakomybes:<\/span><\/h3><p>\u00a0<\/p><p><span style=\"color: #000000;\"><strong>\u273f <\/strong>Teikiam\u0173 paslaug\u0173 kokyb\u0117s u\u017etikrinimas \u2013 pagalba individualios prie\u017ei\u016bros darbuotojams sprend\u017eiant klient\u0173 problemas, komandos stiprinimas organizuojant susirinkimus, mokymus ar pasitelkiant kitas priemones;<\/span><br \/><span style=\"color: #000000;\"><strong>\u273f <\/strong>\u017dmogi\u0161k\u0173j\u0173 i\u0161tekli\u0173 valdymas \u2013 individualios prie\u017ei\u016bros personalo paie\u0161ka, atranka ir koordinavimas;<\/span><br \/><span style=\"color: #000000;\"><strong>\u273f <\/strong>Bendravimas su klientais \u2013 senjorais ir j\u0173 artimaisiais;<\/span><br \/><span style=\"color: #000000;\"><strong>\u273f <\/strong>Dokument\u0173 administravimas \u2013 ataskait\u0173 ir ra\u0161t\u0173 savivaldybei rengimas, sutar\u010di\u0173 su klientais pasira\u0161ymas, veiklos rodikli\u0173 sekimas;<\/span><br \/><span style=\"color: #000000;\"><strong>\u273f <\/strong>Senjoro veiklos regione organizavimas, planavimas ir \u012fgyvendinimas.<\/span><\/p><h3>\u00a0<\/h3><h3 class=\"text-xl font-bold\"><span style=\"color: #000000;\">We offer:<\/span><\/h3><p>\u00a0<\/p><p><span style=\"color: #000000;\"><strong>\u273f Atlyginimas: 1800-2000 \u20ac (prie\u0161 mokes\u010dius).<\/strong><\/span><\/p><p><span style=\"color: #000000;\"><strong>\u273f <\/strong>Prasming\u0105 darb\u0105 prisidedant prie pozityvios senatv\u0117s Lietuvoje k\u016brimo;<\/span><br \/><span style=\"color: #000000;\"><strong>\u273f <\/strong>30 darbo dien\u0173 kasmetini\u0173 apmokam\u0173 atostog\u0173;\u00a0<\/span><br \/><span style=\"color: #000000;\"><strong>\u273f <\/strong>Galimyb\u0119 generuoti ir realizuoti savo id\u0117jas;<\/span><br \/><span style=\"color: #000000;\"><strong>\u273f <\/strong>Augim\u0105 greitai augan\u010diame socialiniame versle;<\/span><br \/><span style=\"color: #000000;\"><strong>\u273f <\/strong>Darb\u0105 draugi\u0161kame ir visada pasiruo\u0161usiame pad\u0117ti kolektyve;<\/span><br \/><span style=\"color: #000000;\"><strong>\u273f <\/strong>Hibridin\u012f darbo model\u012f;<\/span><br \/><span style=\"color: #000000;\"><strong>\u273f <\/strong>Ma\u017eiausiai 16 ak. val. per metus mokym\u0173 kompetencij\u0173 tobulinimui;<\/span><br \/><span style=\"color: #000000;\"><strong>\u273f <\/strong>Darb\u0105 pilnu etatu;<\/span><br \/><span style=\"color: #000000;\"><strong>\u273f <\/strong>Visas darbui reikalingas priemones.<\/span><\/p><p>\u00a0<\/p><h3 class=\"text-xl font-bold\"><span style=\"color: #000000;\">Ko tikim\u0117s i\u0161 tav\u0119s:<\/span><\/h3><p>\u00a0<\/p><p><span style=\"color: #000000;\"><strong>\u273f <\/strong>Socialinio darbo i\u0161silavinimas ir\/ar patirtis \u0161ioje srityje (didelis privalumas);<\/span><\/p><p><span style=\"color: #000000;\"><strong>\u273f <\/strong>Iniciatyvumas ir ie\u0161kojimas ne problem\u0173, o sprendim\u0173;<\/span><br \/><span style=\"color: #000000;\"><strong>\u273f <\/strong>Noras pad\u0117ti senjorams, empatija;<\/span><br \/><span style=\"color: #000000;\"><strong>\u273f <\/strong>Geb\u0117jimas bendrauti su \u012fvairiais \u017emon\u0117mis;<\/span><br \/><span style=\"color: #000000;\"><strong>\u273f <\/strong>Puik\u016bs laiko planavimo \u012fg\u016bd\u017eiai;<\/span><br \/><span style=\"color: #000000;\"><strong>\u273f <\/strong>Geb\u0117jimas suvaldyti stresines ir konfliktines situacijas;<\/span><br \/><span style=\"color: #000000;\"><strong>\u273f <\/strong>K\u016brybi\u0161kumas, atsakingumas;<\/span><br \/><span style=\"color: #000000;\"><strong>\u273f <\/strong>Puiki lietuvi\u0173 k. ra\u0161tu ir \u017eod\u017eiu;<\/span><br \/><span style=\"color: #000000;\"><strong>\u273f <\/strong>Geri darbo kompiuteriu \u012fg\u016bd\u017eiai;<\/span><br \/><span style=\"color: #000000;\"><strong>\u273f <\/strong>Vairuotojo pa\u017eym\u0117jimas (B kategorija).<\/span><\/p><h6>\u00a0<\/h6><p><span style=\"color: #000000;\"><strong>Nori su\u017einoti daugiau? Pasikalb\u0117kime. Skambink: <span style=\"text-decoration: underline;\"><a href=\"tel: +37064611038\">+37064611038<\/a><\/span>.<\/strong><\/span><\/p>\t\t\t\t\t\t\t\t<\/div>\n\t\t\t\t<\/div>\n\t\t\t\t<\/div>\n\t\t<div class=\"elementor-element elementor-element-4b6459d9 e-flex e-con-boxed e-con e-parent\" data-id=\"4b6459d9\" data-element_type=\"container\">\n\t\t\t\t\t<div class=\"e-con-inner\">\n\t\t\t\t<div class=\"elementor-element elementor-element-451ac0a5 elementor-widget__width-inherit elementor-widget elementor-widget-heading\" data-id=\"451ac0a5\" data-element_type=\"widget\" data-widget_type=\"heading.default\">\n\t\t\t\t<div class=\"elementor-widget-container\">\n\t\t\t\t\t<h2 class=\"elementor-heading-title elementor-size-default\">Apply<\/h2>\t\t\t\t<\/div>\n\t\t\t\t<\/div>\n\t\t\t\t\t<\/div>\n\t\t\t\t<\/div>\n\t\t<div class=\"elementor-element elementor-element-384b1139 e-flex e-con-boxed e-con e-parent\" data-id=\"384b1139\" data-element_type=\"container\">\n\t\t\t\t\t<div class=\"e-con-inner\">\n\t\t<div class=\"elementor-element elementor-element-cdf066d e-con-full e-flex e-con e-child\" data-id=\"cdf066d\" data-element_type=\"container\" data-settings=\"{&quot;background_background&quot;:&quot;classic&quot;}\">\n\t\t\t\t<div class=\"elementor-element elementor-element-46af7e11 elementor-widget elementor-widget-text-editor\" data-id=\"46af7e11\" data-element_type=\"widget\" data-widget_type=\"text-editor.default\">\n\t\t\t\t<div class=\"elementor-widget-container\">\n\t\t\t\t\t\t\t\t\t<p>Fill out the form below and we will contact you regarding your application for this position.\u00a0<\/p>\t\t\t\t\t\t\t\t<\/div>\n\t\t\t\t<\/div>\n\t\t\t\t<div class=\"elementor-element elementor-element-4f6065db elementor-widget elementor-widget-digtek-contact-form-widget\" data-id=\"4f6065db\" data-element_type=\"widget\" data-widget_type=\"digtek-contact-form-widget.default\">\n\t\t\t\t<div class=\"elementor-widget-container\">\n\t\t\t\t\t\r\n\r\n\t\r\n\r\n\t<div class=\"contact-wrapper-2\">\r\n\t\t<div class=\"contact-content ms-0\">\r\n\t\t\t\n<div class=\"wpcf7 no-js\" id=\"wpcf7-f7355-o1\" lang=\"en-US\" dir=\"ltr\" data-wpcf7-id=\"7355\">\n<div class=\"screen-reader-response\"><p role=\"status\" aria-live=\"polite\" aria-atomic=\"true\"><\/p> <ul><\/ul><\/div>\n<form action=\"\/en\/wp-json\/wp\/v2\/pages\/8376#wpcf7-f7355-o1\" method=\"post\" class=\"wpcf7-form init\" aria-label=\"Contact form\" enctype=\"multipart\/form-data\" novalidate=\"novalidate\" data-status=\"init\" data-trp-original-action=\"\/en\/wp-json\/wp\/v2\/pages\/8376#wpcf7-f7355-o1\">\n<fieldset class=\"hidden-fields-container\"><input type=\"hidden\" name=\"_wpcf7\" value=\"7355\" \/><input type=\"hidden\" name=\"_wpcf7_version\" value=\"6.1.4\" \/><input type=\"hidden\" name=\"_wpcf7_locale\" value=\"en_US\" \/><input type=\"hidden\" name=\"_wpcf7_unit_tag\" value=\"wpcf7-f7355-o1\" \/><input type=\"hidden\" name=\"_wpcf7_container_post\" value=\"0\" \/><input type=\"hidden\" name=\"_wpcf7_posted_data_hash\" value=\"\" \/>\n<\/fieldset>\n<div class=\"row\">\n    <div class=\"col-lg-6 wow fadeInUp\" data-wow-delay=\".3s\">\n        <div class=\"form-clt\">\n            <span class=\"wpcf7-form-control-wrap\" data-name=\"text-750\"><input size=\"40\" maxlength=\"400\" class=\"wpcf7-form-control wpcf7-text wpcf7-validates-as-required\" aria-required=\"true\" aria-invalid=\"false\" placeholder=\"First Name\" value=\"\" type=\"text\" name=\"text-750\" \/><\/span>\n        <\/div>\n    <\/div>\n    <div class=\"col-lg-6 wow fadeInUp\" data-wow-delay=\".3s\">\n        <div class=\"form-clt\">\n            <span class=\"wpcf7-form-control-wrap\" data-name=\"text-751\"><input size=\"40\" maxlength=\"400\" class=\"wpcf7-form-control wpcf7-text wpcf7-validates-as-required\" aria-required=\"true\" aria-invalid=\"false\" placeholder=\"Last Name\" value=\"\" type=\"text\" name=\"text-751\" \/><\/span>\n        <\/div>\n    <\/div>\n<\/div>\n\n<div class=\"row\">\n    <div class=\"col-lg-6 wow fadeInUp\" data-wow-delay=\".5s\">\n        <div class=\"form-clt\">\n            <span class=\"wpcf7-form-control-wrap\" data-name=\"email-408\"><input size=\"40\" maxlength=\"400\" class=\"wpcf7-form-control wpcf7-email wpcf7-validates-as-required wpcf7-text wpcf7-validates-as-email\" aria-required=\"true\" aria-invalid=\"false\" placeholder=\"Your e-mail\" value=\"\" type=\"email\" name=\"email-408\" \/><\/span>\n        <\/div>\n    <\/div>\n    <div class=\"col-lg-6 wow fadeInUp\" data-wow-delay=\".3s\">\n        <div class=\"form-clt\">\n            <span class=\"wpcf7-form-control-wrap\" data-name=\"tel-897\"><input size=\"40\" maxlength=\"400\" class=\"wpcf7-form-control wpcf7-tel wpcf7-validates-as-required wpcf7-text wpcf7-validates-as-tel\" autocomplete=\"tel\" aria-required=\"true\" aria-invalid=\"false\" placeholder=\"Your phone number\" value=\"\" type=\"tel\" name=\"tel-897\" \/><\/span>\n        <\/div>\n    <\/div>\n<\/div>\n\n<div class=\"row\">\n    <div class=\"col-lg-6 wow fadeInUp\" data-wow-delay=\".5s\">\n        <div class=\"form-clt\">\n            <span class=\"wpcf7-form-control-wrap\" data-name=\"text-409\"><input size=\"40\" maxlength=\"400\" class=\"wpcf7-form-control wpcf7-text wpcf7-validates-as-required\" aria-required=\"true\" aria-invalid=\"false\" placeholder=\"Brief introduction\" value=\"\" type=\"text\" name=\"text-409\" \/><\/span>\n        <\/div>\n    <\/div>\n    <div class=\"col-lg-6 wow fadeInUp\" data-wow-delay=\".5s\">\n        <div class=\"form-clt\">\n            <span class=\"wpcf7-form-control-wrap\" data-name=\"text-city\"><input size=\"40\" maxlength=\"400\" class=\"wpcf7-form-control wpcf7-text wpcf7-validates-as-required\" aria-required=\"true\" aria-invalid=\"false\" placeholder=\"\u012eveskite miest\u0105\" value=\"\" type=\"text\" name=\"text-city\" \/><\/span>\n        <\/div>\n    <\/div>\n<\/div>\n\n<div class=\"row\">\n    <div class=\"col-lg-6 wow fadeInUp\" data-wow-delay=\".3s\" style=\"margin-bottom: 15px\">\n        <div class=\"custom-file-upload\">\n  <label class=\"upload-label\">\n    Attach your CV <span class=\"plus\"><\/span>\n    <span class=\"wpcf7-form-control-wrap\" data-name=\"your-file\"><input size=\"40\" class=\"wpcf7-form-control wpcf7-file file-input\" accept=\".pdf,.jpg,.jpeg,.png\" aria-invalid=\"false\" type=\"file\" name=\"your-file\" \/><\/span>\n  <\/label>\n<\/div>\n    <\/div>\n<\/div>\n\n<div class=\"row\">\n    <div class=\"col-lg-12 wow fadeInUp\" data-wow-delay=\".9s\">\n        <button type=\"submit\" class=\"theme-btn\">\n            Submit <i class=\"fa-solid fa-arrow-right-long\"><\/i>\n        <\/button>\n    <\/div>\n<\/div><div class=\"wpcf7-response-output\" aria-hidden=\"true\"><\/div>\n<input type=\"hidden\" name=\"trp-form-language\" value=\"en\"\/><\/form>\n<\/div>\n\t\t<\/div>\r\n\t<\/div>\r\n\r\n\r\n\t\r\n\r\n             \r\n\t\t\t\t\t\t<\/div>\n\t\t\t\t<\/div>\n\t\t\t\t<\/div>\n\t\t\t\t\t<\/div>\n\t\t\t\t<\/div>\n\t\t\t\t<\/div>","protected":false},"excerpt":{"rendered":"<p>Socialinis darbuotojas Kaune Ie\u0161kai darbo, kuris suteikia prasm\u0119? Norisi poky\u010di\u0173 darbe ar tiesiog ie\u0161kai geresni\u0173 s\u0105lyg\u0173? \u00a0 Mes, \u201eSenjoro\u201c organizacija, siekiame, kad ori ir pozityvi senatv\u0117 tapt\u0173 kiekvieno Lietuvos senjoro realybe. Esame spar\u010diausiai Lietuvoje auganti organizacija, kuri\u0105 sudaro beveik 600 darbuotoj\u0173. Teikiame socialines paslaugas senjorams j\u0173 namuose net 36 savivaldyb\u0117se. O dabar \u2013 kvie\u010diame ir<\/p>","protected":false},"author":3,"featured_media":0,"parent":0,"menu_order":0,"comment_status":"closed","ping_status":"closed","template":"","meta":{"inline_featured_image":false,"footnotes":""},"class_list":["post-8376","page","type-page","status-publish","hentry"],"_links":{"self":[{"href":"https:\/\/senjoro.lt\/en\/wp-json\/wp\/v2\/pages\/8376","targetHints":{"allow":["GET"]}}],"collection":[{"href":"https:\/\/senjoro.lt\/en\/wp-json\/wp\/v2\/pages"}],"about":[{"href":"https:\/\/senjoro.lt\/en\/wp-json\/wp\/v2\/types\/page"}],"author":[{"embeddable":true,"href":"https:\/\/senjoro.lt\/en\/wp-json\/wp\/v2\/users\/3"}],"replies":[{"embeddable":true,"href":"https:\/\/senjoro.lt\/en\/wp-json\/wp\/v2\/comments?post=8376"}],"version-history":[{"count":16,"href":"https:\/\/senjoro.lt\/en\/wp-json\/wp\/v2\/pages\/8376\/revisions"}],"predecessor-version":[{"id":8460,"href":"https:\/\/senjoro.lt\/en\/wp-json\/wp\/v2\/pages\/8376\/revisions\/8460"}],"wp:attachment":[{"href":"https:\/\/senjoro.lt\/en\/wp-json\/wp\/v2\/media?parent=8376"}],"curies":[{"name":"wp","href":"https:\/\/api.w.org\/{rel}","templated":true}]}}