{"id":7424,"date":"2026-03-30T09:31:18","date_gmt":"2026-03-30T06:31:18","guid":{"rendered":"https:\/\/senjoro.lt\/?page_id=7424"},"modified":"2026-04-15T18:12:48","modified_gmt":"2026-04-15T15:12:48","slug":"individualios-prieziuros-darbuotojas-klaipedoje","status":"publish","type":"page","link":"https:\/\/senjoro.lt\/en\/individualios-prieziuros-darbuotojas-klaipedoje\/","title":{"rendered":"Individual care worker in Klaip\u0117da"},"content":{"rendered":"<div data-elementor-type=\"wp-page\" data-elementor-id=\"7424\" class=\"elementor elementor-7424\" data-elementor-post-type=\"page\">\n\t\t\t\t<div class=\"elementor-element elementor-element-265753a5 e-con-full e-flex e-con e-parent\" data-id=\"265753a5\" data-element_type=\"container\">\n\t\t\t\t<div class=\"elementor-element elementor-element-5bf89063 elementor-widget elementor-widget-heading\" data-id=\"5bf89063\" data-element_type=\"widget\" data-widget_type=\"heading.default\">\n\t\t\t\t<div class=\"elementor-widget-container\">\n\t\t\t\t\t<h2 class=\"elementor-heading-title elementor-size-default\">Individual care worker in Klaip\u0117da<\/h2>\t\t\t\t<\/div>\n\t\t\t\t<\/div>\n\t\t\t\t<\/div>\n\t\t<div class=\"elementor-element elementor-element-770f5420 e-con-full e-flex e-con e-parent\" data-id=\"770f5420\" data-element_type=\"container\">\n\t\t\t\t<div class=\"elementor-element elementor-element-542b24fc elementor-widget elementor-widget-text-editor\" data-id=\"542b24fc\" data-element_type=\"widget\" data-widget_type=\"text-editor.default\">\n\t\t\t\t<div class=\"elementor-widget-container\">\n\t\t\t\t\t\t\t\t\t<div class=\"mt-5\"><div><div class=\"mt-5\"><h3><span style=\"color: #000000;\"><strong>Job description<\/strong><\/span><\/h3><p><span style=\"color: #000000;\"><strong>\u00a0<\/strong><\/span><\/p><p><span style=\"color: #000000;\">SENJORO organizacija teikia socialines paslaugas daugiau nei 2500 senjor\u0173 \u2013 pagalb\u0105 namuose bei dienos socialin\u0119 glob\u0105 \u2013 net 34 Lietuvos savivaldyb\u0117se. Nuolat augame ir kartu su jau daugiau nei 550 darbuotoj\u0173 komanda siekiame, kad pozityvi senatv\u0117 tapt\u0173 vis\u0173 Lietuvos senjor\u0173 kasdienybe.<\/span><\/p><p><span style=\"color: #000000;\">We invite individual care workers to join our team! Our team is looking for empathetic and energetic people who would visit seniors in their homes in Klaip\u0117da and the Klaip\u0117da district.<\/span><\/p><p><span style=\"color: #000000;\">\u00a0<\/span><\/p><h3><span style=\"color: #000000;\"><strong>Responsibilities:<\/strong><\/span><\/h3><p><span style=\"color: #000000;\"><strong>\u00a0<\/strong><\/span><\/p><p><span style=\"color: #000000;\">Providing care for elderly people in their homes: assistance with household tasks, personal hygiene, social interaction and self-expression needs, communication, and emotional support.<\/span><\/p><p><span style=\"color: #000000;\">\u00a0<\/span><\/p><\/div><\/div><h3 class=\"text-xl font-bold\"><span style=\"color: #000000;\">Requirements:<\/span><\/h3><p><span style=\"color: #000000;\">\u00a0<\/span><\/p><ul><li class=\"text-xl font-bold\"><p><span style=\"font-size: 16px; color: #000000;\">Reikalingas 40 ak. val. individualios prie\u017ei\u016bros specialisto \u012f\u017eangini\u0173 mokym\u0173 arba socialinio darbuotojo pad\u0117j\u0117jo (-os) kvalifikacinis pa\u017eym\u0117jimas.<\/span><\/p><\/li><li class=\"text-xl font-bold\"><p><span style=\"color: #000000;\">Strong communication skills, sincerity, responsibility, patience, empathy, ability to manage stressful situations, and flexibility.<\/span><\/p><\/li><\/ul><h3>\u00a0<\/h3><h3 class=\"text-xl font-bold\"><span style=\"color: #000000;\">We offer:<\/span><\/h3><ul><li><p><strong><span style=\"color: #000000;\"><b>Salary: 7,5 \u2013 8,5<\/b>\u00a0\u20ac\/hour (before taxes)<\/span><\/strong><\/p><\/li><li><p><span style=\"color: #000000;\">Paid travel time between clients<\/span><\/p><\/li><li><p><span style=\"color: #000000;\">Full compensation of travel expenses (public transport ticket or fuel compensation)<\/span><\/p><\/li><li><p><span style=\"color: #000000;\">Unlimited calls, messages, and mobile data for work and personal use<\/span><\/p><\/li><li><p><span style=\"color: #000000;\">Flexible working schedule, with the possibility to work on weekends (cumulative working time accounting)<\/span><\/p><\/li><li><p><span style=\"color: #000000;\">30 working days of annual leave<\/span><\/p><\/li><li><p><span style=\"color: #000000;\">Meaningful work contributing to the well-being of elderly people in Lithuania<\/span><\/p><\/li><li><p><span style=\"color: #000000;\">A friendly and growing team<\/span><\/p><\/li><li><p><span style=\"color: #000000;\">Social guarantees<\/span><\/p><\/li><li><p><span style=\"color: #000000;\">Permanent employment contract<\/span><\/p><\/li><\/ul><p><strong><span style=\"color: #000000;\">Turi daugiau klausim\u0173 apie darbo pob\u016bd\u012f? Skambinkite tel. nr.: +37068494328<\/span><\/strong><\/p><\/div>\t\t\t\t\t\t\t\t<\/div>\n\t\t\t\t<\/div>\n\t\t\t\t<\/div>\n\t\t<div class=\"elementor-element elementor-element-1f22f40b e-flex e-con-boxed e-con e-parent\" data-id=\"1f22f40b\" data-element_type=\"container\">\n\t\t\t\t\t<div class=\"e-con-inner\">\n\t\t\t\t<div class=\"elementor-element elementor-element-6e1522a4 elementor-widget__width-inherit elementor-widget elementor-widget-heading\" data-id=\"6e1522a4\" data-element_type=\"widget\" data-widget_type=\"heading.default\">\n\t\t\t\t<div class=\"elementor-widget-container\">\n\t\t\t\t\t<h2 class=\"elementor-heading-title elementor-size-default\">Apply<\/h2>\t\t\t\t<\/div>\n\t\t\t\t<\/div>\n\t\t\t\t\t<\/div>\n\t\t\t\t<\/div>\n\t\t<div class=\"elementor-element elementor-element-461f0d39 e-flex e-con-boxed e-con e-parent\" data-id=\"461f0d39\" data-element_type=\"container\">\n\t\t\t\t\t<div class=\"e-con-inner\">\n\t\t<div class=\"elementor-element elementor-element-417d6be e-con-full e-flex e-con e-child\" data-id=\"417d6be\" data-element_type=\"container\" data-settings=\"{&quot;background_background&quot;:&quot;classic&quot;}\">\n\t\t\t\t<div class=\"elementor-element elementor-element-6b932255 elementor-widget elementor-widget-text-editor\" data-id=\"6b932255\" data-element_type=\"widget\" data-widget_type=\"text-editor.default\">\n\t\t\t\t<div class=\"elementor-widget-container\">\n\t\t\t\t\t\t\t\t\t<p style=\"text-align: center;\">Fill out the form below and we will contact you regarding your application for this position.\u00a0<\/p>\t\t\t\t\t\t\t\t<\/div>\n\t\t\t\t<\/div>\n\t\t\t\t<div class=\"elementor-element elementor-element-f2cbf96 elementor-widget elementor-widget-digtek-contact-form-widget\" data-id=\"f2cbf96\" data-element_type=\"widget\" data-widget_type=\"digtek-contact-form-widget.default\">\n\t\t\t\t<div class=\"elementor-widget-container\">\n\t\t\t\t\t\r\n\r\n\t\r\n\r\n\t<div class=\"contact-wrapper-2\">\r\n\t\t<div class=\"contact-content ms-0\">\r\n\t\t\t\n<div class=\"wpcf7 no-js\" id=\"wpcf7-f7355-o1\" lang=\"en-US\" dir=\"ltr\" data-wpcf7-id=\"7355\">\n<div class=\"screen-reader-response\"><p role=\"status\" aria-live=\"polite\" aria-atomic=\"true\"><\/p> <ul><\/ul><\/div>\n<form action=\"\/en\/wp-json\/wp\/v2\/pages\/7424#wpcf7-f7355-o1\" method=\"post\" class=\"wpcf7-form init\" aria-label=\"Contact form\" enctype=\"multipart\/form-data\" novalidate=\"novalidate\" data-status=\"init\" data-trp-original-action=\"\/en\/wp-json\/wp\/v2\/pages\/7424#wpcf7-f7355-o1\">\n<fieldset class=\"hidden-fields-container\"><input type=\"hidden\" name=\"_wpcf7\" value=\"7355\" \/><input type=\"hidden\" name=\"_wpcf7_version\" value=\"6.1.4\" \/><input type=\"hidden\" name=\"_wpcf7_locale\" value=\"en_US\" \/><input type=\"hidden\" name=\"_wpcf7_unit_tag\" value=\"wpcf7-f7355-o1\" \/><input type=\"hidden\" name=\"_wpcf7_container_post\" value=\"0\" \/><input type=\"hidden\" name=\"_wpcf7_posted_data_hash\" value=\"\" \/>\n<\/fieldset>\n<div class=\"row\">\n    <div class=\"col-lg-6 wow fadeInUp\" data-wow-delay=\".3s\">\n        <div class=\"form-clt\">\n            <span class=\"wpcf7-form-control-wrap\" data-name=\"text-750\"><input size=\"40\" maxlength=\"400\" class=\"wpcf7-form-control wpcf7-text wpcf7-validates-as-required\" aria-required=\"true\" aria-invalid=\"false\" placeholder=\"First Name\" value=\"\" type=\"text\" name=\"text-750\" \/><\/span>\n        <\/div>\n    <\/div>\n    <div class=\"col-lg-6 wow fadeInUp\" data-wow-delay=\".3s\">\n        <div class=\"form-clt\">\n            <span class=\"wpcf7-form-control-wrap\" data-name=\"text-751\"><input size=\"40\" maxlength=\"400\" class=\"wpcf7-form-control wpcf7-text wpcf7-validates-as-required\" aria-required=\"true\" aria-invalid=\"false\" placeholder=\"Last Name\" value=\"\" type=\"text\" name=\"text-751\" \/><\/span>\n        <\/div>\n    <\/div>\n<\/div>\n\n<div class=\"row\">\n    <div class=\"col-lg-6 wow fadeInUp\" data-wow-delay=\".5s\">\n        <div class=\"form-clt\">\n            <span class=\"wpcf7-form-control-wrap\" data-name=\"email-408\"><input size=\"40\" maxlength=\"400\" class=\"wpcf7-form-control wpcf7-email wpcf7-validates-as-required wpcf7-text wpcf7-validates-as-email\" aria-required=\"true\" aria-invalid=\"false\" placeholder=\"Your e-mail\" value=\"\" type=\"email\" name=\"email-408\" \/><\/span>\n        <\/div>\n    <\/div>\n    <div class=\"col-lg-6 wow fadeInUp\" data-wow-delay=\".3s\">\n        <div class=\"form-clt\">\n            <span class=\"wpcf7-form-control-wrap\" data-name=\"tel-897\"><input size=\"40\" maxlength=\"400\" class=\"wpcf7-form-control wpcf7-tel wpcf7-validates-as-required wpcf7-text wpcf7-validates-as-tel\" autocomplete=\"tel\" aria-required=\"true\" aria-invalid=\"false\" placeholder=\"Your phone number\" value=\"\" type=\"tel\" name=\"tel-897\" \/><\/span>\n        <\/div>\n    <\/div>\n<\/div>\n\n<div class=\"row\">\n    <div class=\"col-lg-6 wow fadeInUp\" data-wow-delay=\".5s\">\n        <div class=\"form-clt\">\n            <span class=\"wpcf7-form-control-wrap\" data-name=\"text-409\"><input size=\"40\" maxlength=\"400\" class=\"wpcf7-form-control wpcf7-text wpcf7-validates-as-required\" aria-required=\"true\" aria-invalid=\"false\" placeholder=\"Brief introduction\" value=\"\" type=\"text\" name=\"text-409\" \/><\/span>\n        <\/div>\n    <\/div>\n    <div class=\"col-lg-6 wow fadeInUp\" data-wow-delay=\".5s\">\n        <div class=\"form-clt\">\n            <span class=\"wpcf7-form-control-wrap\" data-name=\"text-city\"><input size=\"40\" maxlength=\"400\" class=\"wpcf7-form-control wpcf7-text wpcf7-validates-as-required\" aria-required=\"true\" aria-invalid=\"false\" placeholder=\"\u012eveskite miest\u0105\" value=\"\" type=\"text\" name=\"text-city\" \/><\/span>\n        <\/div>\n    <\/div>\n<\/div>\n\n<div class=\"row\">\n    <div class=\"col-lg-6 wow fadeInUp\" data-wow-delay=\".3s\" style=\"margin-bottom: 15px\">\n        <div class=\"custom-file-upload\">\n  <label class=\"upload-label\">\n    Attach your CV <span class=\"plus\"><\/span>\n    <span class=\"wpcf7-form-control-wrap\" data-name=\"your-file\"><input size=\"40\" class=\"wpcf7-form-control wpcf7-file file-input\" accept=\".pdf,.jpg,.jpeg,.png\" aria-invalid=\"false\" type=\"file\" name=\"your-file\" \/><\/span>\n  <\/label>\n<\/div>\n    <\/div>\n<\/div>\n\n<div class=\"row\">\n    <div class=\"col-lg-12 wow fadeInUp\" data-wow-delay=\".9s\">\n        <button type=\"submit\" class=\"theme-btn\">\n            Submit <i class=\"fa-solid fa-arrow-right-long\"><\/i>\n        <\/button>\n    <\/div>\n<\/div><div class=\"wpcf7-response-output\" aria-hidden=\"true\"><\/div>\n<input type=\"hidden\" name=\"trp-form-language\" value=\"en\"\/><\/form>\n<\/div>\n\t\t<\/div>\r\n\t<\/div>\r\n\r\n\r\n\t\r\n\r\n             \r\n\t\t\t\t\t\t<\/div>\n\t\t\t\t<\/div>\n\t\t\t\t<div class=\"elementor-element elementor-element-b4e6f5f elementor-widget elementor-widget-html\" data-id=\"b4e6f5f\" data-element_type=\"widget\" data-widget_type=\"html.default\">\n\t\t\t\t<div class=\"elementor-widget-container\">\n\t\t\t\t\t<script>\nwindow.dataLayer = window.dataLayer || [];\n\nif (!window.cf7TrackingInitialized) {\n  window.cf7TrackingInitialized = true;\n\n  document.addEventListener('wpcf7mailsent', function(event) {\n    if (String(event.detail.contactFormId) !== '7355') {\n      return;\n    }\n\n    window.dataLayer.push({\n      event: 'cf7_form_submit_success',\n      form_id: '7355',\n      form_type: 'candidate_form',\n      city_segment: 'Klaip\u0117da'\n    });\n  });\n}\n<\/script>\t\t\t\t<\/div>\n\t\t\t\t<\/div>\n\t\t\t\t<\/div>\n\t\t\t\t\t<\/div>\n\t\t\t\t<\/div>\n\t\t\t\t<\/div>","protected":false},"excerpt":{"rendered":"<p>Individualios prie\u017ei\u016bros darbuotojas Klaip\u0117doje Darbo apra\u0161ymas \u00a0 SENJORO organizacija teikia socialines paslaugas daugiau nei 2500 senjor\u0173 \u2013 pagalb\u0105 namuose bei dienos socialin\u0119 glob\u0105 \u2013 net 34 Lietuvos savivaldyb\u0117se. Nuolat augame ir kartu su jau daugiau nei 550 darbuotoj\u0173 komanda siekiame, kad pozityvi senatv\u0117 tapt\u0173 vis\u0173 Lietuvos senjor\u0173 kasdienybe. Kvie\u010diame prie komandos prisijungti individualios prie\u017ei\u016bros darbuotojus!<\/p>","protected":false},"author":3,"featured_media":0,"parent":0,"menu_order":0,"comment_status":"closed","ping_status":"closed","template":"","meta":{"inline_featured_image":false,"footnotes":""},"class_list":["post-7424","page","type-page","status-publish","hentry"],"_links":{"self":[{"href":"https:\/\/senjoro.lt\/en\/wp-json\/wp\/v2\/pages\/7424","targetHints":{"allow":["GET"]}}],"collection":[{"href":"https:\/\/senjoro.lt\/en\/wp-json\/wp\/v2\/pages"}],"about":[{"href":"https:\/\/senjoro.lt\/en\/wp-json\/wp\/v2\/types\/page"}],"author":[{"embeddable":true,"href":"https:\/\/senjoro.lt\/en\/wp-json\/wp\/v2\/users\/3"}],"replies":[{"embeddable":true,"href":"https:\/\/senjoro.lt\/en\/wp-json\/wp\/v2\/comments?post=7424"}],"version-history":[{"count":32,"href":"https:\/\/senjoro.lt\/en\/wp-json\/wp\/v2\/pages\/7424\/revisions"}],"predecessor-version":[{"id":8155,"href":"https:\/\/senjoro.lt\/en\/wp-json\/wp\/v2\/pages\/7424\/revisions\/8155"}],"wp:attachment":[{"href":"https:\/\/senjoro.lt\/en\/wp-json\/wp\/v2\/media?parent=7424"}],"curies":[{"name":"wp","href":"https:\/\/api.w.org\/{rel}","templated":true}]}}