{"id":7413,"date":"2026-03-30T09:09:51","date_gmt":"2026-03-30T06:09:51","guid":{"rendered":"https:\/\/senjoro.lt\/?page_id=7413"},"modified":"2026-05-08T15:26:02","modified_gmt":"2026-05-08T12:26:02","slug":"individualios-prieziuros-darbuotojas-vilniuje","status":"publish","type":"page","link":"https:\/\/senjoro.lt\/en\/individualios-prieziuros-darbuotojas-vilniuje\/","title":{"rendered":"Individual care worker in Vilnius"},"content":{"rendered":"\t\t<div data-elementor-type=\"wp-page\" data-elementor-id=\"7413\" class=\"elementor elementor-7413\" data-elementor-post-type=\"page\">\n\t\t\t\t<div class=\"elementor-element elementor-element-5583a186 e-con-full e-flex e-con e-parent\" data-id=\"5583a186\" data-element_type=\"container\">\n\t\t\t\t<div class=\"elementor-element elementor-element-227491f5 elementor-widget elementor-widget-heading\" data-id=\"227491f5\" data-element_type=\"widget\" data-widget_type=\"heading.default\">\n\t\t\t\t<div class=\"elementor-widget-container\">\n\t\t\t\t\t<h2 class=\"elementor-heading-title elementor-size-default\">Individualios prie\u017ei\u016bros darbuotojas Vilniuje<\/h2>\t\t\t\t<\/div>\n\t\t\t\t<\/div>\n\t\t\t\t<\/div>\n\t\t<div class=\"elementor-element elementor-element-2b54e527 e-con-full e-flex e-con e-parent\" data-id=\"2b54e527\" data-element_type=\"container\">\n\t\t\t\t<div class=\"elementor-element elementor-element-5c96bdcd elementor-widget elementor-widget-text-editor\" data-id=\"5c96bdcd\" data-element_type=\"widget\" data-widget_type=\"text-editor.default\">\n\t\t\t\t<div class=\"elementor-widget-container\">\n\t\t\t\t\t\t\t\t\t<div><div class=\"mt-5\"><h3>Ie\u0161kai darbo, kuris suteikia prasm\u0119? Norisi poky\u010di\u0173 darbe ar tiesiog ie\u0161kai geresni\u0173 s\u0105lyg\u0173?<\/h3><p><span style=\"color: #000000;\"><strong>\u00a0<\/strong><\/span><\/p><p><span style=\"color: #000000;\">Mes, \u201eSenjoro\u201c organizacija, siekiame, kad ori ir pozityvi senatv\u0117 tapt\u0173 kiekvieno Lietuvos senjoro realybe. Esame spar\u010diausiai Lietuvoje auganti organizacija, kuri\u0105 sudaro beveik 600 darbuotoj\u0173. Teikiame socialines paslaugas senjorams j\u0173 namuose net 36 savivaldyb\u0117se. O dabar \u2013 kvie\u010diame ir tave prisijungti prie m\u016bs\u0173 komandos.<\/span><\/p><p>\u00a0<\/p><p><span style=\"color: #000000;\">\u0160iuo metu ie\u0161kome empati\u0161k\u0173, \u0161ilt\u0173 ir atsaking\u0173 individualios prie\u017ei\u016bros darbuotoj\u0173 Vilniuje. Jei nori kasdien atne\u0161ti \u0161viesos \u012f senjor\u0173 namus ir kartu tapti poky\u010di\u0173 savo mieste dalimi \u2013 skaityk toliau!<\/span><\/p><p><span style=\"color: #000000;\">\u00a0<\/span><\/p><h3>Kaip atrodys tavo diena:<\/h3><p>\u00a0<\/p><p><span style=\"color: #000000;\">Senjor\u0173 prie\u017ei\u016bra j\u0173 namuose: pad\u0117si buityje, r\u016bpinsiesi asmens higiena, pad\u0117si i\u0161pildyti socializacijos bei savirai\u0161kos poreikius, o svarbiausia \u2013 nuo\u0161ird\u017eiai bendrausi ir skirsi savo d\u0117mes\u012f.<br \/><\/span><\/p><p><span style=\"color: #000000;\">\u00a0<\/span><\/p><\/div><\/div><h3 class=\"text-xl font-bold\">Kod\u0117l verta prisijungti prie m\u016bs\u0173 komandos:<\/h3><p><span style=\"color: #000000;\">\u00a0<\/span><\/p><p><span style=\"color: #000000;\"><strong>\u273f Konkurencingas atlyginimas: 1450-1800 \u20ac (prie\u0161 mokes\u010dius).<\/strong><\/span><\/p><p><span style=\"color: #000000;\">\u273f Vertiname tavo laik\u0105: papildomai apmokamas laikas, praleistas kelyje tarp pirmo ir paskutinio paslaug\u0173 gav\u0117jo;<\/span><\/p><p><span style=\"color: #000000;\">\u273f Pilnai kompensuojame kuro i\u0161laidas arba vie\u0161ojo transporto biliet\u0105;<\/span><\/p><p><span style=\"color: #000000;\">\u273f Suteikiame metin\u012f mokym\u0173 ir kompetencij\u0173 k\u0117limo paket\u0105 (16 ak. val.);<\/span><\/p><p><span style=\"color: #000000;\">\u273f Naudokis ry\u0161iu be joki\u0173 limit\u0173: neriboti pokalbiai, \u017einut\u0117s ir internetas darbui bei asmenin\u0117ms reikm\u0117ms;<\/span><\/p><p><span style=\"color: #000000;\">\u273f Dirbk pagal grafik\u0105, kuris tinka tau: lanks\u010diai d\u0117liokis darbo kr\u016bv\u012f ir derink darbo dienas (\u012fskaitant savaitgalius) taip, kaip tau patogu;<\/span><\/p><p><span style=\"color: #000000;\">\u273f Gauk i\u0161skirtin\u0119 ir patogi\u0105, dizainer\u0117s Agn\u0117s Kuzmickait\u0117s kurt\u0105 \u201eSenjoro\u201c darbo aprang\u0105;<\/span><\/p><p><span style=\"color: #000000;\">\u273f Atostogauk net 30 d.d. per metus;<\/span><\/p><p><span style=\"color: #000000;\">\u273f Prisid\u0117k prie tikro poky\u010dio Lietuvos senjor\u0173 kasdienyb\u0117je;<\/span><\/p><p><span style=\"color: #000000;\">\u273f Dirbk nuolat augan\u010diame ir palaikan\u010diame kolektyve;<\/span><\/p><p><span style=\"color: #000000;\">\u273f Stabilumas: pasira\u0161oma neterminuota darbo sutartis ir suteikiamos visos socialin\u0117s garantijos.<\/span><\/p><h3>\u00a0<\/h3><h3 class=\"text-xl font-bold\">Ko tikim\u0117s i\u0161 tav\u0119s:<\/h3><p>\u00a0<\/p><p><span style=\"color: #000000;\">\u273f Svarbiausia &#8211; nuo\u0161irdumo, atsakomyb\u0117s, lankstumo ir kantryb\u0117s;<\/span><\/p><p><span style=\"color: #000000;\">\u273f 40 ak. val. individualios prie\u017ei\u016bros specialisto \u012f\u017eangini\u0173 mokym\u0173 arba socialinio darbuotojo pad\u0117j\u0117jo kvalifikacinio pa\u017eym\u0117jimo <strong>arba noro j\u012f \u012fgyti<\/strong>;<\/span><\/p><p><span style=\"color: #000000;\">\u273f Tavo automobilis \u2013 tavo laisv\u0117. Jei vairuoji, senjorus pasieksi grei\u010diau ir patogiau \u2013 tai didelis privalumas, kuris leis tau efektyviau planuoti savo dien\u0105 ir jaustis savaranki\u0161kesniam kelion\u0117se.<\/span><\/p><p><span style=\"color: #000000;\">Atrask prasming\u0105 darb\u0105 su savo miesto senjorais!<\/span><\/p><h6>\u00a0<\/h6><p><strong><span style=\"color: #000000;\">Nori su\u017einoti daugiau? Pasikalb\u0117kime. Skambink:<span style=\"text-decoration: underline;\"> <a href=\"tel:+37065738947\">+37065738947<\/a>.<\/span><\/span><\/strong><\/p>\t\t\t\t\t\t\t\t<\/div>\n\t\t\t\t<\/div>\n\t\t\t\t<\/div>\n\t\t<div class=\"elementor-element elementor-element-72caa5fd e-flex e-con-boxed e-con e-parent\" data-id=\"72caa5fd\" data-element_type=\"container\">\n\t\t\t\t\t<div class=\"e-con-inner\">\n\t\t\t\t<div class=\"elementor-element elementor-element-1c1faf86 elementor-widget__width-inherit elementor-widget elementor-widget-heading\" data-id=\"1c1faf86\" data-element_type=\"widget\" data-widget_type=\"heading.default\">\n\t\t\t\t<div class=\"elementor-widget-container\">\n\t\t\t\t\t<h2 class=\"elementor-heading-title elementor-size-default\">Kandidatuok<\/h2>\t\t\t\t<\/div>\n\t\t\t\t<\/div>\n\t\t\t\t\t<\/div>\n\t\t\t\t<\/div>\n\t\t<div class=\"elementor-element elementor-element-76d64227 e-flex e-con-boxed e-con e-parent\" data-id=\"76d64227\" data-element_type=\"container\">\n\t\t\t\t\t<div class=\"e-con-inner\">\n\t\t<div class=\"elementor-element elementor-element-47669649 e-con-full e-flex e-con e-child\" data-id=\"47669649\" data-element_type=\"container\" data-settings=\"{&quot;background_background&quot;:&quot;classic&quot;}\">\n\t\t\t\t<div class=\"elementor-element elementor-element-6c071a05 elementor-widget elementor-widget-text-editor\" data-id=\"6c071a05\" data-element_type=\"widget\" data-widget_type=\"text-editor.default\">\n\t\t\t\t<div class=\"elementor-widget-container\">\n\t\t\t\t\t\t\t\t\t<p style=\"text-align: center;\"><span class=\"fontstyle0\">U\u017epildykite \u017eemiau esan\u010di\u0105 form\u0105 ir mes su jumis susisieksime d\u0117l kandidatavimo \u012f \u0161i\u0105 pozicij\u0105.\u00a0<\/span><\/p>\t\t\t\t\t\t\t\t<\/div>\n\t\t\t\t<\/div>\n\t\t\t\t<div class=\"elementor-element elementor-element-cc0fbc3 elementor-widget elementor-widget-digtek-contact-form-widget\" data-id=\"cc0fbc3\" data-element_type=\"widget\" data-widget_type=\"digtek-contact-form-widget.default\">\n\t\t\t\t<div class=\"elementor-widget-container\">\n\t\t\t\t\t\r\n\r\n\t\r\n\r\n\t<div class=\"contact-wrapper-2\">\r\n\t\t<div class=\"contact-content ms-0\">\r\n\t\t\t\n<div class=\"wpcf7 no-js\" id=\"wpcf7-f7355-o1\" lang=\"en-US\" dir=\"ltr\" data-wpcf7-id=\"7355\">\n<div class=\"screen-reader-response\"><p role=\"status\" aria-live=\"polite\" aria-atomic=\"true\"><\/p> <ul><\/ul><\/div>\n<form action=\"\/en\/wp-json\/wp\/v2\/pages\/7413#wpcf7-f7355-o1\" method=\"post\" class=\"wpcf7-form init\" aria-label=\"Contact form\" enctype=\"multipart\/form-data\" novalidate=\"novalidate\" data-status=\"init\">\n<fieldset class=\"hidden-fields-container\"><input type=\"hidden\" name=\"_wpcf7\" value=\"7355\" \/><input type=\"hidden\" name=\"_wpcf7_version\" value=\"6.1.4\" \/><input type=\"hidden\" name=\"_wpcf7_locale\" value=\"en_US\" \/><input type=\"hidden\" name=\"_wpcf7_unit_tag\" value=\"wpcf7-f7355-o1\" \/><input type=\"hidden\" name=\"_wpcf7_container_post\" value=\"0\" \/><input type=\"hidden\" name=\"_wpcf7_posted_data_hash\" value=\"\" \/>\n<\/fieldset>\n<div class=\"row\">\n    <div class=\"col-lg-6 wow fadeInUp\" data-wow-delay=\".3s\">\n        <div class=\"form-clt\">\n            <span class=\"wpcf7-form-control-wrap\" data-name=\"text-750\"><input size=\"40\" maxlength=\"400\" class=\"wpcf7-form-control wpcf7-text wpcf7-validates-as-required\" aria-required=\"true\" aria-invalid=\"false\" placeholder=\"Vardas\" value=\"\" type=\"text\" name=\"text-750\" \/><\/span>\n        <\/div>\n    <\/div>\n    <div class=\"col-lg-6 wow fadeInUp\" data-wow-delay=\".3s\">\n        <div class=\"form-clt\">\n            <span class=\"wpcf7-form-control-wrap\" data-name=\"text-751\"><input size=\"40\" maxlength=\"400\" class=\"wpcf7-form-control wpcf7-text wpcf7-validates-as-required\" aria-required=\"true\" aria-invalid=\"false\" placeholder=\"Pavard\u0117\" value=\"\" type=\"text\" name=\"text-751\" \/><\/span>\n        <\/div>\n    <\/div>\n<\/div>\n\n<div class=\"row\">\n    <div class=\"col-lg-6 wow fadeInUp\" data-wow-delay=\".5s\">\n        <div class=\"form-clt\">\n            <span class=\"wpcf7-form-control-wrap\" data-name=\"email-408\"><input size=\"40\" maxlength=\"400\" class=\"wpcf7-form-control wpcf7-email wpcf7-validates-as-required wpcf7-text wpcf7-validates-as-email\" aria-required=\"true\" aria-invalid=\"false\" placeholder=\"J\u016bs\u0173 el. pa\u0161tas\" value=\"\" type=\"email\" name=\"email-408\" \/><\/span>\n        <\/div>\n    <\/div>\n    <div class=\"col-lg-6 wow fadeInUp\" data-wow-delay=\".3s\">\n        <div class=\"form-clt\">\n            <span class=\"wpcf7-form-control-wrap\" data-name=\"tel-897\"><input size=\"40\" maxlength=\"400\" class=\"wpcf7-form-control wpcf7-tel wpcf7-validates-as-required wpcf7-text wpcf7-validates-as-tel\" autocomplete=\"tel\" aria-required=\"true\" aria-invalid=\"false\" placeholder=\"J\u016bs\u0173 tel. numeris\" value=\"\" type=\"tel\" name=\"tel-897\" \/><\/span>\n        <\/div>\n    <\/div>\n<\/div>\n\n<div class=\"row\">\n    <div class=\"col-lg-6 wow fadeInUp\" data-wow-delay=\".5s\">\n        <div class=\"form-clt\">\n            <span class=\"wpcf7-form-control-wrap\" data-name=\"text-409\"><input size=\"40\" maxlength=\"400\" class=\"wpcf7-form-control wpcf7-text wpcf7-validates-as-required\" aria-required=\"true\" aria-invalid=\"false\" placeholder=\"Trumpas prisistatymas\" value=\"\" type=\"text\" name=\"text-409\" \/><\/span>\n        <\/div>\n    <\/div>\n    <div class=\"col-lg-6 wow fadeInUp\" data-wow-delay=\".5s\">\n        <div class=\"form-clt\">\n            <span class=\"wpcf7-form-control-wrap\" data-name=\"text-city\"><input size=\"40\" maxlength=\"400\" class=\"wpcf7-form-control wpcf7-text wpcf7-validates-as-required\" aria-required=\"true\" aria-invalid=\"false\" placeholder=\"\u012eveskite miest\u0105\" value=\"\" type=\"text\" name=\"text-city\" \/><\/span>\n        <\/div>\n    <\/div>\n<\/div>\n\n<div class=\"row\">\n    <div class=\"col-lg-6 wow fadeInUp\" data-wow-delay=\".3s\" style=\"margin-bottom: 15px\">\n        <div class=\"custom-file-upload\">\n  <label class=\"upload-label\">\n    Prisekite gyvenimo apra\u0161ym\u0105 <span class=\"plus\"><\/span>\n    <span class=\"wpcf7-form-control-wrap\" data-name=\"your-file\"><input size=\"40\" class=\"wpcf7-form-control wpcf7-file file-input\" accept=\".pdf,.jpg,.jpeg,.png\" aria-invalid=\"false\" type=\"file\" name=\"your-file\" \/><\/span>\n  <\/label>\n<\/div>\n    <\/div>\n<\/div>\n\n<div class=\"row\">\n    <div class=\"col-lg-12 wow fadeInUp\" data-wow-delay=\".9s\">\n        <button type=\"submit\" class=\"theme-btn\">\n            Pateikti <i class=\"fa-solid fa-arrow-right-long\"><\/i>\n        <\/button>\n    <\/div>\n<\/div><div class=\"wpcf7-response-output\" aria-hidden=\"true\"><\/div>\n<\/form>\n<\/div>\n\t\t<\/div>\r\n\t<\/div>\r\n\r\n\r\n\t\r\n\r\n             \r\n\t\t\t\t\t\t<\/div>\n\t\t\t\t<\/div>\n\t\t\t\t<\/div>\n\t\t\t\t<div class=\"elementor-element elementor-element-53eadc7 elementor-widget elementor-widget-html\" data-id=\"53eadc7\" data-element_type=\"widget\" data-widget_type=\"html.default\">\n\t\t\t\t<div class=\"elementor-widget-container\">\n\t\t\t\t\t<script>\nwindow.dataLayer = window.dataLayer || [];\n\nif (!window.cf7TrackingInitialized) {\n  window.cf7TrackingInitialized = true;\n\n  document.addEventListener('wpcf7mailsent', function(event) {\n    if (String(event.detail.contactFormId) !== '7355') {\n      return;\n    }\n\n    window.dataLayer.push({\n      event: 'cf7_form_submit_success',\n      form_id: '7355',\n      form_type: 'candidate_form',\n      city_segment: 'Vilnius'\n    });\n  });\n}\n<\/script>\n<script>\nwindow.dataLayer = window.dataLayer || [];\n\ndocument.addEventListener('click', function(e) {\n\n  var link = e.target.closest('a[href^=\"tel:\"]');\n\n  if (!link) return;\n\n  var phoneNumber = link.getAttribute('href').replace('tel:', '');\n\n  window.dataLayer.push({\n    event: 'phone_click',\n    phone_number: phoneNumber,\n    page_path: window.location.pathname\n  });\n\n  console.log('phone_click fired:', phoneNumber);\n\n});\n<\/script>\n<script>\ndocument.addEventListener('DOMContentLoaded', function() {\n\n  const fileInput = document.querySelector('.file-input');\n\n  if (!fileInput) return;\n\n  const label = fileInput.closest('.upload-label');\n\n  \/\/ create filename element\n  const fileNameEl = document.createElement('span');\n  fileNameEl.style.marginLeft = '10px';\n  fileNameEl.style.fontSize = '14px';\n  fileNameEl.style.opacity = '0.8';\n\n  label.appendChild(fileNameEl);\n\n  fileInput.addEventListener('change', function() {\n\n    if (fileInput.files.length > 0) {\n      fileNameEl.textContent = fileInput.files[0].name;\n    } else {\n      fileNameEl.textContent = '';\n    }\n\n  });\n\n});\n<\/script>\t\t\t\t<\/div>\n\t\t\t\t<\/div>\n\t\t\t\t\t<\/div>\n\t\t\t\t<\/div>\n\t\t\t\t<\/div>\n\t\t","protected":false},"excerpt":{"rendered":"<p>Individualios prie\u017ei\u016bros darbuotojas Vilniuje Ie\u0161kai darbo, kuris suteikia prasm\u0119? Norisi poky\u010di\u0173 darbe ar tiesiog ie\u0161kai geresni\u0173 s\u0105lyg\u0173? \u00a0 Mes, \u201eSenjoro\u201c organizacija, siekiame, kad ori ir pozityvi senatv\u0117 tapt\u0173 kiekvieno Lietuvos senjoro realybe. Esame spar\u010diausiai Lietuvoje auganti organizacija, kuri\u0105 sudaro beveik 600 darbuotoj\u0173. Teikiame socialines paslaugas senjorams j\u0173 namuose net 36 savivaldyb\u0117se. O dabar \u2013 kvie\u010diame<\/p>","protected":false},"author":3,"featured_media":0,"parent":0,"menu_order":0,"comment_status":"closed","ping_status":"closed","template":"","meta":{"inline_featured_image":false,"footnotes":""},"class_list":["post-7413","page","type-page","status-publish","hentry"],"_links":{"self":[{"href":"https:\/\/senjoro.lt\/en\/wp-json\/wp\/v2\/pages\/7413","targetHints":{"allow":["GET"]}}],"collection":[{"href":"https:\/\/senjoro.lt\/en\/wp-json\/wp\/v2\/pages"}],"about":[{"href":"https:\/\/senjoro.lt\/en\/wp-json\/wp\/v2\/types\/page"}],"author":[{"embeddable":true,"href":"https:\/\/senjoro.lt\/en\/wp-json\/wp\/v2\/users\/3"}],"replies":[{"embeddable":true,"href":"https:\/\/senjoro.lt\/en\/wp-json\/wp\/v2\/comments?post=7413"}],"version-history":[{"count":98,"href":"https:\/\/senjoro.lt\/en\/wp-json\/wp\/v2\/pages\/7413\/revisions"}],"predecessor-version":[{"id":8496,"href":"https:\/\/senjoro.lt\/en\/wp-json\/wp\/v2\/pages\/7413\/revisions\/8496"}],"wp:attachment":[{"href":"https:\/\/senjoro.lt\/en\/wp-json\/wp\/v2\/media?parent=7413"}],"curies":[{"name":"wp","href":"https:\/\/api.w.org\/{rel}","templated":true}]}}