{"id":5388,"date":"2025-10-02T16:18:17","date_gmt":"2025-10-02T13:18:17","guid":{"rendered":"https:\/\/senjoro.lt\/?page_id=5388"},"modified":"2026-01-16T17:33:51","modified_gmt":"2026-01-16T14:33:51","slug":"senjoru-vasaros-fiesta","status":"publish","type":"page","link":"https:\/\/senjoro.lt\/en\/senjoru-vasaros-fiesta\/","title":{"rendered":"Senjor\u0173 vasaros fiesta"},"content":{"rendered":"<div data-elementor-type=\"wp-page\" data-elementor-id=\"5388\" class=\"elementor elementor-5388\" data-elementor-post-type=\"page\">\n\t\t\t\t<div class=\"elementor-element elementor-element-fd2a369 e-grid e-con-boxed e-con e-parent\" data-id=\"fd2a369\" data-element_type=\"container\">\n\t\t\t\t\t<div class=\"e-con-inner\">\n\t\t\t\t<div class=\"elementor-element elementor-element-9eeee32 elementor-widget elementor-widget-digtek-heading-title-widget\" data-id=\"9eeee32\" data-element_type=\"widget\" data-widget_type=\"digtek-heading-title-widget.default\">\n\t\t\t\t<div class=\"elementor-widget-container\">\n\t\t\t\t\t\r\n\t\r\n\r\n<div class=\"section-title-area\">\r\n\t<div class=\"section-title\">\r\n\t\t\t\t\t\t<h2 class=\"wow fadeInUp\" data-wow-delay=\".3s\">\r\n\t\t\tSummer festival in Marijampol\u0117 \u2013 when age has no limits\t\t<\/h2>\r\n\t\t\t<\/div>\r\n\t<\/div>\r\n\r\n\t\r\n\r\n             \r\n\t\t\t\t\t\t<\/div>\n\t\t\t\t<\/div>\n\t\t\t\t<div class=\"elementor-element elementor-element-3272f8e elementor-widget elementor-widget-text-editor\" data-id=\"3272f8e\" data-element_type=\"widget\" data-widget_type=\"text-editor.default\">\n\t\t\t\t<div class=\"elementor-widget-container\">\n\t\t\t\t\t\t\t\t\t<div class=\"section the_content has_content\"><div class=\"section_wrapper\"><div class=\"the_content_wrapper\"><p><strong>An annual festival organized by SENJORO in Marijampol\u0117, inviting elderly people from all over Lithuania to celebrate the silver age and boldly try new things.\u00a0<\/strong><\/p><\/div><\/div><\/div>\t\t\t\t\t\t\t\t<\/div>\n\t\t\t\t<\/div>\n\t\t\t\t\t<\/div>\n\t\t\t\t<\/div>\n\t\t<div class=\"elementor-element elementor-element-821a228 e-con-full e-flex e-con e-parent\" data-id=\"821a228\" data-element_type=\"container\" data-settings=\"{&quot;background_background&quot;:&quot;classic&quot;}\">\n\t\t\t\t<div class=\"elementor-element elementor-element-5425611 elementor-widget elementor-widget-spacer\" data-id=\"5425611\" data-element_type=\"widget\" data-widget_type=\"spacer.default\">\n\t\t\t\t<div class=\"elementor-widget-container\">\n\t\t\t\t\t\t\t<div class=\"elementor-spacer\">\n\t\t\t<div class=\"elementor-spacer-inner\"><\/div>\n\t\t<\/div>\n\t\t\t\t\t\t<\/div>\n\t\t\t\t<\/div>\n\t\t\t\t<\/div>\n\t\t<div class=\"elementor-element elementor-element-d1cae7a e-flex e-con-boxed e-con e-parent\" data-id=\"d1cae7a\" data-element_type=\"container\">\n\t\t\t\t\t<div class=\"e-con-inner\">\n\t\t\t\t<div class=\"elementor-element elementor-element-6775efc elementor-widget elementor-widget-text-editor\" data-id=\"6775efc\" data-element_type=\"widget\" data-widget_type=\"text-editor.default\">\n\t\t\t\t<div class=\"elementor-widget-container\">\n\t\t\t\t\t\t\t\t\t<div class=\"section the_content has_content\"><div class=\"section_wrapper\"><div class=\"the_content_wrapper\"><p><span style=\"font-weight: 400;\">Every summer, Marijampol\u0117 briefly becomes the capital of positive aging. Since 2023, the \u201cSummer festival for the elderly\u201d has brought together hundreds of elderly people from across Lithuania to celebrate, connect, try new activities, and simply enjoy life. This is the largest event organized by our team, aiming to show that curiosity, courage, and first experiences have no age limits.<\/span><\/p><p><span style=\"font-weight: 400;\">Participants take part in a wide range of activities: from dance workouts and Nordic walking to exploring artificial intelligence and virtual reality.<\/span><\/p><p><span style=\"font-weight: 400;\">This day is more than just an event. It changes attitudes toward aging, strengthens self-confidence, and reminds us that the joy of life does not depend on age.<\/span><\/p><\/div><\/div><\/div>\t\t\t\t\t\t\t\t<\/div>\n\t\t\t\t<\/div>\n\t\t\t\t\t<\/div>\n\t\t\t\t<\/div>\n\t\t<div class=\"elementor-element elementor-element-482311d e-flex e-con-boxed e-con e-parent\" data-id=\"482311d\" data-element_type=\"container\">\n\t\t\t\t\t<div class=\"e-con-inner\">\n\t\t\t\t<div class=\"elementor-element elementor-element-13e6493 elementor-widget elementor-widget-gallery\" data-id=\"13e6493\" data-element_type=\"widget\" data-settings=\"{&quot;columns_mobile&quot;:2,&quot;lazyload&quot;:&quot;yes&quot;,&quot;gallery_layout&quot;:&quot;grid&quot;,&quot;columns&quot;:4,&quot;columns_tablet&quot;:2,&quot;gap&quot;:{&quot;unit&quot;:&quot;px&quot;,&quot;size&quot;:10,&quot;sizes&quot;:[]},&quot;gap_tablet&quot;:{&quot;unit&quot;:&quot;px&quot;,&quot;size&quot;:10,&quot;sizes&quot;:[]},&quot;gap_mobile&quot;:{&quot;unit&quot;:&quot;px&quot;,&quot;size&quot;:10,&quot;sizes&quot;:[]},&quot;link_to&quot;:&quot;file&quot;,&quot;aspect_ratio&quot;:&quot;3:2&quot;,&quot;overlay_background&quot;:&quot;yes&quot;,&quot;content_hover_animation&quot;:&quot;fade-in&quot;}\" data-widget_type=\"gallery.default\">\n\t\t\t\t<div class=\"elementor-widget-container\">\n\t\t\t\t\t\t\t<div class=\"elementor-gallery__container\">\n\t\t\t\t\t\t\t<a class=\"e-gallery-item elementor-gallery-item elementor-animated-content\" href=\"https:\/\/senjoro.lt\/wp-content\/uploads\/2025\/10\/Copy-of-MK-250619-EVENT-4000x4000-11-scaled.jpg\" data-elementor-open-lightbox=\"yes\" data-elementor-lightbox-slideshow=\"13e6493\" data-elementor-lightbox-title=\"Copy of MK 250619 EVENT 4000x4000 (11)\" data-e-action-hash=\"#elementor-action%3Aaction%3Dlightbox%26settings%3DeyJpZCI6NTQxNCwidXJsIjoiaHR0cHM6XC9cL3Nlbmpvcm8ubHRcL3dwLWNvbnRlbnRcL3VwbG9hZHNcLzIwMjVcLzEwXC9Db3B5LW9mLU1LLTI1MDYxOS1FVkVOVC00MDAweDQwMDAtMTEtc2NhbGVkLmpwZyIsInNsaWRlc2hvdyI6IjEzZTY0OTMifQ%3D%3D\">\n\t\t\t\t\t<div class=\"e-gallery-image elementor-gallery-item__image\" data-thumbnail=\"https:\/\/senjoro.lt\/wp-content\/uploads\/2025\/10\/Copy-of-MK-250619-EVENT-4000x4000-11-1024x683.jpg\" data-width=\"740\" data-height=\"494\" aria-label=\"\" role=\"img\" ><\/div>\n\t\t\t\t\t\t\t\t\t\t\t<div class=\"elementor-gallery-item__overlay\"><\/div>\n\t\t\t\t\t\t\t\t\t\t\t\t\t\t<\/a>\n\t\t\t\t\t\t\t<a class=\"e-gallery-item elementor-gallery-item elementor-animated-content\" href=\"https:\/\/senjoro.lt\/wp-content\/uploads\/2025\/10\/Copy-of-MK-250619-EVENT-4000x4000-17-scaled.jpg\" data-elementor-open-lightbox=\"yes\" data-elementor-lightbox-slideshow=\"13e6493\" data-elementor-lightbox-title=\"Copy of MK 250619 EVENT 4000x4000 (17)\" data-e-action-hash=\"#elementor-action%3Aaction%3Dlightbox%26settings%3DeyJpZCI6NTQxNiwidXJsIjoiaHR0cHM6XC9cL3Nlbmpvcm8ubHRcL3dwLWNvbnRlbnRcL3VwbG9hZHNcLzIwMjVcLzEwXC9Db3B5LW9mLU1LLTI1MDYxOS1FVkVOVC00MDAweDQwMDAtMTctc2NhbGVkLmpwZyIsInNsaWRlc2hvdyI6IjEzZTY0OTMifQ%3D%3D\">\n\t\t\t\t\t<div class=\"e-gallery-image elementor-gallery-item__image\" data-thumbnail=\"https:\/\/senjoro.lt\/wp-content\/uploads\/2025\/10\/Copy-of-MK-250619-EVENT-4000x4000-17-1024x683.jpg\" data-width=\"740\" data-height=\"494\" aria-label=\"\" role=\"img\" ><\/div>\n\t\t\t\t\t\t\t\t\t\t\t<div class=\"elementor-gallery-item__overlay\"><\/div>\n\t\t\t\t\t\t\t\t\t\t\t\t\t\t<\/a>\n\t\t\t\t\t\t\t<a class=\"e-gallery-item elementor-gallery-item elementor-animated-content\" href=\"https:\/\/senjoro.lt\/wp-content\/uploads\/2025\/10\/Copy-of-MK-250619-EVENT-4000x4000-27-1-scaled.jpg\" data-elementor-open-lightbox=\"yes\" data-elementor-lightbox-slideshow=\"13e6493\" data-elementor-lightbox-title=\"Copy of MK 250619 EVENT 4000x4000 (27)\" data-e-action-hash=\"#elementor-action%3Aaction%3Dlightbox%26settings%3DeyJpZCI6NTQxOCwidXJsIjoiaHR0cHM6XC9cL3Nlbmpvcm8ubHRcL3dwLWNvbnRlbnRcL3VwbG9hZHNcLzIwMjVcLzEwXC9Db3B5LW9mLU1LLTI1MDYxOS1FVkVOVC00MDAweDQwMDAtMjctMS1zY2FsZWQuanBnIiwic2xpZGVzaG93IjoiMTNlNjQ5MyJ9\">\n\t\t\t\t\t<div class=\"e-gallery-image elementor-gallery-item__image\" data-thumbnail=\"https:\/\/senjoro.lt\/wp-content\/uploads\/2025\/10\/Copy-of-MK-250619-EVENT-4000x4000-27-1-1024x683.jpg\" data-width=\"740\" data-height=\"494\" aria-label=\"\" role=\"img\" ><\/div>\n\t\t\t\t\t\t\t\t\t\t\t<div class=\"elementor-gallery-item__overlay\"><\/div>\n\t\t\t\t\t\t\t\t\t\t\t\t\t\t<\/a>\n\t\t\t\t\t\t\t<a class=\"e-gallery-item elementor-gallery-item elementor-animated-content\" href=\"https:\/\/senjoro.lt\/wp-content\/uploads\/2025\/10\/Copy-of-MK-250619-EVENT-4000x4000-37-scaled.jpg\" data-elementor-open-lightbox=\"yes\" data-elementor-lightbox-slideshow=\"13e6493\" data-elementor-lightbox-title=\"Copy of MK 250619 EVENT 4000x4000 (37)\" data-e-action-hash=\"#elementor-action%3Aaction%3Dlightbox%26settings%3DeyJpZCI6NTQxOSwidXJsIjoiaHR0cHM6XC9cL3Nlbmpvcm8ubHRcL3dwLWNvbnRlbnRcL3VwbG9hZHNcLzIwMjVcLzEwXC9Db3B5LW9mLU1LLTI1MDYxOS1FVkVOVC00MDAweDQwMDAtMzctc2NhbGVkLmpwZyIsInNsaWRlc2hvdyI6IjEzZTY0OTMifQ%3D%3D\">\n\t\t\t\t\t<div class=\"e-gallery-image elementor-gallery-item__image\" data-thumbnail=\"https:\/\/senjoro.lt\/wp-content\/uploads\/2025\/10\/Copy-of-MK-250619-EVENT-4000x4000-37-1024x683.jpg\" data-width=\"740\" data-height=\"494\" aria-label=\"\" role=\"img\" ><\/div>\n\t\t\t\t\t\t\t\t\t\t\t<div class=\"elementor-gallery-item__overlay\"><\/div>\n\t\t\t\t\t\t\t\t\t\t\t\t\t\t<\/a>\n\t\t\t\t\t\t\t<a class=\"e-gallery-item elementor-gallery-item elementor-animated-content\" href=\"https:\/\/senjoro.lt\/wp-content\/uploads\/2025\/10\/Copy-of-MK-250619-EVENT-4000x4000-40-scaled.jpg\" data-elementor-open-lightbox=\"yes\" data-elementor-lightbox-slideshow=\"13e6493\" data-elementor-lightbox-title=\"Copy of MK 250619 EVENT 4000x4000 (40)\" data-e-action-hash=\"#elementor-action%3Aaction%3Dlightbox%26settings%3DeyJpZCI6NTQyMCwidXJsIjoiaHR0cHM6XC9cL3Nlbmpvcm8ubHRcL3dwLWNvbnRlbnRcL3VwbG9hZHNcLzIwMjVcLzEwXC9Db3B5LW9mLU1LLTI1MDYxOS1FVkVOVC00MDAweDQwMDAtNDAtc2NhbGVkLmpwZyIsInNsaWRlc2hvdyI6IjEzZTY0OTMifQ%3D%3D\">\n\t\t\t\t\t<div class=\"e-gallery-image elementor-gallery-item__image\" data-thumbnail=\"https:\/\/senjoro.lt\/wp-content\/uploads\/2025\/10\/Copy-of-MK-250619-EVENT-4000x4000-40-1024x683.jpg\" data-width=\"740\" data-height=\"494\" aria-label=\"\" role=\"img\" ><\/div>\n\t\t\t\t\t\t\t\t\t\t\t<div class=\"elementor-gallery-item__overlay\"><\/div>\n\t\t\t\t\t\t\t\t\t\t\t\t\t\t<\/a>\n\t\t\t\t\t\t\t<a class=\"e-gallery-item elementor-gallery-item elementor-animated-content\" href=\"https:\/\/senjoro.lt\/wp-content\/uploads\/2025\/10\/Copy-of-MK-250619-EVENT-4000x4000-56-scaled.jpg\" data-elementor-open-lightbox=\"yes\" data-elementor-lightbox-slideshow=\"13e6493\" data-elementor-lightbox-title=\"Copy of MK 250619 EVENT 4000x4000 (56)\" data-e-action-hash=\"#elementor-action%3Aaction%3Dlightbox%26settings%3DeyJpZCI6NTQyMiwidXJsIjoiaHR0cHM6XC9cL3Nlbmpvcm8ubHRcL3dwLWNvbnRlbnRcL3VwbG9hZHNcLzIwMjVcLzEwXC9Db3B5LW9mLU1LLTI1MDYxOS1FVkVOVC00MDAweDQwMDAtNTYtc2NhbGVkLmpwZyIsInNsaWRlc2hvdyI6IjEzZTY0OTMifQ%3D%3D\">\n\t\t\t\t\t<div class=\"e-gallery-image elementor-gallery-item__image\" data-thumbnail=\"https:\/\/senjoro.lt\/wp-content\/uploads\/2025\/10\/Copy-of-MK-250619-EVENT-4000x4000-56-1024x683.jpg\" data-width=\"740\" data-height=\"494\" aria-label=\"\" role=\"img\" ><\/div>\n\t\t\t\t\t\t\t\t\t\t\t<div class=\"elementor-gallery-item__overlay\"><\/div>\n\t\t\t\t\t\t\t\t\t\t\t\t\t\t<\/a>\n\t\t\t\t\t\t\t<a class=\"e-gallery-item elementor-gallery-item elementor-animated-content\" href=\"https:\/\/senjoro.lt\/wp-content\/uploads\/2025\/10\/Copy-of-MK-250619-EVENT-4000x4000-79-scaled.jpg\" data-elementor-open-lightbox=\"yes\" data-elementor-lightbox-slideshow=\"13e6493\" data-elementor-lightbox-title=\"Copy of MK 250619 EVENT 4000x4000 (79)\" data-e-action-hash=\"#elementor-action%3Aaction%3Dlightbox%26settings%3DeyJpZCI6NTQyMywidXJsIjoiaHR0cHM6XC9cL3Nlbmpvcm8ubHRcL3dwLWNvbnRlbnRcL3VwbG9hZHNcLzIwMjVcLzEwXC9Db3B5LW9mLU1LLTI1MDYxOS1FVkVOVC00MDAweDQwMDAtNzktc2NhbGVkLmpwZyIsInNsaWRlc2hvdyI6IjEzZTY0OTMifQ%3D%3D\">\n\t\t\t\t\t<div class=\"e-gallery-image elementor-gallery-item__image\" data-thumbnail=\"https:\/\/senjoro.lt\/wp-content\/uploads\/2025\/10\/Copy-of-MK-250619-EVENT-4000x4000-79-1024x683.jpg\" data-width=\"740\" data-height=\"494\" aria-label=\"\" role=\"img\" ><\/div>\n\t\t\t\t\t\t\t\t\t\t\t<div class=\"elementor-gallery-item__overlay\"><\/div>\n\t\t\t\t\t\t\t\t\t\t\t\t\t\t<\/a>\n\t\t\t\t\t\t\t<a class=\"e-gallery-item elementor-gallery-item elementor-animated-content\" href=\"https:\/\/senjoro.lt\/wp-content\/uploads\/2025\/10\/Copy-of-MK-250619-EVENT-4000x4000-122-scaled.jpg\" data-elementor-open-lightbox=\"yes\" data-elementor-lightbox-slideshow=\"13e6493\" data-elementor-lightbox-title=\"Copy of MK 250619 EVENT 4000x4000 (122)\" data-e-action-hash=\"#elementor-action%3Aaction%3Dlightbox%26settings%3DeyJpZCI6NTQyNCwidXJsIjoiaHR0cHM6XC9cL3Nlbmpvcm8ubHRcL3dwLWNvbnRlbnRcL3VwbG9hZHNcLzIwMjVcLzEwXC9Db3B5LW9mLU1LLTI1MDYxOS1FVkVOVC00MDAweDQwMDAtMTIyLXNjYWxlZC5qcGciLCJzbGlkZXNob3ciOiIxM2U2NDkzIn0%3D\">\n\t\t\t\t\t<div class=\"e-gallery-image elementor-gallery-item__image\" data-thumbnail=\"https:\/\/senjoro.lt\/wp-content\/uploads\/2025\/10\/Copy-of-MK-250619-EVENT-4000x4000-122-683x1024.jpg\" data-width=\"683\" data-height=\"1024\" aria-label=\"\" role=\"img\" ><\/div>\n\t\t\t\t\t\t\t\t\t\t\t<div class=\"elementor-gallery-item__overlay\"><\/div>\n\t\t\t\t\t\t\t\t\t\t\t\t\t\t<\/a>\n\t\t\t\t\t<\/div>\n\t\t\t\t\t<\/div>\n\t\t\t\t<\/div>\n\t\t\t\t\t<\/div>\n\t\t\t\t<\/div>\n\t\t\t\t<\/div>","protected":false},"excerpt":{"rendered":"<p>Senjor\u0173 vasaros fiesta Marijampol\u0117je \u2013 kai am\u017eius neturi rib\u0173 Kasmetinis Senjoro rengiamas festivalis Marijampol\u0117je, kvie\u010diantis senjorus i\u0161 visos Lietuvos \u0161v\u0119sti sidabrin\u012f am\u017ei\u0173 ir dr\u0105siai bandyti naujus dalykus.\u00a0 Kiekvien\u0105 vasar\u0105 Marijampol\u0117 trumpam virsta pozityvios senatv\u0117s sostine. Nuo 2023 met\u0173 rengiama \u201eSenjor\u0173 vasaros fiesta\u201c suburia \u0161imtus vyresnio am\u017eiaus \u017emoni\u0173 i\u0161 visos Lietuvos \u2013 \u0161v\u0119sti, bendrauti, i\u0161bandyti naujus<\/p>","protected":false},"author":1,"featured_media":0,"parent":0,"menu_order":0,"comment_status":"closed","ping_status":"closed","template":"elementor_header_footer","meta":{"inline_featured_image":false,"footnotes":""},"class_list":["post-5388","page","type-page","status-publish","hentry"],"_links":{"self":[{"href":"https:\/\/senjoro.lt\/en\/wp-json\/wp\/v2\/pages\/5388","targetHints":{"allow":["GET"]}}],"collection":[{"href":"https:\/\/senjoro.lt\/en\/wp-json\/wp\/v2\/pages"}],"about":[{"href":"https:\/\/senjoro.lt\/en\/wp-json\/wp\/v2\/types\/page"}],"author":[{"embeddable":true,"href":"https:\/\/senjoro.lt\/en\/wp-json\/wp\/v2\/users\/1"}],"replies":[{"embeddable":true,"href":"https:\/\/senjoro.lt\/en\/wp-json\/wp\/v2\/comments?post=5388"}],"version-history":[{"count":19,"href":"https:\/\/senjoro.lt\/en\/wp-json\/wp\/v2\/pages\/5388\/revisions"}],"predecessor-version":[{"id":7163,"href":"https:\/\/senjoro.lt\/en\/wp-json\/wp\/v2\/pages\/5388\/revisions\/7163"}],"wp:attachment":[{"href":"https:\/\/senjoro.lt\/en\/wp-json\/wp\/v2\/media?parent=5388"}],"curies":[{"name":"wp","href":"https:\/\/api.w.org\/{rel}","templated":true}]}}