{"id":4554,"date":"2025-08-05T05:11:54","date_gmt":"2025-08-05T05:11:54","guid":{"rendered":"https:\/\/senjoro.lt\/krepselis\/"},"modified":"2026-03-14T13:11:37","modified_gmt":"2026-03-14T10:11:37","slug":"krepselis","status":"publish","type":"page","link":"https:\/\/senjoro.lt\/en\/krepselis\/","title":{"rendered":"Cart"},"content":{"rendered":"<div data-elementor-type=\"wp-page\" data-elementor-id=\"4554\" class=\"elementor elementor-4554\" data-elementor-post-type=\"page\">\n\t\t\t\t<div class=\"elementor-element elementor-element-399ed8a e-flex e-con-boxed e-con e-parent\" data-id=\"399ed8a\" data-element_type=\"container\">\n\t\t\t\t\t<div class=\"e-con-inner\">\n\t\t\t\t<div class=\"elementor-element elementor-element-66f6ee5 elementor-widget elementor-widget-heading\" data-id=\"66f6ee5\" data-element_type=\"widget\" data-widget_type=\"heading.default\">\n\t\t\t\t<div class=\"elementor-widget-container\">\n\t\t\t\t\t<h1 class=\"elementor-heading-title elementor-size-default\">Cart<\/h1>\t\t\t\t<\/div>\n\t\t\t\t<\/div>\n\t\t\t\t\t<\/div>\n\t\t\t\t<\/div>\n\t\t<div class=\"elementor-element elementor-element-7c5f0c9c e-flex e-con-boxed e-con e-parent\" data-id=\"7c5f0c9c\" data-element_type=\"container\">\n\t\t\t\t\t<div class=\"e-con-inner\">\n\t\t\t\t\t<\/div>\n\t\t\t\t<\/div>\n\t\t\t\t<\/div>","protected":false},"excerpt":{"rendered":"<p>Krep\u0161elis Pa\u0161alinti prek\u0119 Thumbnail image Produktas Kaina Kiekis Suma &times; Oran\u017ein\u0117 senjor\u0117s EUGENIJOS rankin\u0117 34.00&nbsp;&euro; produkto kiekis: Oran\u017ein\u0117 senjor\u0117s EUGENIJOS rankin\u0117 68.00&nbsp;&euro; &times; Pokalbi\u0173 kortel\u0117s &#8222;Spalvoti kart\u0173 pokalbiai&#8221; 21.00&nbsp;&euro; produkto kiekis: Pokalbi\u0173 kortel\u0117s &quot;Spalvoti kart\u0173 pokalbiai&quot; 21.00&nbsp;&euro; &times; Sm\u0117lin\u0117 senjor\u0117s EUGENIJOS rankin\u0117 34.00&nbsp;&euro; produkto kiekis: Sm\u0117lin\u0117 senjor\u0117s EUGENIJOS rankin\u0117 34.00&nbsp;&euro; Atnaujinti Pritaikyti Krep\u0161elio suma Suma<\/p>","protected":false},"author":1,"featured_media":0,"parent":0,"menu_order":0,"comment_status":"closed","ping_status":"closed","template":"","meta":{"inline_featured_image":false,"footnotes":""},"class_list":["post-4554","page","type-page","status-publish","hentry"],"_links":{"self":[{"href":"https:\/\/senjoro.lt\/en\/wp-json\/wp\/v2\/pages\/4554","targetHints":{"allow":["GET"]}}],"collection":[{"href":"https:\/\/senjoro.lt\/en\/wp-json\/wp\/v2\/pages"}],"about":[{"href":"https:\/\/senjoro.lt\/en\/wp-json\/wp\/v2\/types\/page"}],"author":[{"embeddable":true,"href":"https:\/\/senjoro.lt\/en\/wp-json\/wp\/v2\/users\/1"}],"replies":[{"embeddable":true,"href":"https:\/\/senjoro.lt\/en\/wp-json\/wp\/v2\/comments?post=4554"}],"version-history":[{"count":46,"href":"https:\/\/senjoro.lt\/en\/wp-json\/wp\/v2\/pages\/4554\/revisions"}],"predecessor-version":[{"id":7304,"href":"https:\/\/senjoro.lt\/en\/wp-json\/wp\/v2\/pages\/4554\/revisions\/7304"}],"wp:attachment":[{"href":"https:\/\/senjoro.lt\/en\/wp-json\/wp\/v2\/media?parent=4554"}],"curies":[{"name":"wp","href":"https:\/\/api.w.org\/{rel}","templated":true}]}}