{"id":4258,"date":"2025-07-22T09:07:36","date_gmt":"2025-07-22T09:07:36","guid":{"rendered":"https:\/\/senjoro.lt\/?page_id=4258"},"modified":"2026-04-14T16:37:25","modified_gmt":"2026-04-14T13:37:25","slug":"senjoro-iniciatyvos","status":"publish","type":"page","link":"https:\/\/senjoro.lt\/en\/senjoro-iniciatyvos\/","title":{"rendered":"SENJORO initiatives"},"content":{"rendered":"<div data-elementor-type=\"wp-page\" data-elementor-id=\"4258\" class=\"elementor elementor-4258\" data-elementor-post-type=\"page\">\n\t\t\t\t<div class=\"elementor-element elementor-element-c22a5f5 e-grid elementor-hidden-tablet elementor-hidden-mobile e-con-boxed e-con e-parent\" data-id=\"c22a5f5\" data-element_type=\"container\">\n\t\t\t\t\t<div class=\"e-con-inner\">\n\t\t\t\t<div class=\"elementor-element elementor-element-d987e96 elementor-widget elementor-widget-digtek-heading-title-widget\" data-id=\"d987e96\" data-element_type=\"widget\" data-widget_type=\"digtek-heading-title-widget.default\">\n\t\t\t\t<div class=\"elementor-widget-container\">\n\t\t\t\t\t\r\n\t\r\n\r\n<div class=\"section-title-area\">\r\n\t<div class=\"section-title\">\r\n\t\t\t\t\t\t<h2 class=\"wow fadeInUp\" data-wow-delay=\".3s\">\r\n\t\t\tSENJORO initiatives\t\t<\/h2>\r\n\t\t\t<\/div>\r\n\t<\/div>\r\n\r\n\t\r\n\r\n             \r\n\t\t\t\t\t\t<\/div>\n\t\t\t\t<\/div>\n\t\t\t\t<div class=\"elementor-element elementor-element-777d90c elementor-widget elementor-widget-text-editor\" data-id=\"777d90c\" data-element_type=\"widget\" data-widget_type=\"text-editor.default\">\n\t\t\t\t<div class=\"elementor-widget-container\">\n\t\t\t\t\t\t\t\t\t<p><span style=\"font-weight: 400;\">We believe that positive aging is fostered not only by providing support<\/span><span style=\"font-weight: 400;\">, but also by creating change in society<\/span><span style=\"font-weight: 400;\">. That\u2019s why SENJORO organizes various initiatives, campaigns, and events that encourage togetherness, activity,<\/span><span style=\"font-weight: 400;\"> , and shifting attitudes toward aging and elders. <\/span><span style=\"font-weight: 400;\">We invite you to explore our initiatives, which<\/span><span style=\"font-weight: 400;\"> bring<\/span><span style=\"font-weight: 400;\"> people together and help create a warmer, more welcoming society for seniors.<\/span><\/p>\t\t\t\t\t\t\t\t<\/div>\n\t\t\t\t<\/div>\n\t\t\t\t\t<\/div>\n\t\t\t\t<\/div>\n\t\t<div class=\"elementor-element elementor-element-e95e992 elementor-hidden-desktop e-flex e-con-boxed e-con e-parent\" data-id=\"e95e992\" data-element_type=\"container\">\n\t\t\t\t\t<div class=\"e-con-inner\">\n\t\t\t\t<div class=\"elementor-element elementor-element-7d7615a elementor-widget elementor-widget-digtek-heading-title-widget\" data-id=\"7d7615a\" data-element_type=\"widget\" data-widget_type=\"digtek-heading-title-widget.default\">\n\t\t\t\t<div class=\"elementor-widget-container\">\n\t\t\t\t\t\r\n\t\r\n\r\n<div class=\"section-title-area\">\r\n\t<div class=\"section-title\">\r\n\t\t\t\t\t\t<h2 class=\"wow fadeInUp\" data-wow-delay=\".3s\">\r\n\t\t\tSENJORO initiatives\t\t<\/h2>\r\n\t\t\t<\/div>\r\n\t<\/div>\r\n\r\n\t\r\n\r\n             \r\n\t\t\t\t\t\t<\/div>\n\t\t\t\t<\/div>\n\t\t\t\t<div class=\"elementor-element elementor-element-fd700cb elementor-widget elementor-widget-text-editor\" data-id=\"fd700cb\" data-element_type=\"widget\" data-widget_type=\"text-editor.default\">\n\t\t\t\t<div class=\"elementor-widget-container\">\n\t\t\t\t\t\t\t\t\t<p style=\"text-align: left;\"><span style=\"font-weight: 400;\">We believe that positive aging is fostered not only by providing support<\/span><span style=\"font-weight: 400;\">, but also by creating change in society<\/span><span style=\"font-weight: 400;\">. That\u2019s why SENJORO organizes various initiatives, campaigns, and events that encourage togetherness, activity,<\/span><span style=\"font-weight: 400;\"> , and shifting attitudes toward aging and elders. <\/span><span style=\"font-weight: 400;\">We invite you to explore our initiatives, which<\/span><span style=\"font-weight: 400;\"> bring<\/span><span style=\"font-weight: 400;\"> people together and help create a warmer, more welcoming society for seniors.<\/span><\/p>\t\t\t\t\t\t\t\t<\/div>\n\t\t\t\t<\/div>\n\t\t\t\t\t<\/div>\n\t\t\t\t<\/div>\n\t\t<div class=\"elementor-element elementor-element-816f1ff e-grid e-con-full e-con e-parent\" data-id=\"816f1ff\" data-element_type=\"container\">\n\t\t<div class=\"elementor-element elementor-element-c898a91 e-flex e-con-boxed e-con e-child\" data-id=\"c898a91\" data-element_type=\"container\">\n\t\t\t\t\t<div class=\"e-con-inner\">\n\t\t\t\t<div class=\"elementor-element elementor-element-5b9588d elementor-widget elementor-widget-image\" data-id=\"5b9588d\" data-element_type=\"widget\" data-widget_type=\"image.default\">\n\t\t\t\t<div class=\"elementor-widget-container\">\n\t\t\t\t\t\t\t\t\t\t\t\t\t\t\t\t<a href=\"\/en\/senjorai-eina-i-pasimatyma\/\">\n\t\t\t\t\t\t\t<img fetchpriority=\"high\" decoding=\"async\" width=\"740\" height=\"557\" src=\"https:\/\/senjoro.lt\/wp-content\/uploads\/2025\/10\/493783752_1226725762796146_1611205233673904873_n-1024x771.jpg\" class=\"attachment-large size-large wp-image-5381\" alt=\"\" srcset=\"https:\/\/senjoro.lt\/wp-content\/uploads\/2025\/10\/493783752_1226725762796146_1611205233673904873_n-1024x771.jpg 1024w, https:\/\/senjoro.lt\/wp-content\/uploads\/2025\/10\/493783752_1226725762796146_1611205233673904873_n-300x226.jpg 300w, https:\/\/senjoro.lt\/wp-content\/uploads\/2025\/10\/493783752_1226725762796146_1611205233673904873_n-768x578.jpg 768w, https:\/\/senjoro.lt\/wp-content\/uploads\/2025\/10\/493783752_1226725762796146_1611205233673904873_n-1536x1156.jpg 1536w, https:\/\/senjoro.lt\/wp-content\/uploads\/2025\/10\/493783752_1226725762796146_1611205233673904873_n-600x452.jpg 600w, https:\/\/senjoro.lt\/wp-content\/uploads\/2025\/10\/493783752_1226725762796146_1611205233673904873_n.jpg 1600w\" sizes=\"(max-width: 740px) 100vw, 740px\" \/>\t\t\t\t\t\t\t\t<\/a>\n\t\t\t\t\t\t\t\t\t\t\t\t\t\t\t<\/div>\n\t\t\t\t<\/div>\n\t\t<div class=\"elementor-element elementor-element-004b056 e-con-full e-flex e-con e-child\" data-id=\"004b056\" data-element_type=\"container\" data-settings=\"{&quot;background_background&quot;:&quot;classic&quot;}\">\n\t\t\t\t<div class=\"elementor-element elementor-element-95b2cfb elementor-widget elementor-widget-heading\" data-id=\"95b2cfb\" data-element_type=\"widget\" data-widget_type=\"heading.default\">\n\t\t\t\t<div class=\"elementor-widget-container\">\n\t\t\t\t\t<h2 class=\"elementor-heading-title elementor-size-default\"><a href=\"\/en\/senjorai-eina-i-pasimatyma\/\">Speed \u200b\u200bdating \u2013 elderly go on an adventure<\/a><\/h2>\t\t\t\t<\/div>\n\t\t\t\t<\/div>\n\t\t\t\t<div class=\"elementor-element elementor-element-76860f7 elementor-widget elementor-widget-text-editor\" data-id=\"76860f7\" data-element_type=\"widget\" data-widget_type=\"text-editor.default\">\n\t\t\t\t<div class=\"elementor-widget-container\">\n\t\t\t\t\t\t\t\t\t<p><span style=\"font-weight: 400;\">For the third year in a row, we are inviting the elderly to speed dating events to build new, meaningful friendships and embark on <\/span><span style=\"font-weight: 400;\">an adventure \u2013 a meeting that can brighten the day.<\/span><\/p>\t\t\t\t\t\t\t\t<\/div>\n\t\t\t\t<\/div>\n\t\t\t\t<div class=\"elementor-element elementor-element-7bd873c elementor-view-stacked elementor-widget__width-initial elementor-shape-circle elementor-widget elementor-widget-icon\" data-id=\"7bd873c\" data-element_type=\"widget\" data-widget_type=\"icon.default\">\n\t\t\t\t<div class=\"elementor-widget-container\">\n\t\t\t\t\t\t\t<div class=\"elementor-icon-wrapper\">\n\t\t\t<a class=\"elementor-icon\" href=\"\/en\/senjorai-eina-i-pasimatyma\/\">\n\t\t\t<svg aria-hidden=\"true\" class=\"e-font-icon-svg e-fas-arrow-down\" viewbox=\"0 0 448 512\" xmlns=\"http:\/\/www.w3.org\/2000\/svg\"><path d=\"M413.1 222.5l22.2 22.2c9.4 9.4 9.4 24.6 0 33.9L241 473c-9.4 9.4-24.6 9.4-33.9 0L12.7 278.6c-9.4-9.4-9.4-24.6 0-33.9l22.2-22.2c9.5-9.5 25-9.3 34.3.4L184 343.4V56c0-13.3 10.7-24 24-24h32c13.3 0 24 10.7 24 24v287.4l114.8-120.5c9.3-9.8 24.8-10 34.3-.4z\"><\/path><\/svg>\t\t\t<\/a>\n\t\t<\/div>\n\t\t\t\t\t\t<\/div>\n\t\t\t\t<\/div>\n\t\t\t\t<\/div>\n\t\t\t\t\t<\/div>\n\t\t\t\t<\/div>\n\t\t<div class=\"elementor-element elementor-element-5a911f1 e-flex e-con-boxed e-con e-child\" data-id=\"5a911f1\" data-element_type=\"container\">\n\t\t\t\t\t<div class=\"e-con-inner\">\n\t\t\t\t<div class=\"elementor-element elementor-element-4392275 elementor-widget elementor-widget-image\" data-id=\"4392275\" data-element_type=\"widget\" data-widget_type=\"image.default\">\n\t\t\t\t<div class=\"elementor-widget-container\">\n\t\t\t\t\t\t\t\t\t\t\t\t\t\t\t\t<a href=\"\/en\/kaledinis-senjoru-pastas\/\">\n\t\t\t\t\t\t\t<img decoding=\"async\" width=\"740\" height=\"557\" src=\"https:\/\/senjoro.lt\/wp-content\/uploads\/2025\/10\/1-1024x771.jpg\" class=\"attachment-large size-large wp-image-5382\" alt=\"\" srcset=\"https:\/\/senjoro.lt\/wp-content\/uploads\/2025\/10\/1-1024x771.jpg 1024w, https:\/\/senjoro.lt\/wp-content\/uploads\/2025\/10\/1-300x226.jpg 300w, https:\/\/senjoro.lt\/wp-content\/uploads\/2025\/10\/1-768x578.jpg 768w, https:\/\/senjoro.lt\/wp-content\/uploads\/2025\/10\/1-1536x1157.jpg 1536w, https:\/\/senjoro.lt\/wp-content\/uploads\/2025\/10\/1-600x452.jpg 600w, https:\/\/senjoro.lt\/wp-content\/uploads\/2025\/10\/1.jpg 2040w\" sizes=\"(max-width: 740px) 100vw, 740px\" \/>\t\t\t\t\t\t\t\t<\/a>\n\t\t\t\t\t\t\t\t\t\t\t\t\t\t\t<\/div>\n\t\t\t\t<\/div>\n\t\t<div class=\"elementor-element elementor-element-909de13 e-con-full e-flex e-con e-child\" data-id=\"909de13\" data-element_type=\"container\" data-settings=\"{&quot;background_background&quot;:&quot;classic&quot;}\">\n\t\t\t\t<div class=\"elementor-element elementor-element-cfa2a9c elementor-widget elementor-widget-heading\" data-id=\"cfa2a9c\" data-element_type=\"widget\" data-widget_type=\"heading.default\">\n\t\t\t\t<div class=\"elementor-widget-container\">\n\t\t\t\t\t<h2 class=\"elementor-heading-title elementor-size-default\"><a href=\"\/en\/kaledinis-senjoru-pastas\/\">Christmas mail \u2013 messages that warm up the heart<\/a><\/h2>\t\t\t\t<\/div>\n\t\t\t\t<\/div>\n\t\t\t\t<div class=\"elementor-element elementor-element-ecefdb6 elementor-widget elementor-widget-text-editor\" data-id=\"ecefdb6\" data-element_type=\"widget\" data-widget_type=\"text-editor.default\">\n\t\t\t\t<div class=\"elementor-widget-container\">\n\t\t\t\t\t\t\t\t\t<p><span style=\"font-weight: 400;\">For the fifth year in a row, we invite people across Lithuania to write Christmas letters, greetings, and<\/span><span style=\"font-weight: 400;\"> wishes<\/span><span style=\"font-weight: 400;\"> to brighten the holidays for lonely elderly people.<\/span><\/p>\t\t\t\t\t\t\t\t<\/div>\n\t\t\t\t<\/div>\n\t\t\t\t<div class=\"elementor-element elementor-element-b3cdeb2 elementor-view-stacked elementor-widget__width-initial elementor-shape-circle elementor-widget elementor-widget-icon\" data-id=\"b3cdeb2\" data-element_type=\"widget\" data-widget_type=\"icon.default\">\n\t\t\t\t<div class=\"elementor-widget-container\">\n\t\t\t\t\t\t\t<div class=\"elementor-icon-wrapper\">\n\t\t\t<a class=\"elementor-icon\" href=\"\/en\/kaledinis-senjoru-pastas\/\">\n\t\t\t<svg aria-hidden=\"true\" class=\"e-font-icon-svg e-fas-arrow-down\" viewbox=\"0 0 448 512\" xmlns=\"http:\/\/www.w3.org\/2000\/svg\"><path d=\"M413.1 222.5l22.2 22.2c9.4 9.4 9.4 24.6 0 33.9L241 473c-9.4 9.4-24.6 9.4-33.9 0L12.7 278.6c-9.4-9.4-9.4-24.6 0-33.9l22.2-22.2c9.5-9.5 25-9.3 34.3.4L184 343.4V56c0-13.3 10.7-24 24-24h32c13.3 0 24 10.7 24 24v287.4l114.8-120.5c9.3-9.8 24.8-10 34.3-.4z\"><\/path><\/svg>\t\t\t<\/a>\n\t\t<\/div>\n\t\t\t\t\t\t<\/div>\n\t\t\t\t<\/div>\n\t\t\t\t<\/div>\n\t\t\t\t\t<\/div>\n\t\t\t\t<\/div>\n\t\t\t\t<\/div>\n\t\t<div class=\"elementor-element elementor-element-d54603c e-grid e-con-full e-con e-parent\" data-id=\"d54603c\" data-element_type=\"container\">\n\t\t<div class=\"elementor-element elementor-element-70b87f2 e-flex e-con-boxed e-con e-child\" data-id=\"70b87f2\" data-element_type=\"container\">\n\t\t\t\t\t<div class=\"e-con-inner\">\n\t\t\t\t<div class=\"elementor-element elementor-element-6b41179 elementor-widget elementor-widget-image\" data-id=\"6b41179\" data-element_type=\"widget\" data-widget_type=\"image.default\">\n\t\t\t\t<div class=\"elementor-widget-container\">\n\t\t\t\t\t\t\t\t\t\t\t\t\t\t\t\t<a href=\"\/en\/senjoru-vasaros-fiesta\/\">\n\t\t\t\t\t\t\t<img decoding=\"async\" width=\"740\" height=\"494\" src=\"https:\/\/senjoro.lt\/wp-content\/uploads\/2025\/10\/Copy-of-MK-250619-EVENT-4000x4000-27-1024x683.jpg\" class=\"attachment-large size-large wp-image-5383\" alt=\"\" srcset=\"https:\/\/senjoro.lt\/wp-content\/uploads\/2025\/10\/Copy-of-MK-250619-EVENT-4000x4000-27-1024x683.jpg 1024w, https:\/\/senjoro.lt\/wp-content\/uploads\/2025\/10\/Copy-of-MK-250619-EVENT-4000x4000-27-300x200.jpg 300w, https:\/\/senjoro.lt\/wp-content\/uploads\/2025\/10\/Copy-of-MK-250619-EVENT-4000x4000-27-768x512.jpg 768w, https:\/\/senjoro.lt\/wp-content\/uploads\/2025\/10\/Copy-of-MK-250619-EVENT-4000x4000-27-1536x1024.jpg 1536w, https:\/\/senjoro.lt\/wp-content\/uploads\/2025\/10\/Copy-of-MK-250619-EVENT-4000x4000-27-2048x1366.jpg 2048w, https:\/\/senjoro.lt\/wp-content\/uploads\/2025\/10\/Copy-of-MK-250619-EVENT-4000x4000-27-600x400.jpg 600w\" sizes=\"(max-width: 740px) 100vw, 740px\" \/>\t\t\t\t\t\t\t\t<\/a>\n\t\t\t\t\t\t\t\t\t\t\t\t\t\t\t<\/div>\n\t\t\t\t<\/div>\n\t\t<div class=\"elementor-element elementor-element-761bb8d e-con-full e-flex e-con e-child\" data-id=\"761bb8d\" data-element_type=\"container\" data-settings=\"{&quot;background_background&quot;:&quot;classic&quot;}\">\n\t\t\t\t<div class=\"elementor-element elementor-element-aa1d8f6 elementor-widget elementor-widget-heading\" data-id=\"aa1d8f6\" data-element_type=\"widget\" data-widget_type=\"heading.default\">\n\t\t\t\t<div class=\"elementor-widget-container\">\n\t\t\t\t\t<h2 class=\"elementor-heading-title elementor-size-default\"><a href=\"\/en\/senjoru-vasaros-fiesta\/\">Summer festival in Marijampol\u0117 \u2013 when age has no limits<\/a><\/h2>\t\t\t\t<\/div>\n\t\t\t\t<\/div>\n\t\t\t\t<div class=\"elementor-element elementor-element-f2007c5 elementor-widget elementor-widget-text-editor\" data-id=\"f2007c5\" data-element_type=\"widget\" data-widget_type=\"text-editor.default\">\n\t\t\t\t<div class=\"elementor-widget-container\">\n\t\t\t\t\t\t\t\t\t<p><span style=\"font-weight: 400;\">An annual festival organized by SENJORO in Marijampol\u0117, inviting elderly people from all over Lithuania to celebrate the silver age and boldly try new things. <\/span><\/p>\t\t\t\t\t\t\t\t<\/div>\n\t\t\t\t<\/div>\n\t\t\t\t<div class=\"elementor-element elementor-element-ac1d1be elementor-view-stacked elementor-widget__width-initial elementor-shape-circle elementor-widget elementor-widget-icon\" data-id=\"ac1d1be\" data-element_type=\"widget\" data-widget_type=\"icon.default\">\n\t\t\t\t<div class=\"elementor-widget-container\">\n\t\t\t\t\t\t\t<div class=\"elementor-icon-wrapper\">\n\t\t\t<a class=\"elementor-icon\" href=\"\/en\/senjoru-vasaros-fiesta\/\">\n\t\t\t<svg aria-hidden=\"true\" class=\"e-font-icon-svg e-fas-arrow-down\" viewbox=\"0 0 448 512\" xmlns=\"http:\/\/www.w3.org\/2000\/svg\"><path d=\"M413.1 222.5l22.2 22.2c9.4 9.4 9.4 24.6 0 33.9L241 473c-9.4 9.4-24.6 9.4-33.9 0L12.7 278.6c-9.4-9.4-9.4-24.6 0-33.9l22.2-22.2c9.5-9.5 25-9.3 34.3.4L184 343.4V56c0-13.3 10.7-24 24-24h32c13.3 0 24 10.7 24 24v287.4l114.8-120.5c9.3-9.8 24.8-10 34.3-.4z\"><\/path><\/svg>\t\t\t<\/a>\n\t\t<\/div>\n\t\t\t\t\t\t<\/div>\n\t\t\t\t<\/div>\n\t\t\t\t<\/div>\n\t\t\t\t\t<\/div>\n\t\t\t\t<\/div>\n\t\t<div class=\"elementor-element elementor-element-0993aea e-flex e-con-boxed e-con e-child\" data-id=\"0993aea\" data-element_type=\"container\">\n\t\t\t\t\t<div class=\"e-con-inner\">\n\t\t\t\t<div class=\"elementor-element elementor-element-a438d00 elementor-widget elementor-widget-image\" data-id=\"a438d00\" data-element_type=\"widget\" data-widget_type=\"image.default\">\n\t\t\t\t<div class=\"elementor-widget-container\">\n\t\t\t\t\t\t\t\t\t\t\t\t\t\t\t\t<a href=\"\/en\/senjoru-piknikai\/\">\n\t\t\t\t\t\t\t<img loading=\"lazy\" decoding=\"async\" width=\"740\" height=\"557\" src=\"https:\/\/senjoro.lt\/wp-content\/uploads\/2025\/10\/viber_image_2024-09-27_09-54-17-585-1024x771.jpg\" class=\"attachment-large size-large wp-image-5384\" alt=\"\" srcset=\"https:\/\/senjoro.lt\/wp-content\/uploads\/2025\/10\/viber_image_2024-09-27_09-54-17-585-1024x771.jpg 1024w, https:\/\/senjoro.lt\/wp-content\/uploads\/2025\/10\/viber_image_2024-09-27_09-54-17-585-300x226.jpg 300w, https:\/\/senjoro.lt\/wp-content\/uploads\/2025\/10\/viber_image_2024-09-27_09-54-17-585-768x578.jpg 768w, https:\/\/senjoro.lt\/wp-content\/uploads\/2025\/10\/viber_image_2024-09-27_09-54-17-585-1536x1157.jpg 1536w, https:\/\/senjoro.lt\/wp-content\/uploads\/2025\/10\/viber_image_2024-09-27_09-54-17-585-600x452.jpg 600w, https:\/\/senjoro.lt\/wp-content\/uploads\/2025\/10\/viber_image_2024-09-27_09-54-17-585.jpg 1600w\" sizes=\"(max-width: 740px) 100vw, 740px\" \/>\t\t\t\t\t\t\t\t<\/a>\n\t\t\t\t\t\t\t\t\t\t\t\t\t\t\t<\/div>\n\t\t\t\t<\/div>\n\t\t<div class=\"elementor-element elementor-element-4775f7d e-con-full e-flex e-con e-child\" data-id=\"4775f7d\" data-element_type=\"container\" data-settings=\"{&quot;background_background&quot;:&quot;classic&quot;}\">\n\t\t\t\t<div class=\"elementor-element elementor-element-982e58f elementor-widget elementor-widget-heading\" data-id=\"982e58f\" data-element_type=\"widget\" data-widget_type=\"heading.default\">\n\t\t\t\t<div class=\"elementor-widget-container\">\n\t\t\t\t\t<h2 class=\"elementor-heading-title elementor-size-default\"><a href=\"\/en\/senjoru-piknikai\/\">Picnics for the elderly \u2013 a celebration under the open sky<\/a><\/h2>\t\t\t\t<\/div>\n\t\t\t\t<\/div>\n\t\t\t\t<div class=\"elementor-element elementor-element-9f68708 elementor-widget elementor-widget-text-editor\" data-id=\"9f68708\" data-element_type=\"widget\" data-widget_type=\"text-editor.default\">\n\t\t\t\t<div class=\"elementor-widget-container\">\n\t\t\t\t\t\t\t\t\t<p><span style=\"font-weight: 400;\">For the third year in a row, we have been organizing cozy outdoor picnics in major Lithuanian cities, where elderly people are not just spectators but creators and active participants.<\/span><\/p>\t\t\t\t\t\t\t\t<\/div>\n\t\t\t\t<\/div>\n\t\t\t\t<div class=\"elementor-element elementor-element-e46f67c elementor-view-stacked elementor-widget__width-initial elementor-shape-circle elementor-widget elementor-widget-icon\" data-id=\"e46f67c\" data-element_type=\"widget\" data-widget_type=\"icon.default\">\n\t\t\t\t<div class=\"elementor-widget-container\">\n\t\t\t\t\t\t\t<div class=\"elementor-icon-wrapper\">\n\t\t\t<a class=\"elementor-icon\" href=\"\/en\/senjoru-piknikai\/\">\n\t\t\t<svg aria-hidden=\"true\" class=\"e-font-icon-svg e-fas-arrow-down\" viewbox=\"0 0 448 512\" xmlns=\"http:\/\/www.w3.org\/2000\/svg\"><path d=\"M413.1 222.5l22.2 22.2c9.4 9.4 9.4 24.6 0 33.9L241 473c-9.4 9.4-24.6 9.4-33.9 0L12.7 278.6c-9.4-9.4-9.4-24.6 0-33.9l22.2-22.2c9.5-9.5 25-9.3 34.3.4L184 343.4V56c0-13.3 10.7-24 24-24h32c13.3 0 24 10.7 24 24v287.4l114.8-120.5c9.3-9.8 24.8-10 34.3-.4z\"><\/path><\/svg>\t\t\t<\/a>\n\t\t<\/div>\n\t\t\t\t\t\t<\/div>\n\t\t\t\t<\/div>\n\t\t\t\t<\/div>\n\t\t\t\t\t<\/div>\n\t\t\t\t<\/div>\n\t\t\t\t<\/div>\n\t\t\t\t<\/div>","protected":false},"excerpt":{"rendered":"<p>SENJORO iniciatyvos Mes tikime, kad pozityvi senatv\u0117 kuriama ne tik teikiant pagalb\u0105, bet ir kuriant pokyt\u012f visuomen\u0117je.\u00a0 Tod\u0117l SENJORO organizuoja \u012fvairias iniciatyvas, akcijas ir renginius, kurie skatina bendryst\u0119, aktyvum\u0105 bei kei\u010dia po\u017ei\u016br\u012f \u012f senatv\u0119 ir vyresnio am\u017eiaus \u017emones. Kvie\u010diame susipa\u017einti su m\u016bs\u0173 iniciatyvomis, kurios buria \u017emones ir padeda kurti \u0161iltesn\u0119, draugi\u0161kesn\u0119 visuomen\u0119 senjorams. SENJORO iniciatyvos<\/p>","protected":false},"author":1,"featured_media":0,"parent":0,"menu_order":0,"comment_status":"closed","ping_status":"closed","template":"elementor_header_footer","meta":{"inline_featured_image":false,"footnotes":""},"class_list":["post-4258","page","type-page","status-publish","hentry"],"_links":{"self":[{"href":"https:\/\/senjoro.lt\/en\/wp-json\/wp\/v2\/pages\/4258","targetHints":{"allow":["GET"]}}],"collection":[{"href":"https:\/\/senjoro.lt\/en\/wp-json\/wp\/v2\/pages"}],"about":[{"href":"https:\/\/senjoro.lt\/en\/wp-json\/wp\/v2\/types\/page"}],"author":[{"embeddable":true,"href":"https:\/\/senjoro.lt\/en\/wp-json\/wp\/v2\/users\/1"}],"replies":[{"embeddable":true,"href":"https:\/\/senjoro.lt\/en\/wp-json\/wp\/v2\/comments?post=4258"}],"version-history":[{"count":133,"href":"https:\/\/senjoro.lt\/en\/wp-json\/wp\/v2\/pages\/4258\/revisions"}],"predecessor-version":[{"id":8106,"href":"https:\/\/senjoro.lt\/en\/wp-json\/wp\/v2\/pages\/4258\/revisions\/8106"}],"wp:attachment":[{"href":"https:\/\/senjoro.lt\/en\/wp-json\/wp\/v2\/media?parent=4258"}],"curies":[{"name":"wp","href":"https:\/\/api.w.org\/{rel}","templated":true}]}}